{"id":21527,"date":"2025-03-11T16:42:38","date_gmt":"2025-03-11T16:42:38","guid":{"rendered":"https:\/\/taktol.de\/?post_type=product&#038;p=21527"},"modified":"2025-03-12T14:17:38","modified_gmt":"2025-03-12T14:17:38","slug":"taktol-ultra-psf-synth-0w-30","status":"publish","type":"product","link":"https:\/\/taktol.de\/pl\/product\/taktol-ultra-psf-synth-0w-30\/","title":{"rendered":"Taktol Ultra PSF-Synth 0W-30"},"content":{"rendered":"<p><strong>Taktol Ultra PSF-Synth 0W-30<\/strong> to syntetyczny, niskopopio\u0142owy olej silnikowy przeznaczony do stosowania w samochodach z silnikami benzynowymi i wysokopr\u0119\u017cnymi. Taktol Ultra PSF-Synth 0W-30 zapewnia wymierne oszcz\u0119dno\u015bci paliwa i redukcj\u0119 emisji dzi\u0119ki zmniejszonej lepko\u015bci HTHS, opracowanej specjalnie dla silnik\u00f3w wysokopr\u0119\u017cnych z filtrami cz\u0105stek sta\u0142ych. Nadaje si\u0119 do silnik\u00f3w benzynowych i wysokopr\u0119\u017cnych w samochodach osobowych i dostawczych z turbospr\u0119\u017carkami i bez. Stosowany jest w silnikach najnowszej generacji spe\u0142niaj\u0105cych wymagania norm Euro 4, 5 lub 6, dla kt\u00f3rych wymagane jest stosowanie energooszcz\u0119dnego oleju silnikowego zgodnego z norm\u0105 ACEA C1\/C2.<\/p>\n","protected":false},"excerpt":{"rendered":"<p>Taktol Ultra PSF-Synth 0W-30 to syntetyczny, niskopopio\u0142owy olej silnikowy przeznaczony do stosowania w samochodach z silnikami benzynowymi i wysokopr\u0119\u017cnymi. Taktol<\/p>\n","protected":false},"featured_media":21603,"template":"","meta":[],"product_brand":[],"product_cat":[421,433],"product_tag":[],"class_list":{"0":"post-21527","1":"product","2":"type-product","3":"status-publish","4":"has-post-thumbnail","6":"product_cat-olej-silnikowy","7":"product_cat-ultra-linia","8":"pa_acea-acea-c1","9":"pa_acea-acea-c2","10":"pa_application-samochod-osobowy","11":"pa_ilsac-jaso-dl-1","12":"pa_specifications-fiat-9-55535-ds1","13":"pa_specifications-fiat-9-55535-gs1","14":"pa_specifications-jlr-stjlr-03-5007","15":"pa_specifications-psa-b71-2312","16":"pa_viscosity-sae-0w-30","18":"first","19":"onbackorder","20":"shipping-taxable","21":"purchasable","22":"product-type-variable"},"_links":{"self":[{"href":"https:\/\/taktol.de\/pl\/wp-json\/wp\/v2\/product\/21527","targetHints":{"allow":["GET"]}}],"collection":[{"href":"https:\/\/taktol.de\/pl\/wp-json\/wp\/v2\/product"}],"about":[{"href":"https:\/\/taktol.de\/pl\/wp-json\/wp\/v2\/types\/product"}],"version-history":[{"count":2,"href":"https:\/\/taktol.de\/pl\/wp-json\/wp\/v2\/product\/21527\/revisions"}],"predecessor-version":[{"id":21618,"href":"https:\/\/taktol.de\/pl\/wp-json\/wp\/v2\/product\/21527\/revisions\/21618"}],"wp:featuredmedia":[{"embeddable":true,"href":"https:\/\/taktol.de\/pl\/wp-json\/wp\/v2\/media\/21603"}],"wp:attachment":[{"href":"https:\/\/taktol.de\/pl\/wp-json\/wp\/v2\/media?parent=21527"}],"wp:term":[{"taxonomy":"product_brand","embeddable":true,"href":"https:\/\/taktol.de\/pl\/wp-json\/wp\/v2\/product_brand?post=21527"},{"taxonomy":"product_cat","embeddable":true,"href":"https:\/\/taktol.de\/pl\/wp-json\/wp\/v2\/product_cat?post=21527"},{"taxonomy":"product_tag","embeddable":true,"href":"https:\/\/taktol.de\/pl\/wp-json\/wp\/v2\/product_tag?post=21527"}],"curies":[{"name":"wp","href":"https:\/\/api.w.org\/{rel}","templated":true}]}}