{"id":21431,"date":"2025-03-11T10:38:34","date_gmt":"2025-03-11T10:38:34","guid":{"rendered":"https:\/\/taktol.de\/?post_type=product&#038;p=21431"},"modified":"2025-03-11T16:24:48","modified_gmt":"2025-03-11T16:24:48","slug":"taktol-expert-lsr-5w-30","status":"publish","type":"product","link":"https:\/\/taktol.de\/pl\/product\/taktol-expert-lsr-5w-30\/","title":{"rendered":"Taktol Expert LSR 5W-30"},"content":{"rendered":"<p><strong>Taktol Expert LSR 5W-30 <\/strong>to najwy\u017cszej jako\u015bci olej przeznaczony do stosowania w najnowszych silnikach wysokopr\u0119\u017cnych samochod\u00f3w osobowych z filtrami cz\u0105stek sta\u0142ych (DPF), gdzie wymagana jest specyfikacja Renault i Nissan RN 0720 oraz specyfikacja Mercedes-Benz MB 226.51. Taktol Expert LSR 5W-30 mo\u017ce by\u0107 stosowany we wszystkich pojazdach ze specyfikacj\u0105 oleju silnikowego ACEA C4.<\/p>\n","protected":false},"excerpt":{"rendered":"<p>Taktol Expert LSR 5W-30 to najwy\u017cszej jako\u015bci olej przeznaczony do stosowania w najnowszych silnikach wysokopr\u0119\u017cnych samochod\u00f3w osobowych z filtrami cz\u0105stek<\/p>\n","protected":false},"featured_media":21603,"template":"","meta":[],"product_brand":[],"product_cat":[424,421],"product_tag":[],"class_list":{"0":"post-21431","1":"product","2":"type-product","3":"status-publish","4":"has-post-thumbnail","6":"product_cat-expert-linia","7":"product_cat-olej-silnikowy","8":"pa_acea-acea-c4","9":"pa_application-samochod-osobowy","10":"pa_specifications-fiat-9-55535-s4","11":"pa_specifications-mb-226-51","12":"pa_specifications-renault-rn0720","13":"pa_viscosity-sae-5w-30","15":"first","16":"onbackorder","17":"shipping-taxable","18":"purchasable","19":"product-type-variable"},"_links":{"self":[{"href":"https:\/\/taktol.de\/pl\/wp-json\/wp\/v2\/product\/21431","targetHints":{"allow":["GET"]}}],"collection":[{"href":"https:\/\/taktol.de\/pl\/wp-json\/wp\/v2\/product"}],"about":[{"href":"https:\/\/taktol.de\/pl\/wp-json\/wp\/v2\/types\/product"}],"version-history":[{"count":3,"href":"https:\/\/taktol.de\/pl\/wp-json\/wp\/v2\/product\/21431\/revisions"}],"predecessor-version":[{"id":21500,"href":"https:\/\/taktol.de\/pl\/wp-json\/wp\/v2\/product\/21431\/revisions\/21500"}],"wp:featuredmedia":[{"embeddable":true,"href":"https:\/\/taktol.de\/pl\/wp-json\/wp\/v2\/media\/21603"}],"wp:attachment":[{"href":"https:\/\/taktol.de\/pl\/wp-json\/wp\/v2\/media?parent=21431"}],"wp:term":[{"taxonomy":"product_brand","embeddable":true,"href":"https:\/\/taktol.de\/pl\/wp-json\/wp\/v2\/product_brand?post=21431"},{"taxonomy":"product_cat","embeddable":true,"href":"https:\/\/taktol.de\/pl\/wp-json\/wp\/v2\/product_cat?post=21431"},{"taxonomy":"product_tag","embeddable":true,"href":"https:\/\/taktol.de\/pl\/wp-json\/wp\/v2\/product_tag?post=21431"}],"curies":[{"name":"wp","href":"https:\/\/api.w.org\/{rel}","templated":true}]}}