{"id":19865,"date":"2021-08-26T16:17:37","date_gmt":"2021-08-26T16:17:37","guid":{"rendered":"https:\/\/taktol.de\/product\/taktol-sm-plus-gear-75w-90\/"},"modified":"2025-03-04T17:06:31","modified_gmt":"2025-03-04T17:06:31","slug":"taktol-sm-plus-gear-75w-90","status":"publish","type":"product","link":"https:\/\/taktol.de\/pl\/product\/taktol-sm-plus-gear-75w-90\/","title":{"rendered":"Taktol SM-Plus Gear 75W-90"},"content":{"rendered":"\t\t<div data-elementor-type=\"wp-post\" data-elementor-id=\"19865\" class=\"elementor elementor-19865 elementor-300\">\n\t\t\t\t<div class=\"wd-negative-gap elementor-element elementor-element-77efb82 e-flex e-con-boxed e-con e-parent\" data-id=\"77efb82\" data-element_type=\"container\" data-e-type=\"container\">\n\t\t\t\t\t<div class=\"e-con-inner\">\n\t\t\t\t<div class=\"elementor-element elementor-element-f0ec461 elementor-widget__width-initial elementor-widget elementor-widget-wd_text_block\" data-id=\"f0ec461\" data-element_type=\"widget\" data-e-type=\"widget\" data-widget_type=\"wd_text_block.default\">\n\t\t\t\t<div class=\"elementor-widget-container\">\n\t\t\t\t\t\t\t<div class=\"wd-text-block reset-last-child text-left\">\n\t\t\t\n\t\t\t<p><strong>Taktol SM-Plus Gear 75W-90<\/strong> jest wysokowydajnym olejem przek\u0142adniowym przeznaczonym do stosowania w wysokoobci\u0105\u017conych przek\u0142adniach hipoidalnych (nap\u0119dach osi, r\u0119cznych skrzyniach bieg\u00f3w itp.), w kt\u00f3rych wymagane s\u0105 wysokoci\u015bnieniowe oleje przek\u0142adniowe.<br \/>Jest to p\u00f3\u0142syntetyczny olej przek\u0142adniowy, kt\u00f3ry mo\u017ce by\u0107 stosowany zw\u0142aszcza w wysoko obci\u0105\u017conych przek\u0142adniach hipoidalnych. Dzi\u0119ki formule opartej na syntetycznych olejach bazowych przewy\u017csza on dzisiejsze wymagania praktyczne.<\/p>\n\t\t\t\t\t<\/div>\n\t\t\t\t\t\t<\/div>\n\t\t\t\t<\/div>\n\t\t\t\t<div class=\"elementor-element elementor-element-e0bdb25 elementor-widget__width-initial elementor-widget elementor-widget-wd_text_block\" data-id=\"e0bdb25\" data-element_type=\"widget\" data-e-type=\"widget\" data-widget_type=\"wd_text_block.default\">\n\t\t\t\t<div class=\"elementor-widget-container\">\n\t\t\t\t\t\t\t<div class=\"wd-text-block reset-last-child text-left\">\n\t\t\t\n\t\t\t<p><b>Poziom wydajno\u015bci:<\/b><\/p><p>API GL-4\/5, MIL-L-2105 D, SAE J2360<\/p><p>DAF LKW, DTFR 12B140 (235.8), IVECO, Renault LKW, SCANIA STO 1:0, VOLVO 97312, VOLVO 97315, ZF TE-ML 17B<\/p>\n\t\t\t\t\t<\/div>\n\t\t\t\t\t\t<\/div>\n\t\t\t\t<\/div>\n\t\t\t\t\t<\/div>\n\t\t\t\t<\/div>\n\t\t\t\t<\/div>\n\t\t","protected":false},"excerpt":{"rendered":"<p>Wysokowydajny olej przek\u0142adniowy do stosowania w maksymalnie obci\u0105\u017conych hipoidalnych przek\u0142adniach z\u0119batych (nap\u0119dach osi, r\u0119cznych skrzyniach bieg\u00f3w itp.), gdzie wymagane s\u0105 wysokoci\u015bnieniowe oleje przek\u0142adniowe.<\/p>\n","protected":false},"featured_media":17808,"template":"","meta":[],"product_brand":[1615,1622,1635],"product_cat":[438],"product_tag":[],"class_list":{"0":"post-19865","1":"product","2":"type-product","3":"status-publish","4":"has-post-thumbnail","6":"product_brand-mercedes-benz","7":"product_brand-renault","8":"product_brand-volvo","9":"product_cat-olej-przekladniowy","10":"pa_api-api-gl-4-gl-5","11":"pa_gear-oil-specifications-dtfr-12b140","12":"pa_gear-oil-specifications-mb-235-8","13":"pa_gear-oil-specifications-mil-l-2105-d","14":"pa_gear-oil-specifications-renault-lkw","15":"pa_gear-oil-specifications-scania-sto-10","16":"pa_gear-oil-specifications-volvo-97312","17":"pa_gear-oil-specifications-volvo-97315","18":"pa_gear-oil-specifications-zf-te-ml-17b","19":"pa_viscosity-sae-75w-90","21":"first","22":"onbackorder","23":"shipping-taxable","24":"purchasable","25":"product-type-variable"},"_links":{"self":[{"href":"https:\/\/taktol.de\/pl\/wp-json\/wp\/v2\/product\/19865","targetHints":{"allow":["GET"]}}],"collection":[{"href":"https:\/\/taktol.de\/pl\/wp-json\/wp\/v2\/product"}],"about":[{"href":"https:\/\/taktol.de\/pl\/wp-json\/wp\/v2\/types\/product"}],"version-history":[{"count":1,"href":"https:\/\/taktol.de\/pl\/wp-json\/wp\/v2\/product\/19865\/revisions"}],"predecessor-version":[{"id":21410,"href":"https:\/\/taktol.de\/pl\/wp-json\/wp\/v2\/product\/19865\/revisions\/21410"}],"wp:featuredmedia":[{"embeddable":true,"href":"https:\/\/taktol.de\/pl\/wp-json\/wp\/v2\/media\/17808"}],"wp:attachment":[{"href":"https:\/\/taktol.de\/pl\/wp-json\/wp\/v2\/media?parent=19865"}],"wp:term":[{"taxonomy":"product_brand","embeddable":true,"href":"https:\/\/taktol.de\/pl\/wp-json\/wp\/v2\/product_brand?post=19865"},{"taxonomy":"product_cat","embeddable":true,"href":"https:\/\/taktol.de\/pl\/wp-json\/wp\/v2\/product_cat?post=19865"},{"taxonomy":"product_tag","embeddable":true,"href":"https:\/\/taktol.de\/pl\/wp-json\/wp\/v2\/product_tag?post=19865"}],"curies":[{"name":"wp","href":"https:\/\/api.w.org\/{rel}","templated":true}]}}