{"id":19846,"date":"2021-08-26T16:22:24","date_gmt":"2021-08-26T16:22:24","guid":{"rendered":"https:\/\/taktol.de\/product\/taktol-bs-fluid-st-dot-4\/"},"modified":"2025-03-04T17:01:35","modified_gmt":"2025-03-04T17:01:35","slug":"taktol-bs-fluid-st-dot-4","status":"publish","type":"product","link":"https:\/\/taktol.de\/pl\/product\/taktol-bs-fluid-st-dot-4\/","title":{"rendered":"Taktol BS Fluid ST DOT-4"},"content":{"rendered":"\t\t<div data-elementor-type=\"wp-post\" data-elementor-id=\"19846\" class=\"elementor elementor-19846 elementor-312\">\n\t\t\t\t<div class=\"wd-negative-gap elementor-element elementor-element-c39a32c e-flex e-con-boxed e-con e-parent\" data-id=\"c39a32c\" data-element_type=\"container\" data-e-type=\"container\">\n\t\t\t\t\t<div class=\"e-con-inner\">\n\t\t<div class=\"elementor-element elementor-element-596851b e-con-full e-flex e-con e-child\" data-id=\"596851b\" data-element_type=\"container\" data-e-type=\"container\">\n\t\t\t\t<div class=\"elementor-element elementor-element-766a339 elementor-widget elementor-widget-wd_text_block\" data-id=\"766a339\" data-element_type=\"widget\" data-e-type=\"widget\" data-widget_type=\"wd_text_block.default\">\n\t\t\t\t<div class=\"elementor-widget-container\">\n\t\t\t\t\t\t\t<div class=\"wd-text-block reset-last-child text-left\">\n\t\t\t\n\t\t\t<p>Polecamy<strong> Taktol BS Fluid ST DOT 4<\/strong> - p\u0142yn hamulcowy do pojazd\u00f3w z hamulcami tarczowymi z przodu i hamulcami b\u0119bnowymi z ty\u0142u.<\/p><p><strong>Taktol BS Fluid ST DOT 4<\/strong> idealnie nadaje si\u0119 r\u00f3wnie\u017c do pojazd\u00f3w z hamulcami tarczowymi dooko\u0142a, a tak\u017ce tych wyposa\u017conych w ABS i zapewnia dzia\u0142anie hamulc\u00f3w w temperaturach otoczenia od -50\u02daC do +50\u02daC.<\/p><p><strong>Specyfikacja<\/strong>: DBL 7760 Typ DOT4; Ford SAM 6C9103 A; GM GME L5 104; RENAULT 41-02-001; VW 501 14; VW TL 776-X\/Y<\/p>\n\t\t\t\t\t<\/div>\n\t\t\t\t\t\t<\/div>\n\t\t\t\t<\/div>\n\t\t\t\t<\/div>\n\t\t<div class=\"elementor-element elementor-element-2659e57 e-con-full e-flex e-con e-child\" data-id=\"2659e57\" data-element_type=\"container\" data-e-type=\"container\">\n\t\t\t\t<div class=\"elementor-element elementor-element-732cf03 elementor-widget elementor-widget-wd_text_block\" data-id=\"732cf03\" data-element_type=\"widget\" data-e-type=\"widget\" data-widget_type=\"wd_text_block.default\">\n\t\t\t\t<div class=\"elementor-widget-container\">\n\t\t\t\t\t\t\t<div class=\"wd-text-block reset-last-child text-left\">\n\t\t\t\n\t\t\t<table class=\"table is-striped attributes-table\" style=\"height: 181px;\" width=\"421\" data-v-3599abbd=\"\" data-v-1288cd64=\"\"><tbody data-v-3599abbd=\"\"><tr data-v-3599abbd=\"\"><td class=\"is-hidden-touch word-wrap\" data-v-3599abbd=\"\"><span data-v-3599abbd=\"\">Temperatura wrzenia\u00a0(ERBP)<\/span><\/td><td class=\"word-wrap\" colspan=\"1\" data-v-3599abbd=\"\"><span data-v-3599abbd=\"\">233 \u00b0C<\/span><\/td><\/tr><tr data-v-3599abbd=\"\"><td class=\"is-hidden-touch word-wrap\" data-v-3599abbd=\"\">Specyfikacja DOT<\/td><td class=\"word-wrap\" colspan=\"1\" data-v-3599abbd=\"\"><span data-v-3599abbd=\"\">DOT 4<\/span><\/td><\/tr><tr data-v-3599abbd=\"\"><td class=\"is-hidden-touch word-wrap\" data-v-3599abbd=\"\"><span data-v-3599abbd=\"\">Obj\u0119to\u015b\u0107<\/span><\/td><td class=\"word-wrap\" colspan=\"1\" data-v-3599abbd=\"\"><span data-v-3599abbd=\"\">1 l<\/span><\/td><\/tr><tr data-v-3599abbd=\"\"><td class=\"is-hidden-touch word-wrap\" data-v-3599abbd=\"\"><span data-v-3599abbd=\"\">Temperatura wrzenia na mokro (Wet ERBP)<\/span><\/td><td class=\"word-wrap\" colspan=\"1\" data-v-3599abbd=\"\"><span data-v-3599abbd=\"\">156 \u00b0C<\/span><\/td><\/tr><\/tbody><\/table>\n\t\t\t\t\t<\/div>\n\t\t\t\t\t\t<\/div>\n\t\t\t\t<\/div>\n\t\t\t\t<\/div>\n\t\t\t\t\t<\/div>\n\t\t\t\t<\/div>\n\t\t\t\t<\/div>\n\t\t","protected":false},"excerpt":{"rendered":"<p>P\u0142yn hamulcowy Taktol jest wa\u017cnym, krytycznym dla bezpiecze\u0144stwa elementem uk\u0142adu hamulcowego pojazdu. W pe\u0142ni syntetyczne p\u0142yny hamulcowe DOT 4, DOT 4 LV (o niskiej lepko\u015bci), DOT 4 Plus marki Taktol s\u0105 oparte na glikolach i zawieraj\u0105 inhibitory utleniania i korozji, charakteryzuj\u0105 si\u0119 doskona\u0142ymi w\u0142a\u015bciwo\u015bciami temperatury wrzenia na sucho i na mokro.<\/p>\n","protected":false},"featured_media":17862,"template":"","meta":[],"product_brand":[],"product_cat":[409],"product_tag":[],"class_list":{"0":"post-19846","1":"product","2":"type-product","3":"status-publish","4":"has-post-thumbnail","6":"product_cat-plyn-hamulcowy","7":"pa_application-ciezarowki-i-autobusy","8":"pa_application-samochod-osobowy","9":"pa_fluid-specifications-dot-4-fluid","10":"pa_fluid-specifications-fmvss-no-116","11":"pa_fluid-specifications-ford-sam-6c9103-a","12":"pa_fluid-specifications-gm-gme-l5-104","13":"pa_fluid-specifications-iso-4925","14":"pa_fluid-specifications-renault-41-02-001","15":"pa_fluid-specifications-vw-501-14","16":"pa_viscosity-sae-sae-j1703","18":"first","19":"onbackorder","20":"shipping-taxable","21":"purchasable","22":"product-type-variable"},"_links":{"self":[{"href":"https:\/\/taktol.de\/pl\/wp-json\/wp\/v2\/product\/19846","targetHints":{"allow":["GET"]}}],"collection":[{"href":"https:\/\/taktol.de\/pl\/wp-json\/wp\/v2\/product"}],"about":[{"href":"https:\/\/taktol.de\/pl\/wp-json\/wp\/v2\/types\/product"}],"version-history":[{"count":1,"href":"https:\/\/taktol.de\/pl\/wp-json\/wp\/v2\/product\/19846\/revisions"}],"predecessor-version":[{"id":21405,"href":"https:\/\/taktol.de\/pl\/wp-json\/wp\/v2\/product\/19846\/revisions\/21405"}],"wp:featuredmedia":[{"embeddable":true,"href":"https:\/\/taktol.de\/pl\/wp-json\/wp\/v2\/media\/17862"}],"wp:attachment":[{"href":"https:\/\/taktol.de\/pl\/wp-json\/wp\/v2\/media?parent=19846"}],"wp:term":[{"taxonomy":"product_brand","embeddable":true,"href":"https:\/\/taktol.de\/pl\/wp-json\/wp\/v2\/product_brand?post=19846"},{"taxonomy":"product_cat","embeddable":true,"href":"https:\/\/taktol.de\/pl\/wp-json\/wp\/v2\/product_cat?post=19846"},{"taxonomy":"product_tag","embeddable":true,"href":"https:\/\/taktol.de\/pl\/wp-json\/wp\/v2\/product_tag?post=19846"}],"curies":[{"name":"wp","href":"https:\/\/api.w.org\/{rel}","templated":true}]}}