{"id":19816,"date":"2021-08-27T11:34:33","date_gmt":"2021-08-27T11:34:33","guid":{"rendered":"https:\/\/taktol.de\/product\/taktol-atf-m-9g\/"},"modified":"2025-03-04T16:59:30","modified_gmt":"2025-03-04T16:59:30","slug":"taktol-atf-m-9g","status":"publish","type":"product","link":"https:\/\/taktol.de\/pl\/product\/taktol-atf-m-9g\/","title":{"rendered":"Taktol ATF M-9G"},"content":{"rendered":"\t\t<div data-elementor-type=\"wp-post\" data-elementor-id=\"19816\" class=\"elementor elementor-19816 elementor-323\">\n\t\t\t\t<div class=\"wd-negative-gap elementor-element elementor-element-dc525ed e-flex e-con-boxed e-con e-parent\" data-id=\"dc525ed\" data-element_type=\"container\" data-e-type=\"container\">\n\t\t\t\t\t<div class=\"e-con-inner\">\n\t\t<div class=\"elementor-element elementor-element-01b3617 e-con-full e-flex e-con e-child\" data-id=\"01b3617\" data-element_type=\"container\" data-e-type=\"container\">\n\t\t\t\t<div class=\"elementor-element elementor-element-090be9a elementor-widget elementor-widget-wd_text_block\" data-id=\"090be9a\" data-element_type=\"widget\" data-e-type=\"widget\" data-widget_type=\"wd_text_block.default\">\n\t\t\t\t<div class=\"elementor-widget-container\">\n\t\t\t\t\t\t\t<div class=\"wd-text-block reset-last-child text-left\">\n\t\t\t\n\t\t\t<p style=\"text-align: left;\"><strong>Taktol ATF M-9G <\/strong>to bardzo wysokiej jako\u015bci p\u0142yn do automatycznych skrzy\u0144 bieg\u00f3w o wyj\u0105tkowo niskiej lepko\u015bci, oparty na specjalnie wyselekcjonowanych syntetycznych olejach bazowych i szeregu wybranych dodatk\u00f3w. Specjalnie opracowany do smarowania niekt\u00f3rych automatycznych skrzy\u0144 bieg\u00f3w Mercedes-Benz z 9 biegami, w kt\u00f3rych zalecany jest olej o specyfikacji MB 236.17. Taktol ATF M-9G mo\u017ce by\u0107 r\u00f3wnie\u017c stosowany w agregatach o specyfikacji MB 236.16 (A 001 989 92 03), poniewa\u017c zosta\u0142y one zast\u0105pione now\u0105 specyfikacj\u0105 MB 236.17.<\/p>\n\t\t\t\t\t<\/div>\n\t\t\t\t\t\t<\/div>\n\t\t\t\t<\/div>\n\t\t\t\t<\/div>\n\t\t<div class=\"elementor-element elementor-element-5b9142a e-con-full e-flex e-con e-child\" data-id=\"5b9142a\" data-element_type=\"container\" data-e-type=\"container\">\n\t\t\t\t<div class=\"elementor-element elementor-element-925f8ae elementor-widget elementor-widget-wd_infobox\" data-id=\"925f8ae\" data-element_type=\"widget\" data-e-type=\"widget\" data-widget_type=\"wd_infobox.default\">\n\t\t\t\t<div class=\"elementor-widget-container\">\n\t\t\t\t\t\t\t<div class=\"info-box-wrapper\">\n\t\t\t<div class=\"wd-info-box text-center box-icon-align-top box-style-base color-scheme-\">\n\t\t\t\t\n\t\t\t\t<div class=\"info-box-content\">\n\t\t\t\t\t\n\t\t\t\t\t\n\t\t\t\t\t<div class=\"info-box-inner reset-last-child\"data-elementor-setting-key=\"content\"><p style=\"text-align: left;\"><strong>Poziom wydajno\u015bci: <\/strong><\/p>\n<p style=\"text-align: left;\"><strong>MB 236.17 <\/strong>(automatyczna skrzynia bieg\u00f3w 9G-Tronic serii W9A 700 NAG3 (nowa automatyczna skrzynia bieg\u00f3w 3. generacji) typu 725.011).<\/p>\n<\/div>\n\n\t\t\t\t\t\t\t\t\t<\/div>\n\n\t\t\t\t\t\t\t\t\t<a href=\"#\" class=\"wd-info-box-link wd-fill\" aria-label=\"Infobox link\"><\/a>\n\t\t\t\t\t\t\t<\/div>\n\t\t<\/div>\n\t\t\t\t\t\t<\/div>\n\t\t\t\t<\/div>\n\t\t\t\t<\/div>\n\t\t\t\t\t<\/div>\n\t\t\t\t<\/div>\n\t\t\t\t<\/div>\n\t\t","protected":false},"excerpt":{"rendered":"<p>Najwy\u017cszej jako\u015bci syntetyczny produkt opracowany specjalnie do smarowania niekt\u00f3rych automatycznych skrzy\u0144 bieg\u00f3w Mercedes-Benz z 9 biegami. Ten oszcz\u0119dzaj\u0105cy paliwo olej mo\u017ce by\u0107 stosowany w automatycznych skrzyniach bieg\u00f3w, w kt\u00f3rych zalecany jest olej o specyfikacji MB 236.17.<\/p>\n","protected":false},"featured_media":17820,"template":"","meta":[],"product_brand":[],"product_cat":[400],"product_tag":[],"class_list":{"0":"post-19816","1":"product","2":"type-product","3":"status-publish","4":"has-post-thumbnail","6":"product_cat-atf-dsg-dct-cvt-pl","7":"pa_application-automatyczna-transmisja","8":"pa_application-samochod-osobowy","9":"pa_atf-fluid-specifications-mb-236-17","11":"first","12":"onbackorder","13":"shipping-taxable","14":"purchasable","15":"product-type-variable"},"_links":{"self":[{"href":"https:\/\/taktol.de\/pl\/wp-json\/wp\/v2\/product\/19816","targetHints":{"allow":["GET"]}}],"collection":[{"href":"https:\/\/taktol.de\/pl\/wp-json\/wp\/v2\/product"}],"about":[{"href":"https:\/\/taktol.de\/pl\/wp-json\/wp\/v2\/types\/product"}],"version-history":[{"count":1,"href":"https:\/\/taktol.de\/pl\/wp-json\/wp\/v2\/product\/19816\/revisions"}],"predecessor-version":[{"id":21402,"href":"https:\/\/taktol.de\/pl\/wp-json\/wp\/v2\/product\/19816\/revisions\/21402"}],"wp:featuredmedia":[{"embeddable":true,"href":"https:\/\/taktol.de\/pl\/wp-json\/wp\/v2\/media\/17820"}],"wp:attachment":[{"href":"https:\/\/taktol.de\/pl\/wp-json\/wp\/v2\/media?parent=19816"}],"wp:term":[{"taxonomy":"product_brand","embeddable":true,"href":"https:\/\/taktol.de\/pl\/wp-json\/wp\/v2\/product_brand?post=19816"},{"taxonomy":"product_cat","embeddable":true,"href":"https:\/\/taktol.de\/pl\/wp-json\/wp\/v2\/product_cat?post=19816"},{"taxonomy":"product_tag","embeddable":true,"href":"https:\/\/taktol.de\/pl\/wp-json\/wp\/v2\/product_tag?post=19816"}],"curies":[{"name":"wp","href":"https:\/\/api.w.org\/{rel}","templated":true}]}}