{"id":19783,"date":"2021-08-27T11:42:20","date_gmt":"2021-08-27T11:42:20","guid":{"rendered":"https:\/\/taktol.de\/product\/taktol-konzentrat-nf-11\/"},"modified":"2025-03-04T16:57:23","modified_gmt":"2025-03-04T16:57:23","slug":"taktol-konzentrat-nf-11","status":"publish","type":"product","link":"https:\/\/taktol.de\/pl\/product\/taktol-konzentrat-nf-11\/","title":{"rendered":"Taktol Konzentrat NF 11"},"content":{"rendered":"\t\t<div data-elementor-type=\"wp-post\" data-elementor-id=\"19783\" class=\"elementor elementor-19783 elementor-334\">\n\t\t\t\t<div class=\"wd-negative-gap elementor-element elementor-element-0fa4943 e-flex e-con-boxed e-con e-parent\" data-id=\"0fa4943\" data-element_type=\"container\" data-e-type=\"container\">\n\t\t\t\t\t<div class=\"e-con-inner\">\n\t\t<div class=\"elementor-element elementor-element-ed806e4 e-con-full e-flex e-con e-child\" data-id=\"ed806e4\" data-element_type=\"container\" data-e-type=\"container\">\n\t\t\t\t<div class=\"elementor-element elementor-element-5dc0307 elementor-widget elementor-widget-wd_text_block\" data-id=\"5dc0307\" data-element_type=\"widget\" data-e-type=\"widget\" data-widget_type=\"wd_text_block.default\">\n\t\t\t\t<div class=\"elementor-widget-container\">\n\t\t\t\t\t\t\t<div class=\"wd-text-block reset-last-child text-left\">\n\t\t\t\n\t\t\t<p style=\"text-align: left;\"><strong>Taktol Konzentrat NF11 <\/strong>to skoncentrowany p\u0142yn ch\u0142odz\u0105cy na bazie glikolu monoetylenowego, w po\u0142\u0105czeniu z pakietem dodatk\u00f3w hybrydowych (HOAT-Si), przeznaczony do ochrony uk\u0142ad\u00f3w ch\u0142odzenia pojazd\u00f3w silnikowych, kt\u00f3ry przed u\u017cyciem nale\u017cy rozcie\u0144czy\u0107 wod\u0105, nadaje si\u0119 do stosowania w otwartych i zamkni\u0119tych uk\u0142adach ch\u0142odzenia.<br \/><strong>Taktol Konzentrat NF11<\/strong> nie zawiera azotyn\u00f3w, amin, fosforan\u00f3w. Spe\u0142nia najwy\u017csze wymagania w zakresie ochrony antykorozyjnej w silnie obci\u0105\u017conych termicznie silnikach wykonanych ze stali i aluminium. Zapewnia lepsz\u0105 ochron\u0119 przed korozj\u0105 wszystkich cz\u0119\u015bci metalowych, zw\u0142aszcza aluminiowych i jest kompatybilny z elastomerami. Specjalny pakiet dodatk\u00f3w zapewnia wyd\u0142u\u017cony okres mi\u0119dzy wymianami p\u0142ynu ch\u0142odz\u0105cego o co najmniej 3 lata.<\/p>\n\t\t\t\t\t<\/div>\n\t\t\t\t\t\t<\/div>\n\t\t\t\t<\/div>\n\t\t\t\t<\/div>\n\t\t<div class=\"elementor-element elementor-element-1633dde e-con-full e-flex e-con e-child\" data-id=\"1633dde\" data-element_type=\"container\" data-e-type=\"container\">\n\t\t\t\t<div class=\"elementor-element elementor-element-e8a8f52 elementor-widget elementor-widget-wd_text_block\" data-id=\"e8a8f52\" data-element_type=\"widget\" data-e-type=\"widget\" data-widget_type=\"wd_text_block.default\">\n\t\t\t\t<div class=\"elementor-widget-container\">\n\t\t\t\t\t\t\t<div class=\"wd-text-block reset-last-child text-left\">\n\t\t\t\n\t\t\t<p>Taktol Konzentrat NF11 jest zalecany, gdy wymagana jest zgodno\u015b\u0107 z nast\u0119puj\u0105cymi przepisami dotycz\u0105cymi nape\u0142niania:<\/p><p>BMW N 600 69.0; Chrysler MS 9176; DTFR 29C100<br \/>Ford ESD M97 B49-A; FORD WSS-M97B44-C<br \/>GM 1940656; GM 90297545; GM QL 130100; GM US 6277 M<br \/>MAN 324 NF; MB 325.2; Mercedes DBL 7700; MB 325.0<br \/>VW TL 774-C<\/p><p>ASTM D3306 | CUNA NC 956-16 | GLYSANTIN G48 | Paraflu 11<\/p>\n\t\t\t\t\t<\/div>\n\t\t\t\t\t\t<\/div>\n\t\t\t\t<\/div>\n\t\t\t\t<\/div>\n\t\t\t\t\t<\/div>\n\t\t\t\t<\/div>\n\t\t\t\t<\/div>\n\t\t","protected":false},"excerpt":{"rendered":"<p>Wysokowydajny, wysokiej jako\u015bci koncentrat niezamarzaj\u0105cy do ch\u0142odnic dzia\u0142a na bazie glikolu monoetylenowego. Zosta\u0142 specjalnie opracowany do silnik\u00f3w aluminiowych i \u017celiwnych w samochodach osobowych i pojazdach u\u017cytkowych, aby zapewni\u0107 optymaln\u0105 wydajno\u015b\u0107; nie zawiera azotyn\u00f3w, amin i fosforan\u00f3w.<\/p>\n","protected":false},"featured_media":17694,"template":"","meta":[],"product_brand":[],"product_cat":[406],"product_tag":[],"class_list":{"0":"post-19783","1":"product","2":"type-product","3":"status-publish","4":"has-post-thumbnail","6":"product_cat-plyn-do-chlodnic","7":"pa_application-ciezarowki-i-autobusy","8":"pa_application-samochod-osobowy","9":"pa_fluid-specifications-bmw-n-600-69-0","10":"pa_fluid-specifications-chrysler-ms-9176","11":"pa_fluid-specifications-coolant-g11","12":"pa_fluid-specifications-dtfr-29c100","13":"pa_fluid-specifications-ford-esd-m97-b49-a","14":"pa_fluid-specifications-ford-wss-m97b44-c","15":"pa_fluid-specifications-gm-1940656","16":"pa_fluid-specifications-gm-90297545","17":"pa_fluid-specifications-gm-ql-130100","18":"pa_fluid-specifications-gm-us-6277-m","19":"pa_fluid-specifications-man-324-nf","20":"pa_fluid-specifications-mb-325-0","21":"pa_fluid-specifications-mb-325-2","22":"pa_fluid-specifications-mercedes-dbl-7700","23":"pa_fluid-specifications-vw-tl-774-c","25":"first","26":"onbackorder","27":"shipping-taxable","28":"purchasable","29":"product-type-variable"},"_links":{"self":[{"href":"https:\/\/taktol.de\/pl\/wp-json\/wp\/v2\/product\/19783","targetHints":{"allow":["GET"]}}],"collection":[{"href":"https:\/\/taktol.de\/pl\/wp-json\/wp\/v2\/product"}],"about":[{"href":"https:\/\/taktol.de\/pl\/wp-json\/wp\/v2\/types\/product"}],"version-history":[{"count":1,"href":"https:\/\/taktol.de\/pl\/wp-json\/wp\/v2\/product\/19783\/revisions"}],"predecessor-version":[{"id":21399,"href":"https:\/\/taktol.de\/pl\/wp-json\/wp\/v2\/product\/19783\/revisions\/21399"}],"wp:featuredmedia":[{"embeddable":true,"href":"https:\/\/taktol.de\/pl\/wp-json\/wp\/v2\/media\/17694"}],"wp:attachment":[{"href":"https:\/\/taktol.de\/pl\/wp-json\/wp\/v2\/media?parent=19783"}],"wp:term":[{"taxonomy":"product_brand","embeddable":true,"href":"https:\/\/taktol.de\/pl\/wp-json\/wp\/v2\/product_brand?post=19783"},{"taxonomy":"product_cat","embeddable":true,"href":"https:\/\/taktol.de\/pl\/wp-json\/wp\/v2\/product_cat?post=19783"},{"taxonomy":"product_tag","embeddable":true,"href":"https:\/\/taktol.de\/pl\/wp-json\/wp\/v2\/product_tag?post=19783"}],"curies":[{"name":"wp","href":"https:\/\/api.w.org\/{rel}","templated":true}]}}