{"id":19722,"date":"2021-08-27T11:59:19","date_gmt":"2021-08-27T11:59:19","guid":{"rendered":"https:\/\/taktol.de\/product\/taktol-mt-synth-75w-90\/"},"modified":"2025-03-04T16:50:18","modified_gmt":"2025-03-04T16:50:18","slug":"taktol-mt-synth-75w-90","status":"publish","type":"product","link":"https:\/\/taktol.de\/pl\/product\/taktol-mt-synth-75w-90\/","title":{"rendered":"Taktol MT-Synth 75W-90"},"content":{"rendered":"\t\t<div data-elementor-type=\"wp-post\" data-elementor-id=\"19722\" class=\"elementor elementor-19722 elementor-372\">\n\t\t\t\t<div class=\"wd-negative-gap elementor-element elementor-element-f2b3996 e-flex e-con-boxed e-con e-parent\" data-id=\"f2b3996\" data-element_type=\"container\" data-e-type=\"container\">\n\t\t\t\t\t<div class=\"e-con-inner\">\n\t\t<div class=\"elementor-element elementor-element-7009ecd e-con-full e-flex e-con e-child\" data-id=\"7009ecd\" data-element_type=\"container\" data-e-type=\"container\">\n\t\t\t\t<div class=\"elementor-element elementor-element-9ebefcb elementor-widget elementor-widget-wd_text_block\" data-id=\"9ebefcb\" data-element_type=\"widget\" data-e-type=\"widget\" data-widget_type=\"wd_text_block.default\">\n\t\t\t\t<div class=\"elementor-widget-container\">\n\t\t\t\t\t\t\t<div class=\"wd-text-block reset-last-child text-left\">\n\t\t\t\n\t\t\t<p><strong>Taktol MT-Synth 75W-90<\/strong> to syntetyczny olej przek\u0142adniowy przeznaczony specjalnie do wysokoobci\u0105\u017conych hipoidalnych przek\u0142adni z\u0119batych, zaprojektowany w oparciu o wysokiej jako\u015bci syntetyczne oleje bazowe i specjalnie dobrane dodatki z aktywnymi \u015brodkami wysokoci\u015bnieniowymi (EP) i innymi dodatkami.<\/p>\n\t\t\t\t\t<\/div>\n\t\t\t\t\t\t<\/div>\n\t\t\t\t<\/div>\n\t\t\t\t<\/div>\n\t\t<div class=\"elementor-element elementor-element-be29747 e-con-full e-flex e-con e-child\" data-id=\"be29747\" data-element_type=\"container\" data-e-type=\"container\">\n\t\t\t\t<div class=\"elementor-element elementor-element-2f71301 elementor-widget elementor-widget-wd_text_block\" data-id=\"2f71301\" data-element_type=\"widget\" data-e-type=\"widget\" data-widget_type=\"wd_text_block.default\">\n\t\t\t\t<div class=\"elementor-widget-container\">\n\t\t\t\t\t\t\t<div class=\"wd-text-block reset-last-child text-left\">\n\t\t\t\n\t\t\t<p><strong>Poziom wydajno\u015bci:<\/strong><\/p><p>DTFR 13B110 (MB 235.11) | Ford ESD-M2C175<br>GM Opel B 040 104 3 | VW 501 50<\/p>\n\t\t\t\t\t<\/div>\n\t\t\t\t\t\t<\/div>\n\t\t\t\t<\/div>\n\t\t\t\t<\/div>\n\t\t\t\t\t<\/div>\n\t\t\t\t<\/div>\n\t\t\t\t<\/div>\n\t\t","protected":false},"excerpt":{"rendered":"<p>Wysokowydajny olej przek\u0142adniowy do stosowania w maksymalnie obci\u0105\u017conych hipoidalnych przek\u0142adniach z\u0119batych (nap\u0119dy osi, r\u0119czne skrzynie bieg\u00f3w itp.), gdzie wymagane s\u0105 wysokoci\u015bnieniowe oleje przek\u0142adniowe.<\/p>\n","protected":false},"featured_media":17781,"template":"","meta":[],"product_brand":[],"product_cat":[438],"product_tag":[],"class_list":{"0":"post-19722","1":"product","2":"type-product","3":"status-publish","4":"has-post-thumbnail","6":"product_cat-olej-przekladniowy","7":"pa_api-api-gl-4","8":"pa_application-manualna-skrzynia-biegow-pl-2","9":"pa_gear-oil-specifications-dtfr-13b110","10":"pa_gear-oil-specifications-ford-esd-m2c175","11":"pa_gear-oil-specifications-gm-opel-b-040-104-3","12":"pa_gear-oil-specifications-mb-235-11","13":"pa_gear-oil-specifications-vw-501-50","14":"pa_viscosity-sae-75w-90","16":"first","17":"onbackorder","18":"shipping-taxable","19":"purchasable","20":"product-type-variable"},"_links":{"self":[{"href":"https:\/\/taktol.de\/pl\/wp-json\/wp\/v2\/product\/19722","targetHints":{"allow":["GET"]}}],"collection":[{"href":"https:\/\/taktol.de\/pl\/wp-json\/wp\/v2\/product"}],"about":[{"href":"https:\/\/taktol.de\/pl\/wp-json\/wp\/v2\/types\/product"}],"version-history":[{"count":1,"href":"https:\/\/taktol.de\/pl\/wp-json\/wp\/v2\/product\/19722\/revisions"}],"predecessor-version":[{"id":21390,"href":"https:\/\/taktol.de\/pl\/wp-json\/wp\/v2\/product\/19722\/revisions\/21390"}],"wp:featuredmedia":[{"embeddable":true,"href":"https:\/\/taktol.de\/pl\/wp-json\/wp\/v2\/media\/17781"}],"wp:attachment":[{"href":"https:\/\/taktol.de\/pl\/wp-json\/wp\/v2\/media?parent=19722"}],"wp:term":[{"taxonomy":"product_brand","embeddable":true,"href":"https:\/\/taktol.de\/pl\/wp-json\/wp\/v2\/product_brand?post=19722"},{"taxonomy":"product_cat","embeddable":true,"href":"https:\/\/taktol.de\/pl\/wp-json\/wp\/v2\/product_cat?post=19722"},{"taxonomy":"product_tag","embeddable":true,"href":"https:\/\/taktol.de\/pl\/wp-json\/wp\/v2\/product_tag?post=19722"}],"curies":[{"name":"wp","href":"https:\/\/api.w.org\/{rel}","templated":true}]}}