{"id":19692,"date":"2021-08-27T12:02:01","date_gmt":"2021-08-27T12:02:01","guid":{"rendered":"https:\/\/taktol.de\/product\/taktol-mt-plus-75w-80\/"},"modified":"2026-04-10T04:36:51","modified_gmt":"2026-04-10T04:36:51","slug":"taktol-mt-plus-75w-80","status":"publish","type":"product","link":"https:\/\/taktol.de\/pl\/product\/taktol-mt-plus-75w-80\/","title":{"rendered":"Taktol MT-Plus 75W-80"},"content":{"rendered":"\t\t<div data-elementor-type=\"wp-post\" data-elementor-id=\"19692\" class=\"elementor elementor-19692 elementor-381\">\n\t\t\t\t<div class=\"wd-negative-gap elementor-element elementor-element-f5f3c45 e-flex e-con-boxed e-con e-parent\" data-id=\"f5f3c45\" data-element_type=\"container\" data-e-type=\"container\">\n\t\t\t\t\t<div class=\"e-con-inner\">\n\t\t<div class=\"elementor-element elementor-element-8395efe e-con-full e-flex e-con e-child\" data-id=\"8395efe\" data-element_type=\"container\" data-e-type=\"container\">\n\t\t\t\t<div class=\"elementor-element elementor-element-eabf6cf elementor-widget elementor-widget-wd_text_block\" data-id=\"eabf6cf\" data-element_type=\"widget\" data-e-type=\"widget\" data-widget_type=\"wd_text_block.default\">\n\t\t\t\t<div class=\"elementor-widget-container\">\n\t\t\t\t\t\t\t<div class=\"wd-text-block reset-last-child text-left\">\n\t\t\t\n\t\t\t<p><strong>Taktol MT-Plus 75W-80<\/strong> - multi-vehicle manual transmission fluid \"MTF\" based on high-quality base oils in combination with optimized additives.<\/p><p>To ensure long service life and proper operation of the gearbox, Taktol recommends changing the gear oil according to the intervals specified by the car manufacturer (taking into account the operating conditions of the vehicle).<\/p><p><strong>Application:<\/strong> This multi-vehicle manual transmission oil has been specially developed for European and Asian vehicles (passenger cars and delivery vans), where the specified specifications are requested. This oil is also suitable for applications where the specified specifications are prescribed in combination with slightly different viscosities, such as 70W75, 70W90, 75W, 75W85 75W90 etc.<\/p>\n\t\t\t\t\t<\/div>\n\t\t\t\t\t\t<\/div>\n\t\t\t\t<\/div>\n\t\t\t\t<\/div>\n\t\t<div class=\"elementor-element elementor-element-7b1a1e1 e-con-full e-flex e-con e-child\" data-id=\"7b1a1e1\" data-element_type=\"container\" data-e-type=\"container\">\n\t\t\t\t<div class=\"elementor-element elementor-element-e49d60a elementor-widget elementor-widget-wd_text_block\" data-id=\"e49d60a\" data-element_type=\"widget\" data-e-type=\"widget\" data-widget_type=\"wd_text_block.default\">\n\t\t\t\t<div class=\"elementor-widget-container\">\n\t\t\t\t\t\t\t<div class=\"wd-text-block reset-last-child text-left\">\n\t\t\t\n\t\t\t<p><strong>Poziom wydajno\u015bci:<\/strong><\/p><p>BMW MTF LT-2, BMW MTF LT-3, BMW MTF LT-4 | Fiat 9.55550-MZ2<br>Ford WSS-M2C200-D2 | GM 194004, GM 1940764, GM 1940768<br>Honda MTF, Honda MTF 94, Honda MTF-II, Honda MTF-III<br>MB 235.10 | Nissan MT-XZ TL (JR Typ), Nissan MT-XZ | Opel 9163335<br>PSA 9730 A2, PSA 9730 A8, PSA B71 2330 | Toyota JWS 227<br>Tranself NFJ | Tranself NFP | Tranself TRJ | Tranself TRT | Tranself TRZ<br>Volvo 97308 | Volvo 97309<br>VW G009 317, VW G052 171, VW G052 178, VW G052 512, VW G052 527<br>VW G052 532, VW G052 726, VW G052 798, VW G060 726, VW G070 726 A2<\/p>\n\t\t\t\t\t<\/div>\n\t\t\t\t\t\t<\/div>\n\t\t\t\t<\/div>\n\t\t\t\t<\/div>\n\t\t\t\t\t<\/div>\n\t\t\t\t<\/div>\n\t\t\t\t<\/div>\n\t\t","protected":false},"excerpt":{"rendered":"<p>Wielosezonowy p\u0142yn do manualnych skrzy\u0144 bieg\u00f3w \u201eMTF\u201d zosta\u0142 opracowany specjalnie dla pojazd\u00f3w europejskich i azjatyckich (samochod\u00f3w osobowych i dostawczych).<\/p>\n","protected":false},"featured_media":17790,"template":"","meta":[],"product_brand":[],"product_cat":[438],"product_tag":[],"class_list":{"0":"post-19692","1":"product","2":"type-product","3":"status-publish","4":"has-post-thumbnail","6":"product_cat-olej-przekladniowy","7":"pa_api-api-gl-4","8":"pa_application-manualna-skrzynia-biegow-pl-2","9":"pa_application-skrzynia-rozdzielcza","10":"pa_gear-oil-specifications-bmw-mtf-lt-2","11":"pa_gear-oil-specifications-bmw-mtf-lt-3","12":"pa_gear-oil-specifications-bmw-mtf-lt-4","13":"pa_gear-oil-specifications-fiat-9-55550-mz2","14":"pa_gear-oil-specifications-ford-wss-m2c200-d2","15":"pa_gear-oil-specifications-gm-194004","16":"pa_gear-oil-specifications-gm-1940764","17":"pa_gear-oil-specifications-gm-1940768","18":"pa_gear-oil-specifications-honda-mtf","19":"pa_gear-oil-specifications-honda-mtf-94","20":"pa_gear-oil-specifications-honda-mtf-ii","21":"pa_gear-oil-specifications-honda-mtf-iii","22":"pa_gear-oil-specifications-mb-235-10","23":"pa_gear-oil-specifications-nissan-mt-xz","24":"pa_gear-oil-specifications-nissan-mt-xz-tl","25":"pa_gear-oil-specifications-opel-9163335","26":"pa_gear-oil-specifications-psa-9730-a2","27":"pa_gear-oil-specifications-psa-9730-a8","28":"pa_gear-oil-specifications-psa-b71-2330","29":"pa_gear-oil-specifications-toyota-jws-227","30":"pa_gear-oil-specifications-tranself-nfj","31":"pa_gear-oil-specifications-tranself-nfp","32":"pa_gear-oil-specifications-tranself-trj","33":"pa_gear-oil-specifications-tranself-trt","34":"pa_gear-oil-specifications-tranself-trz","35":"pa_gear-oil-specifications-volvo-97308","36":"pa_gear-oil-specifications-volvo-97309","37":"pa_gear-oil-specifications-vw-g009-317","38":"pa_gear-oil-specifications-vw-g052-171","39":"pa_gear-oil-specifications-vw-g052-178","40":"pa_gear-oil-specifications-vw-g052-512","41":"pa_gear-oil-specifications-vw-g052-527","42":"pa_gear-oil-specifications-vw-g052-532","43":"pa_gear-oil-specifications-vw-g052-726","44":"pa_gear-oil-specifications-vw-g052-798","45":"pa_gear-oil-specifications-vw-g060-726","46":"pa_gear-oil-specifications-vw-g070-726","47":"pa_viscosity-sae-75w-80","49":"first","50":"onbackorder","51":"shipping-taxable","52":"purchasable","53":"product-type-variable"},"_links":{"self":[{"href":"https:\/\/taktol.de\/pl\/wp-json\/wp\/v2\/product\/19692","targetHints":{"allow":["GET"]}}],"collection":[{"href":"https:\/\/taktol.de\/pl\/wp-json\/wp\/v2\/product"}],"about":[{"href":"https:\/\/taktol.de\/pl\/wp-json\/wp\/v2\/types\/product"}],"version-history":[{"count":2,"href":"https:\/\/taktol.de\/pl\/wp-json\/wp\/v2\/product\/19692\/revisions"}],"predecessor-version":[{"id":23045,"href":"https:\/\/taktol.de\/pl\/wp-json\/wp\/v2\/product\/19692\/revisions\/23045"}],"wp:featuredmedia":[{"embeddable":true,"href":"https:\/\/taktol.de\/pl\/wp-json\/wp\/v2\/media\/17790"}],"wp:attachment":[{"href":"https:\/\/taktol.de\/pl\/wp-json\/wp\/v2\/media?parent=19692"}],"wp:term":[{"taxonomy":"product_brand","embeddable":true,"href":"https:\/\/taktol.de\/pl\/wp-json\/wp\/v2\/product_brand?post=19692"},{"taxonomy":"product_cat","embeddable":true,"href":"https:\/\/taktol.de\/pl\/wp-json\/wp\/v2\/product_cat?post=19692"},{"taxonomy":"product_tag","embeddable":true,"href":"https:\/\/taktol.de\/pl\/wp-json\/wp\/v2\/product_tag?post=19692"}],"curies":[{"name":"wp","href":"https:\/\/api.w.org\/{rel}","templated":true}]}}