{"id":19656,"date":"2021-08-27T12:11:46","date_gmt":"2021-08-27T12:11:46","guid":{"rendered":"https:\/\/taktol.de\/product\/taktol-expert-longlife-iii-5w-30\/"},"modified":"2025-03-04T16:41:34","modified_gmt":"2025-03-04T16:41:34","slug":"taktol-expert-longlife-iii-5w-30","status":"publish","type":"product","link":"https:\/\/taktol.de\/pl\/product\/taktol-expert-longlife-iii-5w-30\/","title":{"rendered":"Taktol Expert Longlife-III 5W-30"},"content":{"rendered":"\t\t<div data-elementor-type=\"wp-post\" data-elementor-id=\"19656\" class=\"elementor elementor-19656 elementor-395\">\n\t\t\t\t<div class=\"wd-negative-gap elementor-element elementor-element-938ec4e e-flex e-con-boxed e-con e-parent\" data-id=\"938ec4e\" data-element_type=\"container\" data-e-type=\"container\">\n\t\t\t\t\t<div class=\"e-con-inner\">\n\t\t<div class=\"elementor-element elementor-element-b662b42 e-con-full e-flex e-con e-child\" data-id=\"b662b42\" data-element_type=\"container\" data-e-type=\"container\">\n\t\t\t\t<div class=\"elementor-element elementor-element-827e81f elementor-widget elementor-widget-wd_text_block\" data-id=\"827e81f\" data-element_type=\"widget\" data-e-type=\"widget\" data-widget_type=\"wd_text_block.default\">\n\t\t\t\t<div class=\"elementor-widget-container\">\n\t\t\t\t\t\t\t<div class=\"wd-text-block reset-last-child text-left\">\n\t\t\t\n\t\t\t<p><strong>Taktol Expert Longlife-III 5W-30 <\/strong>to oszcz\u0119dzaj\u0105cy paliwo syntetyczny olej silnikowy nadaje si\u0119 do stosowania w silnikach benzynowych i wysokopr\u0119\u017cnych z turbodo\u0142adowaniem lub bez. Ponadto olej ten zosta\u0142 r\u00f3wnie\u017c opracowany dla silnik\u00f3w VW o wyd\u0142u\u017conych okresach mi\u0119dzyobs\u0142ugowych (WIV) i dlatego nadaje si\u0119 do okres\u00f3w wymiany oleju do 50 000 km lub 2 lat. Taktol Expert Longlife-III 5W-30 mo\u017ce by\u0107 stosowany w prawie wszystkich silnikach VW o wyd\u0142u\u017conej \u017cywotno\u015bci i jest kompatybilny wstecz. Nale\u017cy przestrzega\u0107 odpowiednich specyfikacji p\u0142yn\u00f3w eksploatacyjnych producenta.<\/p>\n\t\t\t\t\t<\/div>\n\t\t\t\t\t\t<\/div>\n\t\t\t\t<\/div>\n\t\t\t\t<\/div>\n\t\t<div class=\"elementor-element elementor-element-961ae56 e-con-full e-flex e-con e-child\" data-id=\"961ae56\" data-element_type=\"container\" data-e-type=\"container\">\n\t\t\t\t<div class=\"elementor-element elementor-element-df39ddb elementor-widget elementor-widget-wd_text_block\" data-id=\"df39ddb\" data-element_type=\"widget\" data-e-type=\"widget\" data-widget_type=\"wd_text_block.default\">\n\t\t\t\t<div class=\"elementor-widget-container\">\n\t\t\t\t\t\t\t<div class=\"wd-text-block reset-last-child text-left\">\n\t\t\t\n\t\t\t<p><strong>ACEA C3; API SP<\/strong><\/p><p>VW 504.00 \/ 507.00 | BMW Longlife-04<br>MB 229.31 \/ 229.51 \/ 229.52<br>GM dexos1\u2122 Gen2, GM dexos2\u2122, Opel\/Vauxhall OV0401547-D30<br>Opel\/Vauxhall OV0401547-G30 | Porsche C30<\/p>\n\t\t\t\t\t<\/div>\n\t\t\t\t\t\t<\/div>\n\t\t\t\t<\/div>\n\t\t\t\t<\/div>\n\t\t\t\t\t<\/div>\n\t\t\t\t<\/div>\n\t\t\t\t<\/div>\n\t\t","protected":false},"excerpt":{"rendered":"<p>Ultrawydajny olej silnikowy o d\u0142ugiej \u017cywotno\u015bci, odpowiedni do stosowania w najnowszych silnikach, takich jak silniki wysokopr\u0119\u017cne z filtrem cz\u0105stek sta\u0142ych EURO 6 (DPF) i uk\u0142adem oczyszczania spalin SCR, a tak\u017ce silniki benzynowe z turbodo\u0142adowaniem i filtrem cz\u0105stek sta\u0142ych GPF.<\/p>\n","protected":false},"featured_media":17655,"template":"","meta":[],"product_brand":[],"product_cat":[424,421],"product_tag":[],"class_list":{"0":"post-19656","1":"product","2":"type-product","3":"status-publish","4":"has-post-thumbnail","6":"product_cat-expert-linia","7":"product_cat-olej-silnikowy","8":"pa_acea-acea-c3","9":"pa_api-api-sp","10":"pa_application-samochod-osobowy","11":"pa_application-technologia-hybrydowa","12":"pa_specifications-bmw-longlife-04","13":"pa_specifications-gm-dexos-2","14":"pa_specifications-gm-dexos1-gen2","15":"pa_specifications-mb-229-31","16":"pa_specifications-mb-229-51","17":"pa_specifications-mb-229-52","18":"pa_specifications-opel-ov-040-1547-d30","19":"pa_specifications-opel-ov-040-1547-g30","20":"pa_specifications-porsche-c30","21":"pa_specifications-vw-504-00-507-00","22":"pa_viscosity-sae-5w-30","24":"first","25":"onbackorder","26":"shipping-taxable","27":"purchasable","28":"product-type-variable"},"_links":{"self":[{"href":"https:\/\/taktol.de\/pl\/wp-json\/wp\/v2\/product\/19656","targetHints":{"allow":["GET"]}}],"collection":[{"href":"https:\/\/taktol.de\/pl\/wp-json\/wp\/v2\/product"}],"about":[{"href":"https:\/\/taktol.de\/pl\/wp-json\/wp\/v2\/types\/product"}],"version-history":[{"count":1,"href":"https:\/\/taktol.de\/pl\/wp-json\/wp\/v2\/product\/19656\/revisions"}],"predecessor-version":[{"id":21384,"href":"https:\/\/taktol.de\/pl\/wp-json\/wp\/v2\/product\/19656\/revisions\/21384"}],"wp:featuredmedia":[{"embeddable":true,"href":"https:\/\/taktol.de\/pl\/wp-json\/wp\/v2\/media\/17655"}],"wp:attachment":[{"href":"https:\/\/taktol.de\/pl\/wp-json\/wp\/v2\/media?parent=19656"}],"wp:term":[{"taxonomy":"product_brand","embeddable":true,"href":"https:\/\/taktol.de\/pl\/wp-json\/wp\/v2\/product_brand?post=19656"},{"taxonomy":"product_cat","embeddable":true,"href":"https:\/\/taktol.de\/pl\/wp-json\/wp\/v2\/product_cat?post=19656"},{"taxonomy":"product_tag","embeddable":true,"href":"https:\/\/taktol.de\/pl\/wp-json\/wp\/v2\/product_tag?post=19656"}],"curies":[{"name":"wp","href":"https:\/\/api.w.org\/{rel}","templated":true}]}}