{"id":19600,"date":"2021-08-27T12:19:36","date_gmt":"2021-08-27T12:19:36","guid":{"rendered":"https:\/\/taktol.de\/product\/taktol-ultra-e-synth-5w-30\/"},"modified":"2025-03-04T16:39:15","modified_gmt":"2025-03-04T16:39:15","slug":"taktol-ultra-e-synth-5w-30","status":"publish","type":"product","link":"https:\/\/taktol.de\/pl\/product\/taktol-ultra-e-synth-5w-30\/","title":{"rendered":"Taktol Ultra E-Synth 5W-30"},"content":{"rendered":"\t\t<div data-elementor-type=\"wp-post\" data-elementor-id=\"19600\" class=\"elementor elementor-19600 elementor-411\">\n\t\t\t\t<div class=\"wd-negative-gap elementor-element elementor-element-a2a199e e-flex e-con-boxed e-con e-parent\" data-id=\"a2a199e\" data-element_type=\"container\" data-e-type=\"container\">\n\t\t\t\t\t<div class=\"e-con-inner\">\n\t\t<div class=\"elementor-element elementor-element-f8e7294 e-con-full e-flex e-con e-child\" data-id=\"f8e7294\" data-element_type=\"container\" data-e-type=\"container\">\n\t\t\t\t<div class=\"elementor-element elementor-element-228273b elementor-widget elementor-widget-wd_text_block\" data-id=\"228273b\" data-element_type=\"widget\" data-e-type=\"widget\" data-widget_type=\"wd_text_block.default\">\n\t\t\t\t<div class=\"elementor-widget-container\">\n\t\t\t\t\t\t\t<div class=\"wd-text-block reset-last-child text-left\">\n\t\t\t\n\t\t\t<p><strong>Taktol Ultra E-Synth 5W-30<\/strong> jest nowoczesnym, syntetycznym, uniwersalnym olejem silnikowym opartym na specjalnie wyselekcjonowanych syntetycznych olejach bazowych, o wysokim wska\u017aniku lepko\u015bci i dobrze wywa\u017conym doborze zaawansowanych dodatk\u00f3w w celu uzyskania nast\u0119puj\u0105cych w\u0142a\u015bciwo\u015bci:<br \/>- wysoki i bardzo stabilny wska\u017anik lepko\u015bci<br \/>- wysoka odporno\u015b\u0107 na \u015bcinanie<br \/>- szybki rozruch zimnego silnika<br \/>- bardzo wysoka odporno\u015b\u0107 na utlenianie<br \/>- bezpieczny film smarny w bardzo wysokich temperaturach<br \/>- bardzo dobra detergencja i dyspersja<br \/>- bardzo silna ochrona przed zu\u017cyciem, korozj\u0105 i pienieniem<\/p>\n\t\t\t\t\t<\/div>\n\t\t\t\t\t\t<\/div>\n\t\t\t\t<\/div>\n\t\t\t\t<\/div>\n\t\t<div class=\"elementor-element elementor-element-302d44d e-con-full e-flex e-con e-child\" data-id=\"302d44d\" data-element_type=\"container\" data-e-type=\"container\">\n\t\t\t\t<div class=\"elementor-element elementor-element-2540000 elementor-widget elementor-widget-wd_text_block\" data-id=\"2540000\" data-element_type=\"widget\" data-e-type=\"widget\" data-widget_type=\"wd_text_block.default\">\n\t\t\t\t<div class=\"elementor-widget-container\">\n\t\t\t\t\t\t\t<div class=\"wd-text-block reset-last-child text-left\">\n\t\t\t\n\t\t\t<p><strong>Specyfikacje:<\/strong><br \/><br \/>ACEA C2, C3; API SN\/CF<br \/><br \/>BMW Longlife-04<br \/>GM dexos 2<br \/>MB 229.31 \/ 229.51 \/ 229.52<br \/>Chrysler MS-11106, Fiat 9.55535-S3, Ford WSS-M2C917-A<br \/>Opel\/Vauxhall OV0401547-D30<br \/>VW 505.00 \/ 505.01<\/p>\n\t\t\t\t\t<\/div>\n\t\t\t\t\t\t<\/div>\n\t\t\t\t<\/div>\n\t\t\t\t<\/div>\n\t\t\t\t\t<\/div>\n\t\t\t\t<\/div>\n\t\t\t\t<\/div>\n\t\t","protected":false},"excerpt":{"rendered":"<p>Uniwersalny, syntetyczny olej silnikowy, opracowany specjalnie do silnik\u00f3w samochod\u00f3w osobowych z filtrem cz\u0105stek sta\u0142ych DPF, dla specyfikacji ACEA C2, C3.<\/p>\n","protected":false},"featured_media":17649,"template":"","meta":[],"product_brand":[],"product_cat":[421,433],"product_tag":[],"class_list":{"0":"post-19600","1":"product","2":"type-product","3":"status-publish","4":"has-post-thumbnail","6":"product_cat-olej-silnikowy","7":"product_cat-ultra-linia","8":"pa_acea-acea-c2","9":"pa_acea-acea-c3","10":"pa_api-api-sn-cf","11":"pa_application-samochod-osobowy","12":"pa_specifications-bmw-longlife-04","13":"pa_specifications-chrysler-ms-11106","14":"pa_specifications-fiat-9-55535-s3","15":"pa_specifications-ford-wss-m2c917-a","16":"pa_specifications-gm-dexos-2","17":"pa_specifications-mb-229-31","18":"pa_specifications-mb-229-51","19":"pa_specifications-mb-229-52","20":"pa_specifications-opel-ov-040-1547-d30","21":"pa_specifications-vw-505-00-505-01","22":"pa_viscosity-sae-5w-30","24":"first","25":"onbackorder","26":"shipping-taxable","27":"purchasable","28":"product-type-variable"},"_links":{"self":[{"href":"https:\/\/taktol.de\/pl\/wp-json\/wp\/v2\/product\/19600","targetHints":{"allow":["GET"]}}],"collection":[{"href":"https:\/\/taktol.de\/pl\/wp-json\/wp\/v2\/product"}],"about":[{"href":"https:\/\/taktol.de\/pl\/wp-json\/wp\/v2\/types\/product"}],"version-history":[{"count":1,"href":"https:\/\/taktol.de\/pl\/wp-json\/wp\/v2\/product\/19600\/revisions"}],"predecessor-version":[{"id":21381,"href":"https:\/\/taktol.de\/pl\/wp-json\/wp\/v2\/product\/19600\/revisions\/21381"}],"wp:featuredmedia":[{"embeddable":true,"href":"https:\/\/taktol.de\/pl\/wp-json\/wp\/v2\/media\/17649"}],"wp:attachment":[{"href":"https:\/\/taktol.de\/pl\/wp-json\/wp\/v2\/media?parent=19600"}],"wp:term":[{"taxonomy":"product_brand","embeddable":true,"href":"https:\/\/taktol.de\/pl\/wp-json\/wp\/v2\/product_brand?post=19600"},{"taxonomy":"product_cat","embeddable":true,"href":"https:\/\/taktol.de\/pl\/wp-json\/wp\/v2\/product_cat?post=19600"},{"taxonomy":"product_tag","embeddable":true,"href":"https:\/\/taktol.de\/pl\/wp-json\/wp\/v2\/product_tag?post=19600"}],"curies":[{"name":"wp","href":"https:\/\/api.w.org\/{rel}","templated":true}]}}