{"id":19561,"date":"2024-03-26T20:38:23","date_gmt":"2024-03-26T20:38:23","guid":{"rendered":"https:\/\/taktol.de\/product\/taktol-ultra-e-synth-5w-40\/"},"modified":"2025-03-04T16:37:11","modified_gmt":"2025-03-04T16:37:11","slug":"taktol-ultra-e-synth-5w-40","status":"publish","type":"product","link":"https:\/\/taktol.de\/pl\/product\/taktol-ultra-e-synth-5w-40\/","title":{"rendered":"Taktol Ultra E-Synth 5W-40"},"content":{"rendered":"<p><strong>Taktol Ultra E-Synth 5W-40<\/strong> to wzmocniony PAO, w pe\u0142ni syntetyczny olej silnikowy opracowany zgodnie z najnowsz\u0105 technologi\u0105 i oparty na specjalnie dobranych olejach bazowych. Dzi\u0119ki dodaniu dobrze wywa\u017conego wyboru zaawansowanych dodatk\u00f3w uzyskano nast\u0119puj\u0105ce w\u0142a\u015bciwo\u015bci:<br \/>\n&#8211; wysoki i bardzo stabilny wska\u017anik lepko\u015bci<br \/>\n&#8211; wysoka odporno\u015b\u0107 na \u015bcinanie<br \/>\n&#8211; szybki zimny start (temperatura krzepni\u0119cia -60 \u00b0C)<br \/>\n&#8211; bezpieczny film smarny w bardzo wysokich temperaturach<br \/>\n&#8211; ograniczone powstawanie popio\u0142\u00f3w paleniskowych<br \/>\n&#8211; bardzo dobra detergencja i dyspersja<br \/>\n&#8211; bardzo silna ochrona przed zu\u017cyciem, korozj\u0105 i pienieniem<\/p>\n<p><strong>Specifikacje:<\/strong><br \/>\nACEA C3, API SN\/CF<\/p>\n<p>BMW Longlife-04 | Chrysler MS-11106<br \/>\nGM dexos2 | Fiat 9.55535-S2<\/p>\n<p>Ford WSS-M2C917-A<br \/>\nMB 229.51 | MB 229.31 | MB 226.5<br \/>\nRenault RN0700\/RN0710<br \/>\nVW 502 00\/505 00\/505 01<\/p>\n","protected":false},"excerpt":{"rendered":"<p>W pe\u0142ni syntetyczny olej silnikowy klasy premium, wzmocniony PAO. Olej ten zosta\u0142 opracowany specjalnie do silnik\u00f3w samochod\u00f3w osobowych.<\/p>\n","protected":false},"featured_media":17685,"template":"","meta":[],"product_brand":[],"product_cat":[421,433],"product_tag":[],"class_list":{"0":"post-19561","1":"product","2":"type-product","3":"status-publish","4":"has-post-thumbnail","6":"product_cat-olej-silnikowy","7":"product_cat-ultra-linia","8":"pa_acea-acea-c3","9":"pa_api-api-sn-cf","10":"pa_application-samochod-osobowy","11":"pa_specifications-bmw-longlife-04","12":"pa_specifications-chrysler-ms-11106","13":"pa_specifications-fiat-9-55535-s2","14":"pa_specifications-ford-wss-m2c917-a","15":"pa_specifications-gm-dexos-2","16":"pa_specifications-mb-226-5","17":"pa_specifications-mb-229-31","18":"pa_specifications-mb-229-51","19":"pa_specifications-renault-rn0700","20":"pa_specifications-renault-rn0710","21":"pa_specifications-vw-505-00-505-01","22":"pa_viscosity-sae-5w-40","24":"first","25":"onbackorder","26":"shipping-taxable","27":"purchasable","28":"product-type-variable"},"_links":{"self":[{"href":"https:\/\/taktol.de\/pl\/wp-json\/wp\/v2\/product\/19561","targetHints":{"allow":["GET"]}}],"collection":[{"href":"https:\/\/taktol.de\/pl\/wp-json\/wp\/v2\/product"}],"about":[{"href":"https:\/\/taktol.de\/pl\/wp-json\/wp\/v2\/types\/product"}],"version-history":[{"count":1,"href":"https:\/\/taktol.de\/pl\/wp-json\/wp\/v2\/product\/19561\/revisions"}],"predecessor-version":[{"id":21321,"href":"https:\/\/taktol.de\/pl\/wp-json\/wp\/v2\/product\/19561\/revisions\/21321"}],"wp:featuredmedia":[{"embeddable":true,"href":"https:\/\/taktol.de\/pl\/wp-json\/wp\/v2\/media\/17685"}],"wp:attachment":[{"href":"https:\/\/taktol.de\/pl\/wp-json\/wp\/v2\/media?parent=19561"}],"wp:term":[{"taxonomy":"product_brand","embeddable":true,"href":"https:\/\/taktol.de\/pl\/wp-json\/wp\/v2\/product_brand?post=19561"},{"taxonomy":"product_cat","embeddable":true,"href":"https:\/\/taktol.de\/pl\/wp-json\/wp\/v2\/product_cat?post=19561"},{"taxonomy":"product_tag","embeddable":true,"href":"https:\/\/taktol.de\/pl\/wp-json\/wp\/v2\/product_tag?post=19561"}],"curies":[{"name":"wp","href":"https:\/\/api.w.org\/{rel}","templated":true}]}}