{"id":19524,"date":"2024-03-26T21:55:27","date_gmt":"2024-03-26T21:55:27","guid":{"rendered":"https:\/\/taktol.de\/product\/taktol-atf-shp-8\/"},"modified":"2025-03-04T16:35:17","modified_gmt":"2025-03-04T16:35:17","slug":"taktol-atf-shp-8","status":"publish","type":"product","link":"https:\/\/taktol.de\/pl\/product\/taktol-atf-shp-8\/","title":{"rendered":"Taktol ATF SHP-8"},"content":{"rendered":"\t\t<div data-elementor-type=\"wp-post\" data-elementor-id=\"19524\" class=\"elementor elementor-19524 elementor-16348\">\n\t\t\t\t<div class=\"wd-negative-gap elementor-element elementor-element-6c282a0 e-flex e-con-boxed e-con e-parent\" data-id=\"6c282a0\" data-element_type=\"container\" data-e-type=\"container\">\n\t\t\t\t\t<div class=\"e-con-inner\">\n\t\t<div class=\"elementor-element elementor-element-dd65249 e-con-full e-flex e-con e-child\" data-id=\"dd65249\" data-element_type=\"container\" data-e-type=\"container\">\n\t\t\t\t<div class=\"elementor-element elementor-element-19cdb80 elementor-widget elementor-widget-wd_text_block\" data-id=\"19cdb80\" data-element_type=\"widget\" data-e-type=\"widget\" data-widget_type=\"wd_text_block.default\">\n\t\t\t\t<div class=\"elementor-widget-container\">\n\t\t\t\t\t\t\t<div class=\"wd-text-block reset-last-child text-left\">\n\t\t\t\n\t\t\t<p><strong>Taktol ATF SHP-8<\/strong> to syntetyczny wielofunkcyjny olej do automatycznych skrzy\u0144 bieg\u00f3w ATF oparty na wysoko zaawansowanej technologii syntezy dla najd\u0142u\u017cszych okres\u00f3w mi\u0119dzy wymianami w automatycznych skrzyniach bieg\u00f3w, przemiennikach momentu obrotowego i wielu uk\u0142adach wspomagania kierownicy, odpowiedni do maksymalnych okres\u00f3w mi\u0119dzy wymianami w automatycznych skrzyniach bieg\u00f3w, uk\u0142adach kierowniczych i sprz\u0119g\u0142owych, hydraulice i przystawkach odbioru mocy samochod\u00f3w osobowych i u\u017cytkowych.<\/p><p><strong>Taktol ATF SHP-8<\/strong> mo\u017ce by\u0107 u\u017cywany w szerokim zakresie zastosowa\u0144, aby spe\u0142ni\u0107 wymagania Ford, GM, Toyota, Honda, Nissan, Hyundai, KIA, BMW, Mercedes, Volvo, VW, Audi i innych.<\/p><p>Nale\u017cy przestrzega\u0107 instrukcji producenta.<\/p>\n\t\t\t\t\t<\/div>\n\t\t\t\t\t\t<\/div>\n\t\t\t\t<\/div>\n\t\t\t\t<\/div>\n\t\t<div class=\"elementor-element elementor-element-a158ce2 e-con-full e-flex e-con e-child\" data-id=\"a158ce2\" data-element_type=\"container\" data-e-type=\"container\">\n\t\t\t\t<div class=\"elementor-element elementor-element-c54c1ef elementor-widget elementor-widget-wd_text_block\" data-id=\"c54c1ef\" data-element_type=\"widget\" data-e-type=\"widget\" data-widget_type=\"wd_text_block.default\">\n\t\t\t\t<div class=\"elementor-widget-container\">\n\t\t\t\t\t\t\t<div class=\"wd-text-block reset-last-child text-left\">\n\t\t\t\n\t\t\t<p><strong>Specyfikacje:<\/strong><br \/>Audi - VW Group: G 055 005 | G 055 162 | G 055 540 | G 060 162<br \/>Bentley PY112995PA | BMW 83 22 0 142 516<br \/>BMW 83 22 2 152 426 | BMW 83 22 2 305 397 | BMW ATF 3+ | BMW 83 22 2 289 720<br \/>Chrysler 68157995AA | Fiat 9.55550-AV5<br \/>Honda ATF Typ 3.1 | Hyundai 040000C90SG<br \/>Jaguar 02JDE 26444 | Jaguar Fluid 8432<br \/>Land Rover LR023288 | Land Rover LR232289 | Land Rover TYK500050<br \/>Maserati 231603 | Mopar 68157995AA<br \/>ZF S671 090 255 (ZF LifeguardFluid 6)<br \/>ZF S671 090 312 (ZF LifeguardFluid 8)<br \/>ZF TE-ML 11 (Produktgruppe 6HP und 8HP)<\/p>\n\t\t\t\t\t<\/div>\n\t\t\t\t\t\t<\/div>\n\t\t\t\t<\/div>\n\t\t\t\t<\/div>\n\t\t\t\t\t<\/div>\n\t\t\t\t<\/div>\n\t\t\t\t<\/div>\n\t\t","protected":false},"excerpt":{"rendered":"<p><strong>Taktol ATF SHP-8<\/strong> &#8211; syntetyczny produkt klasy premium opracowany specjalnie do smarowania przek\u0142adni ZF 8HP, w kolorze zielonym.<\/p>\n","protected":false},"featured_media":17811,"template":"","meta":[],"product_brand":[],"product_cat":[400],"product_tag":[],"class_list":{"0":"post-19524","1":"product","2":"type-product","3":"status-publish","4":"has-post-thumbnail","6":"product_cat-atf-dsg-dct-cvt-pl","7":"pa_application-automatyczna-transmisja","8":"pa_application-samochod-osobowy","9":"pa_atf-fluid-specifications-bentley-py112995pa","10":"pa_atf-fluid-specifications-bmw-83-22-0-142-516","11":"pa_atf-fluid-specifications-bmw-8322-2152426","12":"pa_atf-fluid-specifications-bmw-8322-2289720","13":"pa_atf-fluid-specifications-bmw-83-22-2-305-397","14":"pa_atf-fluid-specifications-bmw-atf3","15":"pa_atf-fluid-specifications-chrysler-68157995-aa","16":"pa_atf-fluid-specifications-fiat-9-55550-av5","17":"pa_atf-fluid-specifications-honda-atf-typ-3-1","18":"pa_atf-fluid-specifications-hyundai-040000c90sg","19":"pa_atf-fluid-specifications-jaguar-02jde-26444","20":"pa_atf-fluid-specifications-jaguar-fluid-8432","21":"pa_atf-fluid-specifications-land-rover-lr023288","22":"pa_atf-fluid-specifications-land-rover-lr232289","23":"pa_atf-fluid-specifications-land-rover-tyk500050","24":"pa_atf-fluid-specifications-maserati-231603","25":"pa_atf-fluid-specifications-mopar-68157995aa","26":"pa_atf-fluid-specifications-vw-g-055-005","27":"pa_atf-fluid-specifications-vw-g-055-162","28":"pa_atf-fluid-specifications-vw-g-055-540","29":"pa_atf-fluid-specifications-vw-g-060-162","30":"pa_atf-fluid-specifications-zf-lifeguardfluid-6","31":"pa_atf-fluid-specifications-zf-lifeguardfluid-8","32":"pa_atf-fluid-specifications-zf-s671-090-255","33":"pa_atf-fluid-specifications-zf-s671-090-312","34":"pa_atf-fluid-specifications-zf-te-ml-11","36":"first","37":"onbackorder","38":"shipping-taxable","39":"purchasable","40":"product-type-variable"},"_links":{"self":[{"href":"https:\/\/taktol.de\/pl\/wp-json\/wp\/v2\/product\/19524","targetHints":{"allow":["GET"]}}],"collection":[{"href":"https:\/\/taktol.de\/pl\/wp-json\/wp\/v2\/product"}],"about":[{"href":"https:\/\/taktol.de\/pl\/wp-json\/wp\/v2\/types\/product"}],"version-history":[{"count":1,"href":"https:\/\/taktol.de\/pl\/wp-json\/wp\/v2\/product\/19524\/revisions"}],"predecessor-version":[{"id":21377,"href":"https:\/\/taktol.de\/pl\/wp-json\/wp\/v2\/product\/19524\/revisions\/21377"}],"wp:featuredmedia":[{"embeddable":true,"href":"https:\/\/taktol.de\/pl\/wp-json\/wp\/v2\/media\/17811"}],"wp:attachment":[{"href":"https:\/\/taktol.de\/pl\/wp-json\/wp\/v2\/media?parent=19524"}],"wp:term":[{"taxonomy":"product_brand","embeddable":true,"href":"https:\/\/taktol.de\/pl\/wp-json\/wp\/v2\/product_brand?post=19524"},{"taxonomy":"product_cat","embeddable":true,"href":"https:\/\/taktol.de\/pl\/wp-json\/wp\/v2\/product_cat?post=19524"},{"taxonomy":"product_tag","embeddable":true,"href":"https:\/\/taktol.de\/pl\/wp-json\/wp\/v2\/product_tag?post=19524"}],"curies":[{"name":"wp","href":"https:\/\/api.w.org\/{rel}","templated":true}]}}