{"id":19489,"date":"2024-03-30T07:01:01","date_gmt":"2024-03-30T07:01:01","guid":{"rendered":"https:\/\/taktol.de\/product\/taktol-konzentrat-sf-12\/"},"modified":"2025-03-04T16:32:48","modified_gmt":"2025-03-04T16:32:48","slug":"taktol-konzentrat-sf-12","status":"publish","type":"product","link":"https:\/\/taktol.de\/pl\/product\/taktol-konzentrat-sf-12\/","title":{"rendered":"Taktol Konzentrat SF 12+"},"content":{"rendered":"\t\t<div data-elementor-type=\"wp-post\" data-elementor-id=\"19489\" class=\"elementor elementor-19489 elementor-16730\">\n\t\t\t\t<div class=\"wd-negative-gap elementor-element elementor-element-adb2298 e-flex e-con-boxed e-con e-parent\" data-id=\"adb2298\" data-element_type=\"container\" data-e-type=\"container\">\n\t\t\t\t\t<div class=\"e-con-inner\">\n\t\t<div class=\"elementor-element elementor-element-126f968 e-con-full e-flex e-con e-child\" data-id=\"126f968\" data-element_type=\"container\" data-e-type=\"container\">\n\t\t\t\t<div class=\"elementor-element elementor-element-227440f elementor-widget elementor-widget-wd_text_block\" data-id=\"227440f\" data-element_type=\"widget\" data-e-type=\"widget\" data-widget_type=\"wd_text_block.default\">\n\t\t\t\t<div class=\"elementor-widget-container\">\n\t\t\t\t\t\t\t<div class=\"wd-text-block reset-last-child text-left\">\n\t\t\t\n\t\t\t<p><strong>Taktol Konzentrat SF 12+<\/strong> to skoncentrowany p\u0142yn ch\u0142odz\u0105cy na bazie glikolu monoetylenowego, w po\u0142\u0105czeniu z pakietem dodatk\u00f3w organicznych (OAT), przeznaczony do ochrony uk\u0142ad\u00f3w ch\u0142odzenia pojazd\u00f3w silnikowych, kt\u00f3ry przed u\u017cyciem nale\u017cy rozcie\u0144czy\u0107 wod\u0105.<br \/><strong>Taktol Konzentrat SF 12+<\/strong> wstecznie kompatybilny z wcze\u015bniejszymi p\u0142ynami ch\u0142odz\u0105cymi G12 i G11 VW (TL 774-C\/D), odpowiedni do stosowania w otwartych i zamkni\u0119tych uk\u0142adach ch\u0142odzenia. Zapewnia maksymaln\u0105 ochron\u0119 przed zamarzaniem zim\u0105 i przegrzaniem latem, ochron\u0119 przed korozj\u0105 wszystkich cz\u0119\u015bci metalowych, zw\u0142aszcza aluminiowych i jest kompatybilny z elastomerami. Nie zawiera azotyn\u00f3w, amin, fosforan\u00f3w. Specjalny pakiet dodatk\u00f3w zapewnia wyd\u0142u\u017cony okres mi\u0119dzy wymianami p\u0142ynu ch\u0142odz\u0105cego o co najmniej 3 lata. Zapewnia maksymaln\u0105 ochron\u0119 antykorozyjn\u0105 wszystkich cz\u0119\u015bci silnika i uk\u0142adu ch\u0142odzenia pojazdu, ochron\u0119 cz\u0119\u015bci aluminiowych i aluminiowych, armatury, w\u0119\u017cy i cz\u0119\u015bci z tworzyw sztucznych.<\/p>\n\t\t\t\t\t<\/div>\n\t\t\t\t\t\t<\/div>\n\t\t\t\t<\/div>\n\t\t\t\t<\/div>\n\t\t<div class=\"elementor-element elementor-element-d322f6d e-con-full e-flex e-con e-child\" data-id=\"d322f6d\" data-element_type=\"container\" data-e-type=\"container\">\n\t\t\t\t<div class=\"elementor-element elementor-element-b0a671c elementor-widget elementor-widget-wd_text_block\" data-id=\"b0a671c\" data-element_type=\"widget\" data-e-type=\"widget\" data-widget_type=\"wd_text_block.default\">\n\t\t\t\t<div class=\"elementor-widget-container\">\n\t\t\t\t\t\t\t<div class=\"wd-text-block reset-last-child text-left\">\n\t\t\t\n\t\t\t<p><strong>Specyfikacje:<\/strong><\/p><p>BMW LC-07; DEXCOOL; DTFR 29C110; Ford ESD-M97B-44A<br \/>Ford WSS-M97B44-D; Ford WSS-M97B44-D2; Ford WSS-M97B44-D<br \/>GM 1825M; GM 1899M; GM Saturn; Hyundai\/Kia LLC-A110; MAN 324 SNF<br \/>MB 325.3; Mitsubishi Super Longlife Coolant; Chrysler MS-12106; Nissan L250<br \/>PSA B71 5110; Subaru Super Coolant; TOYOTA Super LongLife Coolant<br \/>Volvo VCS; VW TL 774-D; VW TL 774-F<br \/>Also, this product is recommended when compliance with the following filling regulations is required: ASTM D3306; ASTM D4340; ASTM D4985; G12 Plus<br \/>G30 | G33 | G70; NATO S-759; AFNOR NF R 15 601; Paraflu HT\/Paraflu UP<br \/>SAE J1034.<\/p>\n\t\t\t\t\t<\/div>\n\t\t\t\t\t\t<\/div>\n\t\t\t\t<\/div>\n\t\t\t\t<\/div>\n\t\t\t\t\t<\/div>\n\t\t\t\t<\/div>\n\t\t\t\t<\/div>\n\t\t","protected":false},"excerpt":{"rendered":"<p>Ten nowoczesny, wysokowydajny i d\u0142ugotrwa\u0142y koncentrat niezamarzaj\u0105cy do ch\u0142odnic dzia\u0142a na bazie glikolu monoetylenowego i nie zawiera azotyn\u00f3w, amin, fosforan\u00f3w i krzemian\u00f3w.<\/p>\n","protected":false},"featured_media":17694,"template":"","meta":[],"product_brand":[],"product_cat":[406],"product_tag":[],"class_list":{"0":"post-19489","1":"product","2":"type-product","3":"status-publish","4":"has-post-thumbnail","6":"product_cat-plyn-do-chlodnic","7":"pa_application-ciezarowki-i-autobusy","8":"pa_application-samochod-osobowy","9":"pa_fluid-specifications-bmw-lc-07","10":"pa_fluid-specifications-chrysler-ms-12106","11":"pa_fluid-specifications-coolant-g12","12":"pa_fluid-specifications-dtfr-29c110","13":"pa_fluid-specifications-ford-esd-m97b-44a","14":"pa_fluid-specifications-ford-wss-m97b44-d","15":"pa_fluid-specifications-ford-wss-m97b44-d2","16":"pa_fluid-specifications-gm-1825m","17":"pa_fluid-specifications-gm-1899m","18":"pa_fluid-specifications-gm-dex-cool","19":"pa_fluid-specifications-gm-saturn","20":"pa_fluid-specifications-hyundai-kia-llc-a110","21":"pa_fluid-specifications-man-324-snf","22":"pa_fluid-specifications-mb-325-3","23":"pa_fluid-specifications-mitsubishi-slc","24":"pa_fluid-specifications-nissan-l250","25":"pa_fluid-specifications-psa-b71-5110","26":"pa_fluid-specifications-subaru-sc","27":"pa_fluid-specifications-toyota-slc","28":"pa_fluid-specifications-volvo-vcs","29":"pa_fluid-specifications-vw-tl-774-d","30":"pa_fluid-specifications-vw-tl-774-f","32":"first","33":"onbackorder","34":"shipping-taxable","35":"purchasable","36":"product-type-variable"},"_links":{"self":[{"href":"https:\/\/taktol.de\/pl\/wp-json\/wp\/v2\/product\/19489","targetHints":{"allow":["GET"]}}],"collection":[{"href":"https:\/\/taktol.de\/pl\/wp-json\/wp\/v2\/product"}],"about":[{"href":"https:\/\/taktol.de\/pl\/wp-json\/wp\/v2\/types\/product"}],"version-history":[{"count":1,"href":"https:\/\/taktol.de\/pl\/wp-json\/wp\/v2\/product\/19489\/revisions"}],"predecessor-version":[{"id":21374,"href":"https:\/\/taktol.de\/pl\/wp-json\/wp\/v2\/product\/19489\/revisions\/21374"}],"wp:featuredmedia":[{"embeddable":true,"href":"https:\/\/taktol.de\/pl\/wp-json\/wp\/v2\/media\/17694"}],"wp:attachment":[{"href":"https:\/\/taktol.de\/pl\/wp-json\/wp\/v2\/media?parent=19489"}],"wp:term":[{"taxonomy":"product_brand","embeddable":true,"href":"https:\/\/taktol.de\/pl\/wp-json\/wp\/v2\/product_brand?post=19489"},{"taxonomy":"product_cat","embeddable":true,"href":"https:\/\/taktol.de\/pl\/wp-json\/wp\/v2\/product_cat?post=19489"},{"taxonomy":"product_tag","embeddable":true,"href":"https:\/\/taktol.de\/pl\/wp-json\/wp\/v2\/product_tag?post=19489"}],"curies":[{"name":"wp","href":"https:\/\/api.w.org\/{rel}","templated":true}]}}