{"id":19421,"date":"2024-03-30T09:48:08","date_gmt":"2024-03-30T09:48:08","guid":{"rendered":"https:\/\/taktol.de\/product\/taktol-bs-plus-fluid-dot-4\/"},"modified":"2025-03-04T16:27:10","modified_gmt":"2025-03-04T16:27:10","slug":"taktol-bs-plus-fluid-dot-4","status":"publish","type":"product","link":"https:\/\/taktol.de\/pl\/product\/taktol-bs-plus-fluid-dot-4\/","title":{"rendered":"Taktol BS-Plus Fluid DOT-4"},"content":{"rendered":"\t\t<div data-elementor-type=\"wp-post\" data-elementor-id=\"19421\" class=\"elementor elementor-19421 elementor-16781\">\n\t\t\t\t<div class=\"wd-negative-gap elementor-element elementor-element-c39a32c e-flex e-con-boxed e-con e-parent\" data-id=\"c39a32c\" data-element_type=\"container\" data-e-type=\"container\">\n\t\t\t\t\t<div class=\"e-con-inner\">\n\t\t<div class=\"elementor-element elementor-element-596851b e-con-full e-flex e-con e-child\" data-id=\"596851b\" data-element_type=\"container\" data-e-type=\"container\">\n\t\t\t\t<div class=\"elementor-element elementor-element-766a339 elementor-widget elementor-widget-wd_text_block\" data-id=\"766a339\" data-element_type=\"widget\" data-e-type=\"widget\" data-widget_type=\"wd_text_block.default\">\n\t\t\t\t<div class=\"elementor-widget-container\">\n\t\t\t\t\t\t\t<div class=\"wd-text-block reset-last-child text-left\">\n\t\t\t\n\t\t\t<p><strong>Taktol BS-Plus Fluid DOT-4<\/strong> to hydrauliczny p\u0142yn hamulcowy na bazie eteroboranu glikolu, opracowany specjalnie w celu spe\u0142nienia wymaga\u0144 uznanych na ca\u0142ym \u015bwiecie norm dotycz\u0105cych hydraulicznych p\u0142yn\u00f3w hamulcowych: FMVSS No 116 DOT4, SAE J1704, ISO4925 Class 4 i JIS K2233, zosta\u0142 dodany do gamy, aby zaoferowa\u0107 wsparcie dla pojazd\u00f3w wyposa\u017conych w elektroniczne programy stabilizacji (ESP) i ABS w temperaturach otoczenia od -50\u02daC do +50\u02daC.<\/p><p><strong>Specyfikacje:<\/strong> DOT 4 Plus; DTFR 30B100; Ford SAM-6C9103-A; GM GME L5 104; Jaguar MNA 2829 AA \/Jaguar XR83 M6C25 A; MB 331.0; Renault 41-02-001; SAE J 1703; SUPER DOT-4; TL 766 X\/Y<\/p>\n\t\t\t\t\t<\/div>\n\t\t\t\t\t\t<\/div>\n\t\t\t\t<\/div>\n\t\t\t\t<\/div>\n\t\t<div class=\"elementor-element elementor-element-2659e57 e-con-full e-flex e-con e-child\" data-id=\"2659e57\" data-element_type=\"container\" data-e-type=\"container\">\n\t\t\t\t<div class=\"elementor-element elementor-element-732cf03 elementor-widget elementor-widget-wd_text_block\" data-id=\"732cf03\" data-element_type=\"widget\" data-e-type=\"widget\" data-widget_type=\"wd_text_block.default\">\n\t\t\t\t<div class=\"elementor-widget-container\">\n\t\t\t\t\t\t\t<div class=\"wd-text-block reset-last-child text-left\">\n\t\t\t\n\t\t\t<table class=\"table is-striped attributes-table\" style=\"height: 188px;\" width=\"408\" data-v-3599abbd=\"\" data-v-1288cd64=\"\"><tbody data-v-3599abbd=\"\"><tr data-v-3599abbd=\"\"><td class=\"is-hidden-touch word-wrap\" data-v-3599abbd=\"\"><span data-v-3599abbd=\"\">Temperatura wrzenia (ERBP)<\/span><\/td><td class=\"word-wrap\" colspan=\"1\" data-v-3599abbd=\"\"><span data-v-3599abbd=\"\">257 \u00b0C<\/span><\/td><\/tr><tr data-v-3599abbd=\"\"><td class=\"is-hidden-touch word-wrap\" data-v-3599abbd=\"\"><span data-v-3599abbd=\"\">DOT specyfikacja<\/span><\/td><td class=\"word-wrap\" colspan=\"1\" data-v-3599abbd=\"\"><span data-v-3599abbd=\"\">DOT 4 +<\/span><\/td><\/tr><tr data-v-3599abbd=\"\"><td class=\"is-hidden-touch word-wrap\" data-v-3599abbd=\"\"><span data-v-3599abbd=\"\">Pojemno\u015b\u0107<\/span><\/td><td class=\"word-wrap\" colspan=\"1\" data-v-3599abbd=\"\"><span data-v-3599abbd=\"\">1 l<\/span><\/td><\/tr><tr data-v-3599abbd=\"\"><td class=\"is-hidden-touch word-wrap\" data-v-3599abbd=\"\"><p><span data-v-3599abbd=\"\">Temperatura wrzenia na mokro<\/span><span data-v-3599abbd=\"\">\u00a0(Wet ERBP)<\/span><\/p><\/td><td class=\"word-wrap\" colspan=\"1\" data-v-3599abbd=\"\"><span data-v-3599abbd=\"\">157 \u00b0C<\/span><\/td><\/tr><\/tbody><\/table>\n\t\t\t\t\t<\/div>\n\t\t\t\t\t\t<\/div>\n\t\t\t\t<\/div>\n\t\t\t\t<\/div>\n\t\t\t\t\t<\/div>\n\t\t\t\t<\/div>\n\t\t\t\t<\/div>\n\t\t","protected":false},"excerpt":{"rendered":"<p>P\u0142yn hamulcowy Taktol jest wa\u017cnym, krytycznym dla bezpiecze\u0144stwa elementem uk\u0142adu hamulcowego pojazdu. W pe\u0142ni syntetyczne p\u0142yny hamulcowe DOT 4, DOT 4 LV (o niskiej lepko\u015bci), DOT 4 Plus marki Taktol s\u0105 oparte na glikolach i zawieraj\u0105 inhibitory utleniania i korozji, charakteryzuj\u0105 si\u0119 doskona\u0142ymi w\u0142a\u015bciwo\u015bciami suchej i mokrej temperatury wrzenia.<\/p>\n","protected":false},"featured_media":17868,"template":"elementor_theme","meta":[],"product_brand":[],"product_cat":[409],"product_tag":[],"class_list":{"0":"post-19421","1":"product","2":"type-product","3":"status-publish","4":"has-post-thumbnail","6":"product_cat-plyn-hamulcowy","7":"pa_application-ciezarowki-i-autobusy","8":"pa_application-samochod-osobowy","9":"pa_fluid-specifications-dot-4-plus-fluid","10":"pa_fluid-specifications-dtfr-30b100","11":"pa_fluid-specifications-ford-sam-6c9103-a","12":"pa_fluid-specifications-gm-gme-l5-104","13":"pa_fluid-specifications-jaguar-mna-2829-aa","14":"pa_fluid-specifications-jaguar-xr83-m6c25-a","15":"pa_fluid-specifications-mb-331-0","16":"pa_fluid-specifications-renault-41-02-001","17":"pa_fluid-specifications-super-dot-4","18":"pa_fluid-specifications-vw-b-000-750-m3","19":"pa_viscosity-sae-sae-j1704","21":"first","22":"onbackorder","23":"shipping-taxable","24":"purchasable","25":"product-type-variable"},"_links":{"self":[{"href":"https:\/\/taktol.de\/pl\/wp-json\/wp\/v2\/product\/19421","targetHints":{"allow":["GET"]}}],"collection":[{"href":"https:\/\/taktol.de\/pl\/wp-json\/wp\/v2\/product"}],"about":[{"href":"https:\/\/taktol.de\/pl\/wp-json\/wp\/v2\/types\/product"}],"version-history":[{"count":1,"href":"https:\/\/taktol.de\/pl\/wp-json\/wp\/v2\/product\/19421\/revisions"}],"predecessor-version":[{"id":21368,"href":"https:\/\/taktol.de\/pl\/wp-json\/wp\/v2\/product\/19421\/revisions\/21368"}],"wp:featuredmedia":[{"embeddable":true,"href":"https:\/\/taktol.de\/pl\/wp-json\/wp\/v2\/media\/17868"}],"wp:attachment":[{"href":"https:\/\/taktol.de\/pl\/wp-json\/wp\/v2\/media?parent=19421"}],"wp:term":[{"taxonomy":"product_brand","embeddable":true,"href":"https:\/\/taktol.de\/pl\/wp-json\/wp\/v2\/product_brand?post=19421"},{"taxonomy":"product_cat","embeddable":true,"href":"https:\/\/taktol.de\/pl\/wp-json\/wp\/v2\/product_cat?post=19421"},{"taxonomy":"product_tag","embeddable":true,"href":"https:\/\/taktol.de\/pl\/wp-json\/wp\/v2\/product_tag?post=19421"}],"curies":[{"name":"wp","href":"https:\/\/api.w.org\/{rel}","templated":true}]}}