{"id":19382,"date":"2024-03-30T15:28:57","date_gmt":"2024-03-30T15:28:57","guid":{"rendered":"https:\/\/taktol.de\/product\/taktol-expert-gfe-5w-30\/"},"modified":"2026-01-08T16:08:52","modified_gmt":"2026-01-08T16:08:52","slug":"taktol-expert-gfe-5w-30","status":"publish","type":"product","link":"https:\/\/taktol.de\/pl\/product\/taktol-expert-gfe-5w-30\/","title":{"rendered":"Taktol Expert GFE 5W-30"},"content":{"rendered":"<p><strong>Taktol Expert GFE 5W-30<\/strong> to w pe\u0142ni syntetyczny olej silnikowy Mid SAPS przeznaczony do silnik\u00f3w benzynowych z turbodo\u0142adowaniem lub bez oraz z bezpo\u015brednim wtryskiem paliwa. Jest idealny do nowoczesnych silnik\u00f3w benzynowych zgodnych ze specyfikacj\u0105 dexos1\u2122 Gen3. Zalecany jest do silnik\u00f3w hybrydowych we wszystkich warunkach eksploatacyjnych. Nale\u017cy przestrzega\u0107 instrukcji obs\u0142ugi producenta samochodu i silnika. <\/p>\n<p>API SP, API SQ (RC), ILSAC GF-5\/GF-6A, ILSAC GF-7A<\/p>\n<p>Dexos1\u2122 Gen3 (D335AADH374), Chrysler MS-6395, Fiat 9.55535-CR1, Ford WSS-M2C929-A, Ford WSS-M2C946-A\/-B1, Ford WSS-M2C961-A, GM 6094M, Opel\/Vauxhall OV0401547-G30, VWC 53034<\/p>\n","protected":false},"excerpt":{"rendered":"<p>Energooszcz\u0119dny olej silnikowy do nowoczesnych silnik\u00f3w benzynowych zgodnie ze specyfikacj\u0105 dexos1\u2122 Gen3, zalecany do silnik\u00f3w hybrydowych w ka\u017cdych warunkach pracy.<\/p>\n","protected":false},"featured_media":17724,"template":"","meta":[],"product_brand":[],"product_cat":[424,421],"product_tag":[],"class_list":{"0":"post-19382","1":"product","2":"type-product","3":"status-publish","4":"has-post-thumbnail","6":"product_cat-expert-linia","7":"product_cat-olej-silnikowy","8":"pa_api-api-sp","9":"pa_api-api-sq-rc","10":"pa_application-samochod-osobowy","11":"pa_application-technologia-hybrydowa","12":"pa_ilsac-ilsac-gf-5","13":"pa_ilsac-ilsac-gf-6a","14":"pa_ilsac-ilsac-gf-7a","15":"pa_specifications-chrysler-ms-6395","16":"pa_specifications-fiat-9-55535-cr1","17":"pa_specifications-ford-wss-m2c929-a","18":"pa_specifications-ford-wss-m2c946-a","19":"pa_specifications-ford-wss-m2c946-b1","20":"pa_specifications-ford-wss-m2c961-a","21":"pa_specifications-gm-6094m","22":"pa_specifications-gm-dexos1-gen3","23":"pa_specifications-opel-ov-040-1547-g30","24":"pa_specifications-vwc-53034","25":"pa_viscosity-sae-5w-30","27":"first","28":"onbackorder","29":"shipping-taxable","30":"purchasable","31":"product-type-variable"},"_links":{"self":[{"href":"https:\/\/taktol.de\/pl\/wp-json\/wp\/v2\/product\/19382","targetHints":{"allow":["GET"]}}],"collection":[{"href":"https:\/\/taktol.de\/pl\/wp-json\/wp\/v2\/product"}],"about":[{"href":"https:\/\/taktol.de\/pl\/wp-json\/wp\/v2\/types\/product"}],"version-history":[{"count":3,"href":"https:\/\/taktol.de\/pl\/wp-json\/wp\/v2\/product\/19382\/revisions"}],"predecessor-version":[{"id":24510,"href":"https:\/\/taktol.de\/pl\/wp-json\/wp\/v2\/product\/19382\/revisions\/24510"}],"wp:featuredmedia":[{"embeddable":true,"href":"https:\/\/taktol.de\/pl\/wp-json\/wp\/v2\/media\/17724"}],"wp:attachment":[{"href":"https:\/\/taktol.de\/pl\/wp-json\/wp\/v2\/media?parent=19382"}],"wp:term":[{"taxonomy":"product_brand","embeddable":true,"href":"https:\/\/taktol.de\/pl\/wp-json\/wp\/v2\/product_brand?post=19382"},{"taxonomy":"product_cat","embeddable":true,"href":"https:\/\/taktol.de\/pl\/wp-json\/wp\/v2\/product_cat?post=19382"},{"taxonomy":"product_tag","embeddable":true,"href":"https:\/\/taktol.de\/pl\/wp-json\/wp\/v2\/product_tag?post=19382"}],"curies":[{"name":"wp","href":"https:\/\/api.w.org\/{rel}","templated":true}]}}