{"id":19340,"date":"2024-03-30T15:31:37","date_gmt":"2024-03-30T15:31:37","guid":{"rendered":"https:\/\/taktol.de\/product\/taktol-expert-fe-synth-5w-30\/"},"modified":"2026-03-19T08:46:43","modified_gmt":"2026-03-19T08:46:43","slug":"taktol-expert-fe-synth-5w-30","status":"publish","type":"product","link":"https:\/\/taktol.de\/pl\/product\/taktol-expert-fe-synth-5w-30\/","title":{"rendered":"Taktol Expert FE-Synth 5W-30"},"content":{"rendered":"\t\t<div data-elementor-type=\"wp-post\" data-elementor-id=\"19340\" class=\"elementor elementor-19340 elementor-16807\">\n\t\t\t\t<div class=\"wd-negative-gap elementor-element elementor-element-938ec4e e-flex e-con-boxed e-con e-parent\" data-id=\"938ec4e\" data-element_type=\"container\" data-e-type=\"container\">\n\t\t\t\t\t<div class=\"e-con-inner\">\n\t\t<div class=\"elementor-element elementor-element-b662b42 e-con-full e-flex e-con e-child\" data-id=\"b662b42\" data-element_type=\"container\" data-e-type=\"container\">\n\t\t\t\t<div class=\"elementor-element elementor-element-827e81f elementor-widget elementor-widget-wd_text_block\" data-id=\"827e81f\" data-element_type=\"widget\" data-e-type=\"widget\" data-widget_type=\"wd_text_block.default\">\n\t\t\t\t<div class=\"elementor-widget-container\">\n\t\t\t\t\t\t\t<div class=\"wd-text-block reset-last-child text-left\">\n\t\t\t\n\t\t\t<p><strong>Taktol Expert FE-Synth 5W-30<\/strong> is an energy-efficient engine oil for year-round use, and is ideal for modern petrol and diesel car engines and can be used in Ford and Renault engines (also all European and Asian engines requiring A1\/B1 and A5\/B5) with the specifications indicated. Nale\u017cy przestrzega\u0107 instrukcji obs\u0142ugi producenta samochodu i silnika.<\/p>\n\t\t\t\t\t<\/div>\n\t\t\t\t\t\t<\/div>\n\t\t\t\t<\/div>\n\t\t\t\t<\/div>\n\t\t<div class=\"elementor-element elementor-element-961ae56 e-con-full e-flex e-con e-child\" data-id=\"961ae56\" data-element_type=\"container\" data-e-type=\"container\">\n\t\t\t\t<div class=\"elementor-element elementor-element-df39ddb elementor-widget elementor-widget-wd_text_block\" data-id=\"df39ddb\" data-element_type=\"widget\" data-e-type=\"widget\" data-widget_type=\"wd_text_block.default\">\n\t\t\t\t<div class=\"elementor-widget-container\">\n\t\t\t\t\t\t\t<div class=\"wd-text-block reset-last-child text-left\">\n\t\t\t\n\t\t\t<p><strong>ACEA A5\/B5, API SP<\/strong><\/p><p>Ford WSS-M2C913-D (Incl. Ford WSS-M2C913-A\/B\/C), Renault RN700, Fiat 9.55535-N1, Jaguar Land Rover STJLR.03.5003, VWC 53036<\/p>\n\t\t\t\t\t<\/div>\n\t\t\t\t\t\t<\/div>\n\t\t\t\t<\/div>\n\t\t\t\t<\/div>\n\t\t\t\t\t<\/div>\n\t\t\t\t<\/div>\n\t\t\t\t<\/div>\n\t\t","protected":false},"excerpt":{"rendered":"<p>Jest nowoczesnym, wysokowydajnym olejem silnikowym o niskim tarciu klasy SAE 5W-30 opartym na najnowszej technologii syntetycznej.<\/p>\n","protected":false},"featured_media":17739,"template":"","meta":[],"product_brand":[],"product_cat":[424,421],"product_tag":[],"class_list":{"0":"post-19340","1":"product","2":"type-product","3":"status-publish","4":"has-post-thumbnail","6":"product_cat-expert-linia","7":"product_cat-olej-silnikowy","8":"pa_acea-acea-a5-b5","9":"pa_api-api-sp","10":"pa_application-samochod-osobowy","11":"pa_specifications-fiat-9-55535-n1","12":"pa_specifications-ford-wss-m2c913-a","13":"pa_specifications-ford-wss-m2c913-b","14":"pa_specifications-ford-wss-m2c913-c","15":"pa_specifications-ford-wss-m2c913-d","16":"pa_specifications-jaguar-land-rover-stjlr-03-5003","17":"pa_specifications-renault-rn0700","18":"pa_specifications-vwc-53036","19":"pa_viscosity-sae-5w-30","21":"first","22":"onbackorder","23":"shipping-taxable","24":"purchasable","25":"product-type-variable"},"_links":{"self":[{"href":"https:\/\/taktol.de\/pl\/wp-json\/wp\/v2\/product\/19340","targetHints":{"allow":["GET"]}}],"collection":[{"href":"https:\/\/taktol.de\/pl\/wp-json\/wp\/v2\/product"}],"about":[{"href":"https:\/\/taktol.de\/pl\/wp-json\/wp\/v2\/types\/product"}],"version-history":[{"count":2,"href":"https:\/\/taktol.de\/pl\/wp-json\/wp\/v2\/product\/19340\/revisions"}],"predecessor-version":[{"id":21777,"href":"https:\/\/taktol.de\/pl\/wp-json\/wp\/v2\/product\/19340\/revisions\/21777"}],"wp:featuredmedia":[{"embeddable":true,"href":"https:\/\/taktol.de\/pl\/wp-json\/wp\/v2\/media\/17739"}],"wp:attachment":[{"href":"https:\/\/taktol.de\/pl\/wp-json\/wp\/v2\/media?parent=19340"}],"wp:term":[{"taxonomy":"product_brand","embeddable":true,"href":"https:\/\/taktol.de\/pl\/wp-json\/wp\/v2\/product_brand?post=19340"},{"taxonomy":"product_cat","embeddable":true,"href":"https:\/\/taktol.de\/pl\/wp-json\/wp\/v2\/product_cat?post=19340"},{"taxonomy":"product_tag","embeddable":true,"href":"https:\/\/taktol.de\/pl\/wp-json\/wp\/v2\/product_tag?post=19340"}],"curies":[{"name":"wp","href":"https:\/\/api.w.org\/{rel}","templated":true}]}}