{"id":19296,"date":"2024-03-30T15:32:55","date_gmt":"2024-03-30T15:32:55","guid":{"rendered":"https:\/\/taktol.de\/product\/taktol-expert-fs-synth-5w-40\/"},"modified":"2025-03-22T14:00:13","modified_gmt":"2025-03-22T14:00:13","slug":"taktol-expert-fs-synth-5w-40","status":"publish","type":"product","link":"https:\/\/taktol.de\/pl\/product\/taktol-expert-fs-synth-5w-40\/","title":{"rendered":"Taktol Expert FS-Synth 5W-40"},"content":{"rendered":"<p><strong>Taktol Expert FS-Synth 5W-40<\/strong> jest zalecany jako wysokowydajny olej silnikowy o niskim tarciu do wymagaj\u0105cych nowoczesnych silnik\u00f3w. Nadaje si\u0119 do silnik\u00f3w benzynowych i wysokopr\u0119\u017cnych, w tym wersji turbo i silnik\u00f3w z bezpo\u015brednim wtryskiem paliwa w ca\u0142orocznym u\u017cytkowaniu.<br \/>\n<strong>Taktol Expert FS-Synth 5W-40<\/strong> zapewnia doskona\u0142\u0105 ochron\u0119 przed zu\u017cyciem, lepsz\u0105 czysto\u015b\u0107 silnika w celu wyd\u0142u\u017cenia jego \u017cywotno\u015bci i dalsz\u0105 lepsz\u0105 ochron\u0119 przed starzeniem w celu zapewnienia najd\u0142u\u017cszych okres\u00f3w mi\u0119dzy wymianami oleju.<\/p>\n","protected":false},"excerpt":{"rendered":"<p>Wysokowydajny olej silnikowy o niskim wsp\u00f3\u0142czynniku tarcia w klasie SAE 5W-40 oparty na najnowszej technologii syntetycznej.<\/p>\n","protected":false},"featured_media":17730,"template":"","meta":[],"product_brand":[],"product_cat":[424,421],"product_tag":[],"class_list":{"0":"post-19296","1":"product","2":"type-product","3":"status-publish","4":"has-post-thumbnail","6":"product_cat-expert-linia","7":"product_cat-olej-silnikowy","8":"pa_acea-acea-a3-b4","9":"pa_api-api-sn-cf","10":"pa_application-samochod-osobowy","11":"pa_specifications-bmw-longlife-01","12":"pa_specifications-mb-229-3","13":"pa_specifications-mb-229-5","14":"pa_specifications-opel-gm-ll-025-a","15":"pa_specifications-opel-gm-ll-025-b","16":"pa_specifications-porsche-a40","17":"pa_specifications-renault-rn0700","18":"pa_specifications-renault-rn0710","19":"pa_specifications-vw-502-00-505-00","20":"pa_viscosity-sae-5w-40","22":"first","23":"onbackorder","24":"shipping-taxable","25":"purchasable","26":"product-type-variable"},"_links":{"self":[{"href":"https:\/\/taktol.de\/pl\/wp-json\/wp\/v2\/product\/19296","targetHints":{"allow":["GET"]}}],"collection":[{"href":"https:\/\/taktol.de\/pl\/wp-json\/wp\/v2\/product"}],"about":[{"href":"https:\/\/taktol.de\/pl\/wp-json\/wp\/v2\/types\/product"}],"version-history":[{"count":2,"href":"https:\/\/taktol.de\/pl\/wp-json\/wp\/v2\/product\/19296\/revisions"}],"predecessor-version":[{"id":21656,"href":"https:\/\/taktol.de\/pl\/wp-json\/wp\/v2\/product\/19296\/revisions\/21656"}],"wp:featuredmedia":[{"embeddable":true,"href":"https:\/\/taktol.de\/pl\/wp-json\/wp\/v2\/media\/17730"}],"wp:attachment":[{"href":"https:\/\/taktol.de\/pl\/wp-json\/wp\/v2\/media?parent=19296"}],"wp:term":[{"taxonomy":"product_brand","embeddable":true,"href":"https:\/\/taktol.de\/pl\/wp-json\/wp\/v2\/product_brand?post=19296"},{"taxonomy":"product_cat","embeddable":true,"href":"https:\/\/taktol.de\/pl\/wp-json\/wp\/v2\/product_cat?post=19296"},{"taxonomy":"product_tag","embeddable":true,"href":"https:\/\/taktol.de\/pl\/wp-json\/wp\/v2\/product_tag?post=19296"}],"curies":[{"name":"wp","href":"https:\/\/api.w.org\/{rel}","templated":true}]}}