{"id":19148,"date":"2024-03-30T15:35:28","date_gmt":"2024-03-30T15:35:28","guid":{"rendered":"https:\/\/taktol.de\/product\/taktol-expert-hc-synth-5w-40\/"},"modified":"2025-03-04T16:12:47","modified_gmt":"2025-03-04T16:12:47","slug":"taktol-expert-hc-synth-5w-40","status":"publish","type":"product","link":"https:\/\/taktol.de\/pl\/product\/taktol-expert-hc-synth-5w-40\/","title":{"rendered":"Taktol Expert HC-Synth 5W-40"},"content":{"rendered":"\t\t<div data-elementor-type=\"wp-post\" data-elementor-id=\"19148\" class=\"elementor elementor-19148 elementor-16831\">\n\t\t\t\t<div class=\"wd-negative-gap elementor-element elementor-element-938ec4e e-flex e-con-boxed e-con e-parent\" data-id=\"938ec4e\" data-element_type=\"container\" data-e-type=\"container\">\n\t\t\t\t\t<div class=\"e-con-inner\">\n\t\t<div class=\"elementor-element elementor-element-b662b42 e-con-full e-flex e-con e-child\" data-id=\"b662b42\" data-element_type=\"container\" data-e-type=\"container\">\n\t\t\t\t<div class=\"elementor-element elementor-element-827e81f elementor-widget elementor-widget-wd_text_block\" data-id=\"827e81f\" data-element_type=\"widget\" data-e-type=\"widget\" data-widget_type=\"wd_text_block.default\">\n\t\t\t\t<div class=\"elementor-widget-container\">\n\t\t\t\t\t\t\t<div class=\"wd-text-block reset-last-child text-left\">\n\t\t\t\n\t\t\t<p><strong>Taktol Expert HC-Synth 5W-40<\/strong> jest szczeg\u00f3lnie zalecany do silnik\u00f3w wysokopr\u0119\u017cnych z uk\u0142adami oczyszczania spalin, takimi jak DPF (filtry cz\u0105stek sta\u0142ych), a tak\u017ce do silnik\u00f3w benzynowych z tr\u00f3jdro\u017cnymi katalizatorami. Olej silnikowy utrzymuje skuteczno\u015b\u0107 system\u00f3w oczyszczania spalin przez d\u0142u\u017cszy czas pracy, spe\u0142nia wymagania Opel dexos2 i mo\u017ce by\u0107 r\u00f3wnie\u017c stosowany w silnikach, w kt\u00f3rych wymagane s\u0105 oleje silnikowe zgodne z Opel GM-LL-A-025 i Opel GM-LL-B-025. Mo\u017ce by\u0107 r\u00f3wnie\u017c stosowany w silnikach benzynowych i wysokopr\u0119\u017cnych, w kt\u00f3rych zalecane jest stosowanie olej\u00f3w silnikowych zgodnych z dawn\u0105 norm\u0105 ACEA A3\/B4.<\/p>\n\t\t\t\t\t<\/div>\n\t\t\t\t\t\t<\/div>\n\t\t\t\t<\/div>\n\t\t\t\t<\/div>\n\t\t<div class=\"elementor-element elementor-element-961ae56 e-con-full e-flex e-con e-child\" data-id=\"961ae56\" data-element_type=\"container\" data-e-type=\"container\">\n\t\t\t\t<div class=\"elementor-element elementor-element-df39ddb elementor-widget elementor-widget-wd_text_block\" data-id=\"df39ddb\" data-element_type=\"widget\" data-e-type=\"widget\" data-widget_type=\"wd_text_block.default\">\n\t\t\t\t<div class=\"elementor-widget-container\">\n\t\t\t\t\t\t\t<div class=\"wd-text-block reset-last-child text-left\">\n\t\t\t\n\t\t\t<p><strong>Poziom wydajno\u015bci:<\/strong><\/p><p><strong>ACEA C3; API SN\/CF<\/strong><\/p><p>BMW-Longlife-04, Chrysler MS-11106, Fiat 9.55535-S2, Ford WSS-M2C917-A, GM dexos 2, MB 226.5, MB 229.31, MB 229.51, Porsche A40, Renault RN0700, Renault RN0710, VW 505 00\/505 01<\/p>\n\t\t\t\t\t<\/div>\n\t\t\t\t\t\t<\/div>\n\t\t\t\t<\/div>\n\t\t\t\t<\/div>\n\t\t\t\t\t<\/div>\n\t\t\t\t<\/div>\n\t\t\t\t<\/div>\n\t\t","protected":false},"excerpt":{"rendered":"<p>Expert HC-Synth 5W-40 to wysokowydajny olej silnikowy o niskim wsp\u00f3\u0142czynniku tarcia w klasie SAE 5W-40.<\/p>\n","protected":false},"featured_media":17757,"template":"","meta":[],"product_brand":[],"product_cat":[424,421],"product_tag":[],"class_list":{"0":"post-19148","1":"product","2":"type-product","3":"status-publish","4":"has-post-thumbnail","6":"product_cat-expert-linia","7":"product_cat-olej-silnikowy","8":"pa_acea-acea-c3","9":"pa_api-api-sn-cf","10":"pa_application-samochod-osobowy","11":"pa_specifications-bmw-longlife-04","12":"pa_specifications-chrysler-ms-11106","13":"pa_specifications-fiat-9-55535-s2","14":"pa_specifications-ford-wss-m2c917-a","15":"pa_specifications-gm-dexos-2","16":"pa_specifications-mb-226-5","17":"pa_specifications-mb-229-31","18":"pa_specifications-mb-229-51","19":"pa_specifications-porsche-a40","20":"pa_specifications-renault-rn0700","21":"pa_specifications-renault-rn0710","22":"pa_specifications-vw-505-00-505-01","23":"pa_viscosity-sae-5w-40","25":"first","26":"onbackorder","27":"shipping-taxable","28":"purchasable","29":"product-type-variable"},"_links":{"self":[{"href":"https:\/\/taktol.de\/pl\/wp-json\/wp\/v2\/product\/19148","targetHints":{"allow":["GET"]}}],"collection":[{"href":"https:\/\/taktol.de\/pl\/wp-json\/wp\/v2\/product"}],"about":[{"href":"https:\/\/taktol.de\/pl\/wp-json\/wp\/v2\/types\/product"}],"version-history":[{"count":1,"href":"https:\/\/taktol.de\/pl\/wp-json\/wp\/v2\/product\/19148\/revisions"}],"predecessor-version":[{"id":21352,"href":"https:\/\/taktol.de\/pl\/wp-json\/wp\/v2\/product\/19148\/revisions\/21352"}],"wp:featuredmedia":[{"embeddable":true,"href":"https:\/\/taktol.de\/pl\/wp-json\/wp\/v2\/media\/17757"}],"wp:attachment":[{"href":"https:\/\/taktol.de\/pl\/wp-json\/wp\/v2\/media?parent=19148"}],"wp:term":[{"taxonomy":"product_brand","embeddable":true,"href":"https:\/\/taktol.de\/pl\/wp-json\/wp\/v2\/product_brand?post=19148"},{"taxonomy":"product_cat","embeddable":true,"href":"https:\/\/taktol.de\/pl\/wp-json\/wp\/v2\/product_cat?post=19148"},{"taxonomy":"product_tag","embeddable":true,"href":"https:\/\/taktol.de\/pl\/wp-json\/wp\/v2\/product_tag?post=19148"}],"curies":[{"name":"wp","href":"https:\/\/api.w.org\/{rel}","templated":true}]}}