{"id":19112,"date":"2024-03-30T15:36:38","date_gmt":"2024-03-30T15:36:38","guid":{"rendered":"https:\/\/taktol.de\/product\/taktol-expert-ls-synth-5w-30\/"},"modified":"2025-03-04T16:09:11","modified_gmt":"2025-03-04T16:09:11","slug":"taktol-expert-ls-synth-5w-30","status":"publish","type":"product","link":"https:\/\/taktol.de\/pl\/product\/taktol-expert-ls-synth-5w-30\/","title":{"rendered":"Taktol Expert LS-Synth 5W-30"},"content":{"rendered":"<p><strong>Taktol Expert LS-Synth 5W-30<\/strong> to syntetyczny olej silnikowy specjalnie zaprojektowany do samochod\u00f3w najnowszej generacji, takich jak BMW Group, GM (General Motors) OPEL, MERCEDES, VW i innych samochod\u00f3w nap\u0119dzanych silnikami benzynowymi i wysokopr\u0119\u017cnymi zgodnymi z normami emisji spalin Euro 4, 5 lub 6 i wymagaj\u0105cymi oleju silnikowego ACEA C3 i ACEA C2. Kompatybilny z katalizatorami (CAT) i filtrami cz\u0105stek sta\u0142ych (DPF).<\/p>\n","protected":false},"excerpt":{"rendered":"<p>Taktol Expert LS-Synth 5W-30 to syntetyczny olej silnikowy specjalnie zaprojektowany do samochod\u00f3w najnowszej generacji, takich jak BMW Group, GM (General<\/p>\n","protected":false},"featured_media":17769,"template":"","meta":[],"product_brand":[],"product_cat":[424,421],"product_tag":[],"class_list":{"0":"post-19112","1":"product","2":"type-product","3":"status-publish","4":"has-post-thumbnail","6":"product_cat-expert-linia","7":"product_cat-olej-silnikowy","8":"pa_acea-acea-c2","9":"pa_acea-acea-c3","10":"pa_api-api-sn-cf","11":"pa_application-samochod-osobowy","12":"pa_specifications-bmw-longlife-04","13":"pa_specifications-chrysler-ms-11106","14":"pa_specifications-fiat-9-55535-s3","15":"pa_specifications-ford-wss-m2c917-a","16":"pa_specifications-gm-dexos-2","17":"pa_specifications-mb-229-31","18":"pa_specifications-mb-229-51","19":"pa_specifications-mb-229-52","20":"pa_specifications-opel-ov-040-1547-d30","21":"pa_specifications-renault-rn0700","22":"pa_specifications-renault-rn0710","23":"pa_specifications-vw-505-00-505-01","24":"pa_viscosity-sae-5w-30","26":"first","27":"onbackorder","28":"shipping-taxable","29":"purchasable","30":"product-type-variable"},"_links":{"self":[{"href":"https:\/\/taktol.de\/pl\/wp-json\/wp\/v2\/product\/19112","targetHints":{"allow":["GET"]}}],"collection":[{"href":"https:\/\/taktol.de\/pl\/wp-json\/wp\/v2\/product"}],"about":[{"href":"https:\/\/taktol.de\/pl\/wp-json\/wp\/v2\/types\/product"}],"version-history":[{"count":2,"href":"https:\/\/taktol.de\/pl\/wp-json\/wp\/v2\/product\/19112\/revisions"}],"predecessor-version":[{"id":21215,"href":"https:\/\/taktol.de\/pl\/wp-json\/wp\/v2\/product\/19112\/revisions\/21215"}],"wp:featuredmedia":[{"embeddable":true,"href":"https:\/\/taktol.de\/pl\/wp-json\/wp\/v2\/media\/17769"}],"wp:attachment":[{"href":"https:\/\/taktol.de\/pl\/wp-json\/wp\/v2\/media?parent=19112"}],"wp:term":[{"taxonomy":"product_brand","embeddable":true,"href":"https:\/\/taktol.de\/pl\/wp-json\/wp\/v2\/product_brand?post=19112"},{"taxonomy":"product_cat","embeddable":true,"href":"https:\/\/taktol.de\/pl\/wp-json\/wp\/v2\/product_cat?post=19112"},{"taxonomy":"product_tag","embeddable":true,"href":"https:\/\/taktol.de\/pl\/wp-json\/wp\/v2\/product_tag?post=19112"}],"curies":[{"name":"wp","href":"https:\/\/api.w.org\/{rel}","templated":true}]}}