{"id":18960,"date":"2024-03-30T15:42:49","date_gmt":"2024-03-30T15:42:49","guid":{"rendered":"https:\/\/taktol.de\/product\/taktol-turbotruck-10w-40\/"},"modified":"2026-02-03T21:55:26","modified_gmt":"2026-02-03T21:55:26","slug":"taktol-turbotruck-10w-40","status":"publish","type":"product","link":"https:\/\/taktol.de\/pl\/product\/taktol-turbotruck-10w-40\/","title":{"rendered":"Taktol TurboTruck 10W-40"},"content":{"rendered":"\t\t<div data-elementor-type=\"wp-post\" data-elementor-id=\"18960\" class=\"elementor elementor-18960 elementor-16863\">\n\t\t\t\t<div class=\"wd-negative-gap elementor-element elementor-element-bd86b42 e-flex e-con-boxed e-con e-parent\" data-id=\"bd86b42\" data-element_type=\"container\" data-e-type=\"container\">\n\t\t\t\t\t<div class=\"e-con-inner\">\n\t\t<div class=\"elementor-element elementor-element-a7c9d46 e-con-full e-flex e-con e-child\" data-id=\"a7c9d46\" data-element_type=\"container\" data-e-type=\"container\">\n\t\t\t\t<div class=\"elementor-element elementor-element-ba12006 elementor-widget elementor-widget-wd_text_block\" data-id=\"ba12006\" data-element_type=\"widget\" data-e-type=\"widget\" data-widget_type=\"wd_text_block.default\">\n\t\t\t\t<div class=\"elementor-widget-container\">\n\t\t\t\t\t\t\t<div class=\"wd-text-block reset-last-child text-left\">\n\t\t\t\n\t\t\t<p><strong>Taktol TurboTruck 10W-40 <\/strong>to oszcz\u0119dzaj\u0105cy paliwo uniwersalny olej MID SAPS o super wysokiej wydajno\u015bci oparty w 100% na technologii syntetycznej, przeznaczony do wysokoobci\u0105\u017conych silnik\u00f3w wysokopr\u0119\u017cnych w lekkich i ci\u0119\u017ckich pojazdach u\u017cytkowych pracuj\u0105cych w trudnych warunkach eksploatacyjnych przez ca\u0142y rok, do stosowania w silnikach Euro-4, Euro-5 i Euro-6 wyposa\u017conych w filtr cz\u0105stek sta\u0142ych (DPF) i dostosowany do silnik\u00f3w wysokopr\u0119\u017cnych wyposa\u017conych w uk\u0142ad oczyszczania spalin EGR i\/lub SCR.<\/p><p>Zastosowanie zapewnia: - Doskona\u0142\u0105 stabilno\u015b\u0107 termiczn\u0105 i oksydacyjn\u0105. - Bardzo dobre w\u0142a\u015bciwo\u015bci dysperguj\u0105ce i odstraszaj\u0105ce. - Wysokie w\u0142a\u015bciwo\u015bci przeciwpienne, przeciwzu\u017cyciowe i antykorozyjne. - Doskona\u0142a ochrona przed \"polerowaniem otwor\u00f3w\". - Wyd\u0142u\u017cone okresy mi\u0119dzy wymianami oleju. - Zgodny z najsurowszymi europejskimi przepisami dotycz\u0105cymi emisji.<\/p>\n\t\t\t\t\t<\/div>\n\t\t\t\t\t\t<\/div>\n\t\t\t\t<\/div>\n\t\t\t\t<\/div>\n\t\t<div class=\"elementor-element elementor-element-5a85928 e-con-full e-flex e-con e-child\" data-id=\"5a85928\" data-element_type=\"container\" data-e-type=\"container\">\n\t\t\t\t<div class=\"elementor-element elementor-element-ade7422 elementor-widget elementor-widget-wd_text_block\" data-id=\"ade7422\" data-element_type=\"widget\" data-e-type=\"widget\" data-widget_type=\"wd_text_block.default\">\n\t\t\t\t<div class=\"elementor-widget-container\">\n\t\t\t\t\t\t\t<div class=\"wd-text-block reset-last-child text-left\">\n\t\t\t\n\t\t\t<p><strong>Poziom wydajno\u015bci:<\/strong><\/p><p>API CK-4\/SN; ACEA E6\/E7\/E8\/E9\/E11; JASO DH-2<\/p><p>Caterpillar ECF-1 | Caterpillar ECF-2 | Caterpillar ECF-3<br>Cummins CES 20081\/20086 | DAF HP-2 | DDC 93K218 | DDC 93K222<br>Deutz DQC IV-10 LA | DTFR 15C100 (228.31) | DTFR 15C110 (228.51)<br>IVECO 18-1804 TLS E9 | Mack EOS-4.5 | MAN M 3477 | MAN M 3575<br>MAN M 3275 | MAN M 3271-1 | MTU Typ 3.1 | Renault VI RLD-3<br>SCANIA Low Ash | VOLVO VDS-4.5<\/p>\n\t\t\t\t\t<\/div>\n\t\t\t\t\t\t<\/div>\n\t\t\t\t<\/div>\n\t\t\t\t<\/div>\n\t\t\t\t\t<\/div>\n\t\t\t\t<\/div>\n\t\t\t\t<\/div>\n\t\t","protected":false},"excerpt":{"rendered":"<p>Syntetyczny olej silnikowy MID SAPS Heavy Duty Diesel Engine oparty w 100% na technologii syntetycznej, przeznaczony do wysokoobci\u0105\u017conych silnik\u00f3w wysokopr\u0119\u017cnych w lekkich i ci\u0119\u017ckich pojazdach u\u017cytkowych.<\/p>\n","protected":false},"featured_media":17826,"template":"","meta":[],"product_brand":[],"product_cat":[421,430],"product_tag":[],"class_list":{"0":"post-18960","1":"product","2":"type-product","3":"status-publish","4":"has-post-thumbnail","6":"product_cat-olej-silnikowy","7":"product_cat-truck-linia","8":"pa_acea-acea-e11","9":"pa_acea-acea-e6","10":"pa_acea-acea-e7","11":"pa_acea-acea-e8","12":"pa_acea-acea-e9","13":"pa_api-api-ck-4","14":"pa_api-api-sn","15":"pa_application-ciezarowki-i-autobusy","16":"pa_specifications-caterpillar-ecf-1","17":"pa_specifications-caterpillar-ecf-2","18":"pa_specifications-caterpillar-ecf-3","19":"pa_specifications-cummins-ces-20081","20":"pa_specifications-cummins-ces-20086","21":"pa_specifications-daf-hp-2","22":"pa_specifications-ddc-93k218","23":"pa_specifications-ddc93k222","24":"pa_specifications-deutz-dqc-iv-10-la","25":"pa_specifications-dtfr-15c100","26":"pa_specifications-dtfr-15c110","27":"pa_specifications-mack-eos-4-5","28":"pa_specifications-man-m-3271-1","29":"pa_specifications-man-m-3275","30":"pa_specifications-man-m-3477","31":"pa_specifications-man-m-3575","32":"pa_specifications-mb-228-31","33":"pa_specifications-mb-228-51","34":"pa_specifications-mtu-type-3-1","35":"pa_specifications-renault-vi-rld-3","36":"pa_specifications-scania-low-ash","37":"pa_specifications-volvo-vds-4-5","38":"pa_viscosity-sae-10w-40","40":"first","41":"onbackorder","42":"shipping-taxable","43":"purchasable","44":"product-type-variable"},"_links":{"self":[{"href":"https:\/\/taktol.de\/pl\/wp-json\/wp\/v2\/product\/18960","targetHints":{"allow":["GET"]}}],"collection":[{"href":"https:\/\/taktol.de\/pl\/wp-json\/wp\/v2\/product"}],"about":[{"href":"https:\/\/taktol.de\/pl\/wp-json\/wp\/v2\/types\/product"}],"version-history":[{"count":2,"href":"https:\/\/taktol.de\/pl\/wp-json\/wp\/v2\/product\/18960\/revisions"}],"predecessor-version":[{"id":23268,"href":"https:\/\/taktol.de\/pl\/wp-json\/wp\/v2\/product\/18960\/revisions\/23268"}],"wp:featuredmedia":[{"embeddable":true,"href":"https:\/\/taktol.de\/pl\/wp-json\/wp\/v2\/media\/17826"}],"wp:attachment":[{"href":"https:\/\/taktol.de\/pl\/wp-json\/wp\/v2\/media?parent=18960"}],"wp:term":[{"taxonomy":"product_brand","embeddable":true,"href":"https:\/\/taktol.de\/pl\/wp-json\/wp\/v2\/product_brand?post=18960"},{"taxonomy":"product_cat","embeddable":true,"href":"https:\/\/taktol.de\/pl\/wp-json\/wp\/v2\/product_cat?post=18960"},{"taxonomy":"product_tag","embeddable":true,"href":"https:\/\/taktol.de\/pl\/wp-json\/wp\/v2\/product_tag?post=18960"}],"curies":[{"name":"wp","href":"https:\/\/api.w.org\/{rel}","templated":true}]}}