{"id":18941,"date":"2024-04-03T17:37:21","date_gmt":"2024-04-03T17:37:21","guid":{"rendered":"https:\/\/taktol.de\/product\/taktol-atf-s-plus\/"},"modified":"2025-03-04T15:31:42","modified_gmt":"2025-03-04T15:31:42","slug":"taktol-atf-s-plus","status":"publish","type":"product","link":"https:\/\/taktol.de\/pl\/product\/taktol-atf-s-plus\/","title":{"rendered":"Taktol ATF S-Plus"},"content":{"rendered":"\t\t<div data-elementor-type=\"wp-post\" data-elementor-id=\"18941\" class=\"elementor elementor-18941 elementor-17068\">\n\t\t\t\t<div class=\"wd-negative-gap elementor-element elementor-element-6c282a0 e-flex e-con-boxed e-con e-parent\" data-id=\"6c282a0\" data-element_type=\"container\" data-e-type=\"container\">\n\t\t\t\t\t<div class=\"e-con-inner\">\n\t\t<div class=\"elementor-element elementor-element-dd65249 e-con-full e-flex e-con e-child\" data-id=\"dd65249\" data-element_type=\"container\" data-e-type=\"container\">\n\t\t\t\t<div class=\"elementor-element elementor-element-19cdb80 elementor-widget elementor-widget-wd_text_block\" data-id=\"19cdb80\" data-element_type=\"widget\" data-e-type=\"widget\" data-widget_type=\"wd_text_block.default\">\n\t\t\t\t<div class=\"elementor-widget-container\">\n\t\t\t\t\t\t\t<div class=\"wd-text-block reset-last-child text-left\">\n\t\t\t\n\t\t\t<p><strong>Taktol ATF S-Plus<\/strong> to bardzo wysokiej jako\u015bci p\u0142yn do automatycznych skrzy\u0144 bieg\u00f3w oparty na specjalnie dobranych syntetycznych olejach bazowych i szeregu wybranych dodatk\u00f3w. Specjalna formu\u0142a zapewnia dwukrotnie d\u0142u\u017csz\u0105 \u017cywotno\u015b\u0107 ni\u017c w przypadku por\u00f3wnywalnego oleju ATF. Taktol ATF S-Plus spe\u0142nia wymagania specyfikacji oleju przek\u0142adniowego General Motors dla wszystkich pojazd\u00f3w z hydramatycznymi automatycznymi skrzyniami bieg\u00f3w od 2006 roku.<br \/><strong>Taktol ATF S-Plus <\/strong>jest w pe\u0142ni kompatybilny wstecz z aplikacjami DEXRON\u00ae-III (H), III i IIE. Nale\u017cy zawsze przestrzega\u0107 zalece\u0144 zawartych w instrukcji obs\u0142ugi pojazdu.<br \/><strong>Specyfikacja:\u00a0 <\/strong>Aisin Warner AW-1, GM Dexron\u00ae VI<\/p>\n\t\t\t\t\t<\/div>\n\t\t\t\t\t\t<\/div>\n\t\t\t\t<\/div>\n\t\t\t\t<\/div>\n\t\t<div class=\"elementor-element elementor-element-a158ce2 e-con-full e-flex e-con e-child\" data-id=\"a158ce2\" data-element_type=\"container\" data-e-type=\"container\">\n\t\t\t\t<div class=\"elementor-element elementor-element-c54c1ef elementor-widget elementor-widget-wd_text_block\" data-id=\"c54c1ef\" data-element_type=\"widget\" data-e-type=\"widget\" data-widget_type=\"wd_text_block.default\">\n\t\t\t\t<div class=\"elementor-widget-container\">\n\t\t\t\t\t\t\t<div class=\"wd-text-block reset-last-child text-left\">\n\t\t\t\n\t\t\t<p><strong>Zastosowanie:<\/strong><br \/>Taktol ATF S-Plus nadaje si\u0119 do stosowania w automatycznych skrzyniach bieg\u00f3w ZF typu ZF 3HPXX, ZF 4HPXX, ZF 5HPXX, ZF 6HP19\/21\/26\/28\/32, ZF w samochodach osobowych Audi, BMW, Jaguar, PSA, Saab, Volvo, VW, r\u00f3wnie\u017c w samochodach azjatyckich: Isuzu, Honda, Hyundai, KIA, Mitsubushi, Nissan, Toyota i innych.<br \/>Taktol ATF S-Plus nie nadaje si\u0119 do przek\u0142adni DCT (dwusprz\u0119g\u0142owych) lub CVT (bezstopniowych lub niestopniowych automatycznych).<\/p><p>Taktol ATF S-Plus jest zgodny z: Shell 3353\/134\/M-1375.4\/12108<\/p>\n\t\t\t\t\t<\/div>\n\t\t\t\t\t\t<\/div>\n\t\t\t\t<\/div>\n\t\t\t\t<\/div>\n\t\t\t\t\t<\/div>\n\t\t\t\t<\/div>\n\t\t\t\t<\/div>\n\t\t","protected":false},"excerpt":{"rendered":"<p><strong>Taktol ATF S-Plus<\/strong> &#8211; spe\u0142nia najnowsz\u0105 specyfikacj\u0119 GM DEXRON VI i nadaje si\u0119 do stosowania w nowoczesnych automatycznych skrzyniach bieg\u00f3w i uk\u0142adach kierowniczych. Nadaje si\u0119 do automatycznych skrzy\u0144 bieg\u00f3w w samochodach osobowych Audi, BMW, Jaguar, PSA, Saab, Volvo, VW i innych.<\/p>\n","protected":false},"featured_media":18937,"template":"","meta":[],"product_brand":[],"product_cat":[400,436],"product_tag":[],"class_list":{"0":"post-18941","1":"product","2":"type-product","3":"status-publish","4":"has-post-thumbnail","6":"product_cat-atf-dsg-dct-cvt-pl","7":"product_cat-plyn-wspomagania-kierownicy","8":"pa_application-automatyczna-transmisja","9":"pa_application-samochod-osobowy","10":"pa_application-uklad-kierowniczy","11":"pa_atf-fluid-specifications-aisin-warner-aw-1","12":"pa_atf-fluid-specifications-bmw-atf3","13":"pa_atf-fluid-specifications-ford-xt-6-dsp","14":"pa_atf-fluid-specifications-ford-xt-6-qsp","15":"pa_atf-fluid-specifications-ford-xt-6-sp","16":"pa_atf-fluid-specifications-gm-dexron-vi","17":"pa_atf-fluid-specifications-honda-atf-dw-1","18":"pa_atf-fluid-specifications-hyundai-kia-nws-9638-t-5","19":"pa_atf-fluid-specifications-hyundai-kia-sp-iv","20":"pa_atf-fluid-specifications-hyundai-kia-sp-iv-rr","21":"pa_atf-fluid-specifications-hyundai-kia-sph-iv","22":"pa_atf-fluid-specifications-isuzu-atf-wsi","23":"pa_atf-fluid-specifications-jlr-fluid-8432","24":"pa_atf-fluid-specifications-mazda-fw-6a-el","25":"pa_atf-fluid-specifications-mazda-fw-6ax-el","26":"pa_atf-fluid-specifications-mazda-fz","27":"pa_atf-fluid-specifications-mb-236-12","28":"pa_atf-fluid-specifications-mb-236-14","29":"pa_atf-fluid-specifications-mb-236-41","30":"pa_atf-fluid-specifications-mitsubishi-atf-j3","31":"pa_atf-fluid-specifications-mitsubishi-diaqueen-atf-pa","32":"pa_atf-fluid-specifications-nissan-matic-s","33":"pa_atf-fluid-specifications-porsche-000-043-304-00","34":"pa_atf-fluid-specifications-toyota-jws-3324","35":"pa_atf-fluid-specifications-toyota-scion-fz","36":"pa_atf-fluid-specifications-toyota-ws","37":"pa_atf-fluid-specifications-volvo-97342-at102","38":"pa_atf-fluid-specifications-vw-g-052-533","39":"pa_atf-fluid-specifications-vw-g-055-005","40":"pa_atf-fluid-specifications-vw-g-055-540","41":"pa_atf-fluid-specifications-vw-g-060-162","42":"pa_atf-fluid-specifications-zf-lifeguardfluid-5","43":"pa_atf-fluid-specifications-zf-lifeguardfluid-6","45":"first","46":"onbackorder","47":"shipping-taxable","48":"purchasable","49":"product-type-variable"},"_links":{"self":[{"href":"https:\/\/taktol.de\/pl\/wp-json\/wp\/v2\/product\/18941","targetHints":{"allow":["GET"]}}],"collection":[{"href":"https:\/\/taktol.de\/pl\/wp-json\/wp\/v2\/product"}],"about":[{"href":"https:\/\/taktol.de\/pl\/wp-json\/wp\/v2\/types\/product"}],"version-history":[{"count":1,"href":"https:\/\/taktol.de\/pl\/wp-json\/wp\/v2\/product\/18941\/revisions"}],"predecessor-version":[{"id":21329,"href":"https:\/\/taktol.de\/pl\/wp-json\/wp\/v2\/product\/18941\/revisions\/21329"}],"wp:featuredmedia":[{"embeddable":true,"href":"https:\/\/taktol.de\/pl\/wp-json\/wp\/v2\/media\/18937"}],"wp:attachment":[{"href":"https:\/\/taktol.de\/pl\/wp-json\/wp\/v2\/media?parent=18941"}],"wp:term":[{"taxonomy":"product_brand","embeddable":true,"href":"https:\/\/taktol.de\/pl\/wp-json\/wp\/v2\/product_brand?post=18941"},{"taxonomy":"product_cat","embeddable":true,"href":"https:\/\/taktol.de\/pl\/wp-json\/wp\/v2\/product_cat?post=18941"},{"taxonomy":"product_tag","embeddable":true,"href":"https:\/\/taktol.de\/pl\/wp-json\/wp\/v2\/product_tag?post=18941"}],"curies":[{"name":"wp","href":"https:\/\/api.w.org\/{rel}","templated":true}]}}