{"id":18745,"date":"2024-04-02T13:37:47","date_gmt":"2024-04-02T13:37:47","guid":{"rendered":"https:\/\/taktol.de\/product\/taktol-praktik-hcm-synth-5w-40\/"},"modified":"2025-03-04T15:52:12","modified_gmt":"2025-03-04T15:52:12","slug":"taktol-praktik-hcm-synth-5w-40","status":"publish","type":"product","link":"https:\/\/taktol.de\/pl\/product\/taktol-praktik-hcm-synth-5w-40\/","title":{"rendered":"Taktol Praktik HCM-Synth 5W-40"},"content":{"rendered":"\t\t<div data-elementor-type=\"wp-post\" data-elementor-id=\"18745\" class=\"elementor elementor-18745 elementor-16995\">\n\t\t\t\t<div class=\"wd-negative-gap elementor-element elementor-element-938ec4e e-flex e-con-boxed e-con e-parent\" data-id=\"938ec4e\" data-element_type=\"container\" data-e-type=\"container\">\n\t\t\t\t\t<div class=\"e-con-inner\">\n\t\t<div class=\"elementor-element elementor-element-b662b42 e-con-full e-flex e-con e-child\" data-id=\"b662b42\" data-element_type=\"container\" data-e-type=\"container\">\n\t\t\t\t<div class=\"elementor-element elementor-element-827e81f elementor-widget elementor-widget-wd_text_block\" data-id=\"827e81f\" data-element_type=\"widget\" data-e-type=\"widget\" data-widget_type=\"wd_text_block.default\">\n\t\t\t\t<div class=\"elementor-widget-container\">\n\t\t\t\t\t\t\t<div class=\"wd-text-block reset-last-child text-left\">\n\t\t\t\n\t\t\t<p><strong>Taktol Expert HC-Synth 5W-40<\/strong> to uniwersalny olej silnikowy, opracowany wed\u0142ug najnowszej technologii syntetycznej, oparty na specjalnie wyselekcjonowanych syntetycznych olejach bazowych, zalecany do stosowania w silnikach benzynowych i wysokopr\u0119\u017cnych, z turbodo\u0142adowaniem lub bez, w samochodach osobowych i dostawczych z nowoczesnymi katalizatorami tr\u00f3jdro\u017cnymi i filtrami cz\u0105stek sta\u0142ych DPF.<\/p>\n\t\t\t\t\t<\/div>\n\t\t\t\t\t\t<\/div>\n\t\t\t\t<\/div>\n\t\t\t\t<\/div>\n\t\t<div class=\"elementor-element elementor-element-961ae56 e-con-full e-flex e-con e-child\" data-id=\"961ae56\" data-element_type=\"container\" data-e-type=\"container\">\n\t\t\t\t<div class=\"elementor-element elementor-element-df39ddb elementor-widget elementor-widget-wd_text_block\" data-id=\"df39ddb\" data-element_type=\"widget\" data-e-type=\"widget\" data-widget_type=\"wd_text_block.default\">\n\t\t\t\t<div class=\"elementor-widget-container\">\n\t\t\t\t\t\t\t<div class=\"wd-text-block reset-last-child text-left\">\n\t\t\t\n\t\t\t<p><strong>ACEA C3; API SN<\/strong><\/p><p>BMW-Longlife-04, MB 229.51, VW 502 00\/505 01<\/p>\n\t\t\t\t\t<\/div>\n\t\t\t\t\t\t<\/div>\n\t\t\t\t<\/div>\n\t\t\t\t<\/div>\n\t\t\t\t\t<\/div>\n\t\t\t\t<\/div>\n\t\t\t\t<\/div>\n\t\t","protected":false},"excerpt":{"rendered":"<p>Wysokowydajny olej silnikowy do nowoczesnych silnik\u00f3w wysokopr\u0119\u017cnych i benzynowych w samochodach osobowych i dostawczych.<\/p>\n","protected":false},"featured_media":17841,"template":"","meta":[],"product_brand":[],"product_cat":[421,427],"product_tag":[],"class_list":{"0":"post-18745","1":"product","2":"type-product","3":"status-publish","4":"has-post-thumbnail","6":"product_cat-olej-silnikowy","7":"product_cat-praktik-linia","8":"pa_acea-acea-c3","9":"pa_api-api-sn","10":"pa_application-samochod-osobowy","11":"pa_specifications-bmw-longlife-04","12":"pa_specifications-mb-229-51","13":"pa_specifications-vw-505-00-505-01","14":"pa_viscosity-sae-5w-40","16":"first","17":"onbackorder","18":"shipping-taxable","19":"purchasable","20":"product-type-variable"},"_links":{"self":[{"href":"https:\/\/taktol.de\/pl\/wp-json\/wp\/v2\/product\/18745","targetHints":{"allow":["GET"]}}],"collection":[{"href":"https:\/\/taktol.de\/pl\/wp-json\/wp\/v2\/product"}],"about":[{"href":"https:\/\/taktol.de\/pl\/wp-json\/wp\/v2\/types\/product"}],"version-history":[{"count":1,"href":"https:\/\/taktol.de\/pl\/wp-json\/wp\/v2\/product\/18745\/revisions"}],"predecessor-version":[{"id":21337,"href":"https:\/\/taktol.de\/pl\/wp-json\/wp\/v2\/product\/18745\/revisions\/21337"}],"wp:featuredmedia":[{"embeddable":true,"href":"https:\/\/taktol.de\/pl\/wp-json\/wp\/v2\/media\/17841"}],"wp:attachment":[{"href":"https:\/\/taktol.de\/pl\/wp-json\/wp\/v2\/media?parent=18745"}],"wp:term":[{"taxonomy":"product_brand","embeddable":true,"href":"https:\/\/taktol.de\/pl\/wp-json\/wp\/v2\/product_brand?post=18745"},{"taxonomy":"product_cat","embeddable":true,"href":"https:\/\/taktol.de\/pl\/wp-json\/wp\/v2\/product_cat?post=18745"},{"taxonomy":"product_tag","embeddable":true,"href":"https:\/\/taktol.de\/pl\/wp-json\/wp\/v2\/product_tag?post=18745"}],"curies":[{"name":"wp","href":"https:\/\/api.w.org\/{rel}","templated":true}]}}