{"id":18720,"date":"2024-04-02T13:48:24","date_gmt":"2024-04-02T13:48:24","guid":{"rendered":"https:\/\/taktol.de\/product\/taktol-praktik-lsm-synth-5w-30\/"},"modified":"2025-03-04T15:35:22","modified_gmt":"2025-03-04T15:35:22","slug":"taktol-praktik-lsm-synth-5w-30","status":"publish","type":"product","link":"https:\/\/taktol.de\/pl\/product\/taktol-praktik-lsm-synth-5w-30\/","title":{"rendered":"Taktol Praktik LSM-Synth 5W-30"},"content":{"rendered":"\t\t<div data-elementor-type=\"wp-post\" data-elementor-id=\"18720\" class=\"elementor elementor-18720 elementor-17003\">\n\t\t\t\t<div class=\"wd-negative-gap elementor-element elementor-element-a2a199e e-flex e-con-boxed e-con e-parent\" data-id=\"a2a199e\" data-element_type=\"container\" data-e-type=\"container\">\n\t\t\t\t\t<div class=\"e-con-inner\">\n\t\t<div class=\"elementor-element elementor-element-f8e7294 e-con-full e-flex e-con e-child\" data-id=\"f8e7294\" data-element_type=\"container\" data-e-type=\"container\">\n\t\t\t\t<div class=\"elementor-element elementor-element-228273b elementor-widget elementor-widget-wd_text_block\" data-id=\"228273b\" data-element_type=\"widget\" data-e-type=\"widget\" data-widget_type=\"wd_text_block.default\">\n\t\t\t\t<div class=\"elementor-widget-container\">\n\t\t\t\t\t\t\t<div class=\"wd-text-block reset-last-child text-left\">\n\t\t\t\n\t\t\t<p><strong>Taktol Praktik LSM-Synth 5W-30<\/strong> to syntetyczny olej silnikowy Low SAPS do silnik\u00f3w benzynowych i wysokopr\u0119\u017cnych z turbodo\u0142adowaniem i wtryskiem bezpo\u015brednim lub bez. Taktol Praktik LSM-Synth 5W-30 jest zalecany do stosowania w silnikach benzynowych i wysokopr\u0119\u017cnych, z turbodo\u0142adowaniem lub bez, w samochodach osobowych i dostawczych. Ze wzgl\u0119du na nisk\u0105 zawarto\u015b\u0107 SAPS produkt ten mo\u017ce by\u0107 stosowany w pojazdach z nowoczesnymi katalizatorami tr\u00f3jdro\u017cnymi i filtrami cz\u0105stek sta\u0142ych.<\/p>\n\t\t\t\t\t<\/div>\n\t\t\t\t\t\t<\/div>\n\t\t\t\t<\/div>\n\t\t\t\t<\/div>\n\t\t<div class=\"elementor-element elementor-element-302d44d e-con-full e-flex e-con e-child\" data-id=\"302d44d\" data-element_type=\"container\" data-e-type=\"container\">\n\t\t\t\t<div class=\"elementor-element elementor-element-2540000 elementor-widget elementor-widget-wd_text_block\" data-id=\"2540000\" data-element_type=\"widget\" data-e-type=\"widget\" data-widget_type=\"wd_text_block.default\">\n\t\t\t\t<div class=\"elementor-widget-container\">\n\t\t\t\t\t\t\t<div class=\"wd-text-block reset-last-child text-left\">\n\t\t\t\n\t\t\t<p><strong>ACEA C2, C3; API SN<\/strong><\/p><p>BMW-Longlife-04 | GM dexos 2 | MB 229.31, MB 229.51, MB 229.52,<\/p><p>Opel OV 040 1547 - D30 | VW 502 00\/505 01<\/p>\n\t\t\t\t\t<\/div>\n\t\t\t\t\t\t<\/div>\n\t\t\t\t<\/div>\n\t\t\t\t<\/div>\n\t\t\t\t\t<\/div>\n\t\t\t\t<\/div>\n\t\t\t\t<\/div>\n\t\t","protected":false},"excerpt":{"rendered":"<p>Uniwersalny, syntetyczny olej silnikowy. Olej ten zosta\u0142 opracowany specjalnie do silnik\u00f3w samochod\u00f3w osobowych wyposa\u017conych w pomp\u0119 wtryskow\u0105 zgodn\u0105 ze specyfikacj\u0105 VAG 505 01<\/p>\n","protected":false},"featured_media":17829,"template":"","meta":[],"product_brand":[],"product_cat":[421,427],"product_tag":[500],"class_list":{"0":"post-18720","1":"product","2":"type-product","3":"status-publish","4":"has-post-thumbnail","6":"product_cat-olej-silnikowy","7":"product_cat-praktik-linia","8":"product_tag-audi-pl","9":"pa_acea-acea-c2","10":"pa_acea-acea-c3","11":"pa_api-api-sn","12":"pa_application-samochod-osobowy","13":"pa_specifications-bmw-longlife-04","14":"pa_specifications-gm-dexos-2","15":"pa_specifications-mb-229-31","16":"pa_specifications-mb-229-51","17":"pa_specifications-mb-229-52","18":"pa_specifications-opel-ov-040-1547-d30","19":"pa_specifications-vw-505-00-505-01","20":"pa_viscosity-sae-5w-30","22":"first","23":"onbackorder","24":"shipping-taxable","25":"purchasable","26":"product-type-variable"},"_links":{"self":[{"href":"https:\/\/taktol.de\/pl\/wp-json\/wp\/v2\/product\/18720","targetHints":{"allow":["GET"]}}],"collection":[{"href":"https:\/\/taktol.de\/pl\/wp-json\/wp\/v2\/product"}],"about":[{"href":"https:\/\/taktol.de\/pl\/wp-json\/wp\/v2\/types\/product"}],"version-history":[{"count":1,"href":"https:\/\/taktol.de\/pl\/wp-json\/wp\/v2\/product\/18720\/revisions"}],"predecessor-version":[{"id":21334,"href":"https:\/\/taktol.de\/pl\/wp-json\/wp\/v2\/product\/18720\/revisions\/21334"}],"wp:featuredmedia":[{"embeddable":true,"href":"https:\/\/taktol.de\/pl\/wp-json\/wp\/v2\/media\/17829"}],"wp:attachment":[{"href":"https:\/\/taktol.de\/pl\/wp-json\/wp\/v2\/media?parent=18720"}],"wp:term":[{"taxonomy":"product_brand","embeddable":true,"href":"https:\/\/taktol.de\/pl\/wp-json\/wp\/v2\/product_brand?post=18720"},{"taxonomy":"product_cat","embeddable":true,"href":"https:\/\/taktol.de\/pl\/wp-json\/wp\/v2\/product_cat?post=18720"},{"taxonomy":"product_tag","embeddable":true,"href":"https:\/\/taktol.de\/pl\/wp-json\/wp\/v2\/product_tag?post=18720"}],"curies":[{"name":"wp","href":"https:\/\/api.w.org\/{rel}","templated":true}]}}