{"id":18677,"date":"2024-04-02T13:55:11","date_gmt":"2024-04-02T13:55:11","guid":{"rendered":"https:\/\/taktol.de\/product\/taktol-praktik-10w-40\/"},"modified":"2025-03-04T15:33:04","modified_gmt":"2025-03-04T15:33:04","slug":"taktol-praktik-10w-40","status":"publish","type":"product","link":"https:\/\/taktol.de\/pl\/product\/taktol-praktik-10w-40\/","title":{"rendered":"Taktol Praktik 10W-40"},"content":{"rendered":"\t\t<div data-elementor-type=\"wp-post\" data-elementor-id=\"18677\" class=\"elementor elementor-18677 elementor-17011\">\n\t\t\t\t<div class=\"wd-negative-gap elementor-element elementor-element-bd86b42 e-flex e-con-boxed e-con e-parent\" data-id=\"bd86b42\" data-element_type=\"container\" data-e-type=\"container\">\n\t\t\t\t\t<div class=\"e-con-inner\">\n\t\t<div class=\"elementor-element elementor-element-a7c9d46 e-con-full e-flex e-con e-child\" data-id=\"a7c9d46\" data-element_type=\"container\" data-e-type=\"container\">\n\t\t\t\t<div class=\"elementor-element elementor-element-ba12006 elementor-widget elementor-widget-wd_text_block\" data-id=\"ba12006\" data-element_type=\"widget\" data-e-type=\"widget\" data-widget_type=\"wd_text_block.default\">\n\t\t\t\t<div class=\"elementor-widget-container\">\n\t\t\t\t\t\t\t<div class=\"wd-text-block reset-last-child text-left\">\n\t\t\t\n\t\t\t<p><strong>Taktol Praktik 10W-40<\/strong> to olej silnikowy do ca\u0142orocznego u\u017cytku, idealny do wszystkich nowoczesnych silnik\u00f3w benzynowych i wysokopr\u0119\u017cnych o wskazanych specyfikacjach. Nale\u017cy przestrzega\u0107 instrukcji obs\u0142ugi producenta samochodu i silnika.<\/p>\n\t\t\t\t\t<\/div>\n\t\t\t\t\t\t<\/div>\n\t\t\t\t<\/div>\n\t\t\t\t<\/div>\n\t\t<div class=\"elementor-element elementor-element-5a85928 e-con-full e-flex e-con e-child\" data-id=\"5a85928\" data-element_type=\"container\" data-e-type=\"container\">\n\t\t\t\t<div class=\"elementor-element elementor-element-ade7422 elementor-widget elementor-widget-wd_text_block\" data-id=\"ade7422\" data-element_type=\"widget\" data-e-type=\"widget\" data-widget_type=\"wd_text_block.default\">\n\t\t\t\t<div class=\"elementor-widget-container\">\n\t\t\t\t\t\t\t<div class=\"wd-text-block reset-last-child text-left\">\n\t\t\t\n\t\t\t<div><strong>ACEA A3\/B4, API SL\/CF<\/strong><\/div><div class=\"product__text\">MB 229.1<br>VW 501 01\/505 00<\/div>\n\t\t\t\t\t<\/div>\n\t\t\t\t\t\t<\/div>\n\t\t\t\t<\/div>\n\t\t\t\t<\/div>\n\t\t\t\t\t<\/div>\n\t\t\t\t<\/div>\n\t\t\t\t<\/div>\n\t\t","protected":false},"excerpt":{"rendered":"<p>Uniwersalny, specjalnie skomponowany olej silnikowy do ca\u0142orocznego u\u017cytku, idealny do wszystkich nowoczesnych silnik\u00f3w benzynowych i wysokopr\u0119\u017cnych.<\/p>\n","protected":false},"featured_media":17850,"template":"","meta":[],"product_brand":[],"product_cat":[421,427],"product_tag":[],"class_list":{"0":"post-18677","1":"product","2":"type-product","3":"status-publish","4":"has-post-thumbnail","6":"product_cat-olej-silnikowy","7":"product_cat-praktik-linia","8":"pa_acea-acea-a3-b4","9":"pa_api-api-sl-cf","10":"pa_application-samochod-osobowy","11":"pa_specifications-mb-229-1","12":"pa_specifications-vw-501-01-505-00","13":"pa_viscosity-sae-10w-40","15":"first","16":"onbackorder","17":"shipping-taxable","18":"purchasable","19":"product-type-variable"},"_links":{"self":[{"href":"https:\/\/taktol.de\/pl\/wp-json\/wp\/v2\/product\/18677","targetHints":{"allow":["GET"]}}],"collection":[{"href":"https:\/\/taktol.de\/pl\/wp-json\/wp\/v2\/product"}],"about":[{"href":"https:\/\/taktol.de\/pl\/wp-json\/wp\/v2\/types\/product"}],"version-history":[{"count":1,"href":"https:\/\/taktol.de\/pl\/wp-json\/wp\/v2\/product\/18677\/revisions"}],"predecessor-version":[{"id":21332,"href":"https:\/\/taktol.de\/pl\/wp-json\/wp\/v2\/product\/18677\/revisions\/21332"}],"wp:featuredmedia":[{"embeddable":true,"href":"https:\/\/taktol.de\/pl\/wp-json\/wp\/v2\/media\/17850"}],"wp:attachment":[{"href":"https:\/\/taktol.de\/pl\/wp-json\/wp\/v2\/media?parent=18677"}],"wp:term":[{"taxonomy":"product_brand","embeddable":true,"href":"https:\/\/taktol.de\/pl\/wp-json\/wp\/v2\/product_brand?post=18677"},{"taxonomy":"product_cat","embeddable":true,"href":"https:\/\/taktol.de\/pl\/wp-json\/wp\/v2\/product_cat?post=18677"},{"taxonomy":"product_tag","embeddable":true,"href":"https:\/\/taktol.de\/pl\/wp-json\/wp\/v2\/product_tag?post=18677"}],"curies":[{"name":"wp","href":"https:\/\/api.w.org\/{rel}","templated":true}]}}