{"id":20143,"date":"2024-03-23T12:50:47","date_gmt":"2024-03-23T12:50:47","guid":{"rendered":"https:\/\/taktol.de\/imprint\/"},"modified":"2024-12-23T07:14:49","modified_gmt":"2024-12-23T07:14:49","slug":"imprint","status":"publish","type":"page","link":"https:\/\/taktol.de\/pl\/imprint\/","title":{"rendered":"Imprint"},"content":{"rendered":"\n<p>Informacje o firmie<\/p>\n\n<p><strong>Taktol Schmierstoff GmbH<\/strong><br\/>MEON Gewerbepark, Am Gewerbepark 5<\/p>\n\n<p>12683 Berlin-Biesdorf, Deutschland<\/p>\n\n<p>Telephone: +49 160 911 79380<\/p>\n\n<p>Email: info@taktol.de<\/p>\n\n<p><strong>Dyrektor zarz\u0105dzaj\u0105cy:<\/strong> Leonid Rozum<br\/><strong>S\u0105d rejestrowy:<\/strong> Amtsgericht Charlottenburg (Berlin) HRB 186967 B<br\/><strong>Steuernummer\/Tax number<\/strong>: 29\/554\/30869<\/p>\n\n<p><strong>USt-idNr. \/ VAT code: <\/strong> DE815720507<\/p>\n\n<p>Koncepcja, projekt i wdro\u017cenie:<br\/><strong>Taktol Schmierstoff GmbH<\/strong><br\/> <\/p>\n\n<p>Zastrze\u017cenie<\/p>\n\n<p>Zobowi\u0105zujemy si\u0119 do przetwarzania danych osobowych z najwy\u017csz\u0105 staranno\u015bci\u0105. Klauzule odpowiednich norm prawnych s\u0105 przez nas \u015bci\u015ble przestrzegane. W \u017caden spos\u00f3b nie naruszymy Twoich praw osobistych. Je\u015bli u\u017cytkownik wprowadzi dane dotycz\u0105ce swojej osoby, niniejszym zezwala nam na przechowywanie i wykorzystywanie tych informacji zgodnie z federaln\u0105 ustaw\u0105 o ochronie danych. Informacje te maj\u0105 charakter indywidualny i b\u0119d\u0105 oczywi\u015bcie traktowane jako poufne. Sprzeciw, a tym samym usuni\u0119cie tych danych, jest mo\u017cliwe w dowolnym momencie.     <\/p>\n\n<p>Informacje, kt\u00f3re uzyskujemy i przechowujemy podczas regularnego odwiedzania naszych stron internetowych, b\u0119dziemy wykorzystywa\u0107 wy\u0142\u0105cznie w ramach Taktol Schmierstoff GmbH. Nie zamierzamy wykorzystywa\u0107 ich do identyfikacji osobistej. Istnieje jeden wyj\u0105tek, gdy kto\u015b ma na celu utrudnienie lub pogorszenie funkcjonalno\u015bci naszej strony internetowej, b\u0119dziemy broni\u0107 si\u0119 przed tymi elementami przest\u0119pstwa. W stosownych przypadkach b\u0119dziemy u\u017cywa\u0107 plik\u00f3w cookie w celu uproszczenia korzystania z Internetu i komunikacji dla Ciebie i dla nas. Je\u015bli chcesz, mo\u017cesz zasadniczo wy\u0142\u0105czy\u0107 przechowywanie plik\u00f3w cookie w przegl\u0105darce internetowej i samodzielnie zdecydowa\u0107, czy chcesz je przechowywa\u0107, czy nie.    <\/p>\n\n<p>Nasze strony internetowe mog\u0105 zawiera\u0107 linki do zewn\u0119trznych stron internetowych. Nie ponosimy odpowiedzialno\u015bci za przestrzeganie przepis\u00f3w o ochronie danych ani za tre\u015b\u0107 tych stron internetowych. Zalecamy uwa\u017cne zapoznanie si\u0119 z postanowieniami dotycz\u0105cymi ochrony danych na danej stronie internetowej. Zawarto\u015b\u0107 stron internetowych Taktol Schmierstoff GmbH jest chroniona prawem autorskim. Taktol Schmierstoff GmbH zezwala na pobieranie i przegl\u0105danie wszystkich tre\u015bci wy\u0142\u0105cznie do prywatnego, niekomercyjnego u\u017cytku. Wszelkie dalsze prawa do u\u017cytkowania mo\u017cna uzyska\u0107 na podstawie odpowiedniej umowy licencyjnej zawartej przez Taktol Schmierstoff GmbH. Ewentualne linkowanie do innych stron jest dozwolone tylko za zgod\u0105 Taktol Schmierstoff GmbH. Pobieranie program\u00f3w i danych odbywa si\u0119 na w\u0142asne ryzyko. Taktol Schmierstoff GmbH nie ponosi odpowiedzialno\u015bci za jakiekolwiek szkody, kt\u00f3re mog\u0105 wynikn\u0105\u0107 z legalnej instalacji lub u\u017cytkowania oprogramowania i danych z obszaru pobierania. Pomimo test\u00f3w antywirusowych mo\u017ce wyst\u0105pi\u0107 uszkodzenie lub utrata warto\u015bci spowodowane przez wirusy komputerowe. W ramach przepis\u00f3w prawnych nie ponosimy za to odpowiedzialno\u015bci. Informacje wy\u015bwietlane na stronach internetowych firmy Taktol Schmierstoff GmbH zosta\u0142y opracowane z najwy\u017csz\u0105 dok\u0142adno\u015bci\u0105. Taktol Schmierstoff GmbH nie ponosi jednak odpowiedzialno\u015bci za ich kompletno\u015b\u0107, aktualno\u015b\u0107, jako\u015b\u0107 lub przydatno\u015b\u0107 do okre\u015blonych cel\u00f3w. U\u017cytkownik korzysta z naszych stron internetowych i zawartych na nich tre\u015bci wy\u0142\u0105cznie na w\u0142asne ryzyko. Zabrania si\u0119 osobom trzecim u\u017cywania lub stosowania jakichkolwiek marek lub logo, o kt\u00f3rych mowa na niniejszej stronie internetowej              <\/p>\n","protected":false},"excerpt":{"rendered":"<p>Informacje o firmie Taktol Schmierstoff GmbHMEON Gewerbepark, Am Gewerbepark 5 12683 Berlin-Biesdorf, Deutschland Telephone: +49 160 911 79380 Email: info@taktol.de<\/p>\n","protected":false},"author":1,"featured_media":0,"parent":0,"menu_order":0,"comment_status":"closed","ping_status":"closed","template":"","meta":{"footnotes":""},"class_list":["post-20143","page","type-page","status-publish","hentry"],"_links":{"self":[{"href":"https:\/\/taktol.de\/pl\/wp-json\/wp\/v2\/pages\/20143","targetHints":{"allow":["GET"]}}],"collection":[{"href":"https:\/\/taktol.de\/pl\/wp-json\/wp\/v2\/pages"}],"about":[{"href":"https:\/\/taktol.de\/pl\/wp-json\/wp\/v2\/types\/page"}],"author":[{"embeddable":true,"href":"https:\/\/taktol.de\/pl\/wp-json\/wp\/v2\/users\/1"}],"replies":[{"embeddable":true,"href":"https:\/\/taktol.de\/pl\/wp-json\/wp\/v2\/comments?post=20143"}],"version-history":[{"count":0,"href":"https:\/\/taktol.de\/pl\/wp-json\/wp\/v2\/pages\/20143\/revisions"}],"wp:attachment":[{"href":"https:\/\/taktol.de\/pl\/wp-json\/wp\/v2\/media?parent=20143"}],"curies":[{"name":"wp","href":"https:\/\/api.w.org\/{rel}","templated":true}]}}