{"id":19949,"date":"2021-10-12T15:51:09","date_gmt":"2021-10-12T15:51:09","guid":{"rendered":"https:\/\/taktol.de\/about-us\/"},"modified":"2026-03-31T15:19:38","modified_gmt":"2026-03-31T15:19:38","slug":"about-us","status":"publish","type":"page","link":"https:\/\/taktol.de\/pl\/about-us\/","title":{"rendered":"O nas"},"content":{"rendered":"\t\t<div data-elementor-type=\"wp-page\" data-elementor-id=\"19949\" class=\"elementor elementor-19949 elementor-4400\">\n\t\t\t\t<div class=\"wd-negative-gap elementor-element elementor-element-1c90c3f wd-section-stretch e-flex e-con-boxed e-con e-parent\" data-id=\"1c90c3f\" data-element_type=\"container\" data-e-type=\"container\" data-settings=\"{&quot;background_background&quot;:&quot;classic&quot;}\">\n\t\t\t\t\t<div class=\"e-con-inner\">\n\t\t\t\t<div class=\"elementor-element elementor-element-5d57672 elementor-widget__width-initial elementor-widget-tablet__width-inherit wd-width-100 elementor-widget elementor-widget-wd_title\" data-id=\"5d57672\" data-element_type=\"widget\" data-e-type=\"widget\" data-widget_type=\"wd_title.default\">\n\t\t\t\t<div class=\"elementor-widget-container\">\n\t\t\t\t\t\t\t<div class=\"title-wrapper wd-set-mb reset-last-child wd-title-color-primary wd-title-style-default wd-title-size-large text-left\">\n\n\t\t\t\t\t\t\t\t\t\t\t<div class=\"title-subtitle subtitle-color-primary subtitle-style-default wd-fontsize-xs\">\n\t\t\t\t\tKILKA S\u0141\u00d3W O NAS\t\t\t\t<\/div>\n\t\t\t\n\t\t\t<div class=\"liner-continer\">\n\t\t\t\t<h4 class=\"woodmart-title-container title wd-fontsize-xxl\">Marka TAKTOL zosta\u0142a stworzona przez ekspert\u00f3w z ponad 20-letnim do\u015bwiadczeniem w rozwoju i sprzeda\u017cy \u015brodk\u00f3w smarnych.<\/h4> \n\t\t\t\t\t\t\t<\/div>\n\n\t\t\t\t\t<\/div>\n\t\t\t\t\t\t<\/div>\n\t\t\t\t<\/div>\n\t\t\t\t\t<\/div>\n\t\t\t\t<\/div>\n\t\t<div class=\"wd-negative-gap elementor-element elementor-element-6a7814c e-flex e-con-boxed e-con e-parent\" data-id=\"6a7814c\" data-element_type=\"container\" data-e-type=\"container\">\n\t\t\t\t\t<div class=\"e-con-inner\">\n\t\t\t\t<div class=\"elementor-element elementor-element-84c5ef9 elementor-widget elementor-widget-heading\" data-id=\"84c5ef9\" data-element_type=\"widget\" data-e-type=\"widget\" data-widget_type=\"heading.default\">\n\t\t\t\t<div class=\"elementor-widget-container\">\n\t\t\t\t\t<h2 class=\"elementor-heading-title elementor-size-default\">Nasza historia<\/h2>\t\t\t\t<\/div>\n\t\t\t\t<\/div>\n\t\t\t\t\t<\/div>\n\t\t\t\t<\/div>\n\t\t<div class=\"wd-negative-gap elementor-element elementor-element-d7d21e0 e-flex e-con-boxed e-con e-parent\" data-id=\"d7d21e0\" data-element_type=\"container\" data-e-type=\"container\">\n\t\t\t\t\t<div class=\"e-con-inner\">\n\t\t\t\t<div class=\"elementor-element elementor-element-6a2e7d1 color-scheme-inherit text-left elementor-widget elementor-widget-text-editor\" data-id=\"6a2e7d1\" data-element_type=\"widget\" data-e-type=\"widget\" data-widget_type=\"text-editor.default\">\n\t\t\t\t<div class=\"elementor-widget-container\">\n\t\t\t\t\t\t\t\t\t<p>Marka TAKTOL nie ma stuletniej historii, bo w dzisiejszym \u015bwiecie nie ma ju\u017c wi\u0119kszego znaczenia.<br>Firma TAKTOL zosta\u0142a za\u0142o\u017cona w Niemczech w 2017 roku przez mi\u0119dzynarodowy zesp\u00f3\u0142 podobnie my\u015bl\u0105cych ludzi z Europy Wschodniej i Zachodniej z ponad 20-letnim do\u015bwiadczeniem w bran\u017cy \u015brodk\u00f3w smarnych. Nasz\u0105 przewag\u0105 jest to, \u017ce pracowali\u015bmy zar\u00f3wno w segmencie producenta, jak i kupuj\u0105cego, dlatego rozumiemy i oceniamy proces z dw\u00f3ch perspektyw: jako sprzedaj\u0105cy i jako kupuj\u0105cy.<br>Rozumiemy Twoje problemy i jeste\u015bmy gotowi zaproponowa\u0107 kompromisowe rozwi\u0105zanie. <\/p><p><span style=\"box-sizing: inherit; font-weight: bold; color: #ffcc00; font-family: Ubuntu, sans-serif; font-size: 17.6px; font-style: normal; font-variant-ligatures: normal; font-variant-caps: normal; background-color: #f8f7f3;\"><mark class=\"has-inline-color has-ast-global-color-1-color\" style=\"box-sizing: inherit; background: 0px 0px rgba(0, 0, 0, 0);\">\u015awiat si\u0119 zmieni\u0142&#8230;<\/mark><\/span><\/p>\t\t\t\t\t\t\t\t<\/div>\n\t\t\t\t<\/div>\n\t\t\t\t\t<\/div>\n\t\t\t\t<\/div>\n\t\t<div class=\"wd-negative-gap elementor-element elementor-element-8adca4a e-flex e-con-boxed e-con e-parent\" data-id=\"8adca4a\" data-element_type=\"container\" data-e-type=\"container\">\n\t\t\t\t\t<div class=\"e-con-inner\">\n\t\t\t\t<div class=\"elementor-element elementor-element-654b508 elementor-widget-divider--view-line elementor-widget elementor-widget-divider\" data-id=\"654b508\" data-element_type=\"widget\" data-e-type=\"widget\" data-widget_type=\"divider.default\">\n\t\t\t\t<div class=\"elementor-widget-container\">\n\t\t\t\t\t\t\t<div class=\"elementor-divider\">\n\t\t\t<span class=\"elementor-divider-separator\">\n\t\t\t\t\t\t<\/span>\n\t\t<\/div>\n\t\t\t\t\t\t<\/div>\n\t\t\t\t<\/div>\n\t\t\t\t\t<\/div>\n\t\t\t\t<\/div>\n\t\t<div class=\"wd-negative-gap elementor-element elementor-element-8d9185f e-flex e-con-boxed e-con e-parent\" data-id=\"8d9185f\" data-element_type=\"container\" data-e-type=\"container\">\n\t\t\t\t\t<div class=\"e-con-inner\">\n\t\t\t\t<div class=\"elementor-element elementor-element-0c08a4c elementor-widget elementor-widget-heading\" data-id=\"0c08a4c\" data-element_type=\"widget\" data-e-type=\"widget\" data-widget_type=\"heading.default\">\n\t\t\t\t<div class=\"elementor-widget-container\">\n\t\t\t\t\t<h2 class=\"elementor-heading-title elementor-size-default\">Nasza Misja<\/h2>\t\t\t\t<\/div>\n\t\t\t\t<\/div>\n\t\t\t\t\t<\/div>\n\t\t\t\t<\/div>\n\t\t<div class=\"wd-negative-gap elementor-element elementor-element-40c77d5 e-flex e-con-boxed e-con e-parent\" data-id=\"40c77d5\" data-element_type=\"container\" data-e-type=\"container\">\n\t\t\t\t\t<div class=\"e-con-inner\">\n\t\t<div class=\"wd-negative-gap elementor-element elementor-element-0f96a74 e-flex e-con-boxed e-con e-child\" data-id=\"0f96a74\" data-element_type=\"container\" data-e-type=\"container\">\n\t\t\t\t\t<div class=\"e-con-inner\">\n\t\t\t\t<div class=\"elementor-element elementor-element-64990f0 color-scheme-inherit text-left elementor-widget elementor-widget-text-editor\" data-id=\"64990f0\" data-element_type=\"widget\" data-e-type=\"widget\" data-widget_type=\"text-editor.default\">\n\t\t\t\t<div class=\"elementor-widget-container\">\n\t\t\t\t\t\t\t\t\t<p>TAKTOL jest ma\u0142\u0105 firm\u0105. Dot\u0105d.<br>Jeste\u015bmy otwarci na wsp\u00f3\u0142prac\u0119 z ka\u017cd\u0105 firm\u0105 z dowolnego miejsca na \u015bwiecie: du\u017c\u0105 czy ma\u0142\u0105, nie ma to dla nas znaczenia. Ka\u017cdemu z naszych klient\u00f3w jeste\u015bmy gotowi zapewni\u0107 najwy\u017csz\u0105 staranno\u015b\u0107, aby sprosta\u0107 jego potrzebom.<br>Oferujemy szerok\u0105 gam\u0119 produkt\u00f3w do samochod\u00f3w osobowych: zar\u00f3wno w segmencie premium, jak i w kategorii \u015bredniej ceny czy bud\u017cetu. W ten spos\u00f3b zawsze gwarantujemy, \u017ce jako\u015b\u0107 naszych produkt\u00f3w jest w pe\u0142ni zgodna z reklamowanymi specyfikacjami. Dla wi\u0119kszo\u015bci naszych produkt\u00f3w nie ma MQQ \u2013 jeste\u015bmy przygotowani do przyjmowania zam\u00f3wie\u0144 z jednego pude\u0142ka na ka\u017cdy z naszych produkt\u00f3w. Nie wymagamy planu sprzeda\u017cy.<br>Oferujemy: Rozwijajmy si\u0119 razem z TAKTOL!     <\/p><p><span style=\"color: #242424; font-family: Ubuntu, sans-serif; font-size: 17.6px; font-style: normal; font-variant-ligatures: normal; font-variant-caps: normal; font-weight: 600; background-color: #f8f7f3;\">Rozwijajmy si\u0119 razem! <\/span><\/p>\t\t\t\t\t\t\t\t<\/div>\n\t\t\t\t<\/div>\n\t\t\t\t\t<\/div>\n\t\t\t\t<\/div>\n\t\t\t\t\t<\/div>\n\t\t\t\t<\/div>\n\t\t<div class=\"wd-negative-gap elementor-element elementor-element-3d758ee e-flex e-con-boxed e-con e-parent\" data-id=\"3d758ee\" data-element_type=\"container\" data-e-type=\"container\">\n\t\t\t\t\t<div class=\"e-con-inner\">\n\t\t\t\t<div class=\"elementor-element elementor-element-1d3248c elementor-widget-divider--view-line elementor-widget elementor-widget-divider\" data-id=\"1d3248c\" data-element_type=\"widget\" data-e-type=\"widget\" data-widget_type=\"divider.default\">\n\t\t\t\t<div class=\"elementor-widget-container\">\n\t\t\t\t\t\t\t<div class=\"elementor-divider\">\n\t\t\t<span class=\"elementor-divider-separator\">\n\t\t\t\t\t\t<\/span>\n\t\t<\/div>\n\t\t\t\t\t\t<\/div>\n\t\t\t\t<\/div>\n\t\t\t\t\t<\/div>\n\t\t\t\t<\/div>\n\t\t<div class=\"wd-negative-gap elementor-element elementor-element-00a1b96 e-flex e-con-boxed e-con e-parent\" data-id=\"00a1b96\" data-element_type=\"container\" data-e-type=\"container\">\n\t\t\t\t\t<div class=\"e-con-inner\">\n\t\t\t\t<div class=\"elementor-element elementor-element-f61a691 elementor-widget elementor-widget-heading\" data-id=\"f61a691\" data-element_type=\"widget\" data-e-type=\"widget\" data-widget_type=\"heading.default\">\n\t\t\t\t<div class=\"elementor-widget-container\">\n\t\t\t\t\t<h2 class=\"elementor-heading-title elementor-size-default\">Nasza Wizija<\/h2>\t\t\t\t<\/div>\n\t\t\t\t<\/div>\n\t\t\t\t\t<\/div>\n\t\t\t\t<\/div>\n\t\t<div class=\"wd-negative-gap elementor-element elementor-element-5de15c6 e-flex e-con-boxed e-con e-parent\" data-id=\"5de15c6\" data-element_type=\"container\" data-e-type=\"container\">\n\t\t\t\t\t<div class=\"e-con-inner\">\n\t\t<div class=\"wd-negative-gap elementor-element elementor-element-9ee7dee e-flex e-con-boxed e-con e-child\" data-id=\"9ee7dee\" data-element_type=\"container\" data-e-type=\"container\">\n\t\t\t\t\t<div class=\"e-con-inner\">\n\t\t\t\t<div class=\"elementor-element elementor-element-d038d5f color-scheme-inherit text-left elementor-widget elementor-widget-text-editor\" data-id=\"d038d5f\" data-element_type=\"widget\" data-e-type=\"widget\" data-widget_type=\"text-editor.default\">\n\t\t\t\t<div class=\"elementor-widget-container\">\n\t\t\t\t\t\t\t\t\t<p>Przysz\u0142o\u015b\u0107 firmy TAKTOL. Jak to b\u0119dzie? Czy jest co\u015b, co mo\u017cemy zaoferowa\u0107 na przyk\u0142ad dla samochod\u00f3w elektrycznych?<br><br>  <br>Oczywi\u015bcie w naszym asortymencie mamy ju\u017c p\u0142yny niezamarzaj\u0105ce (w tym specjalnie do pojazd\u00f3w elektrycznych) oraz p\u0142yny hamulcowe w r\u00f3\u017cnych klasach. W planach jest r\u00f3wnie\u017c rozszerzenie linii produkt\u00f3w cz\u0119\u015bci zamiennych stosowanych zar\u00f3wno do samochod\u00f3w klasycznych, jak i z nap\u0119dem elektrycznym. A co najwa\u017cniejsze: umo\u017cliwiamy ka\u017cdemu partnerowi samodzielny i wy\u0142\u0105czny rozw\u00f3j sprzeda\u017cy na swoim rynku oraz okre\u015blenie strategii rozwoju do maksymalizacji zysk\u00f3w.<br>Oferujemy: Zarabiaj dobre pieni\u0105dze razem z TAKTOL!  <\/p><p><span style=\"color: #333333;\"><strong><mark class=\"has-inline-color has-ast-global-color-1-color\">Razem jeste\u015bmy bogatsi!<\/mark><\/strong><\/span><\/p>\t\t\t\t\t\t\t\t<\/div>\n\t\t\t\t<\/div>\n\t\t\t\t\t<\/div>\n\t\t\t\t<\/div>\n\t\t\t\t\t<\/div>\n\t\t\t\t<\/div>\n\t\t<div class=\"wd-negative-gap elementor-element elementor-element-0aaf669 wd-section-stretch e-flex e-con-boxed e-con e-parent\" data-id=\"0aaf669\" data-element_type=\"container\" data-e-type=\"container\" data-settings=\"{&quot;background_background&quot;:&quot;classic&quot;}\">\n\t\t\t\t\t<div class=\"e-con-inner\">\n\t\t<div class=\"elementor-element elementor-element-49529c7 color-scheme-light e-con-full e-flex e-con e-child\" data-id=\"49529c7\" data-element_type=\"container\" data-e-type=\"container\">\n\t\t\t\t<div class=\"elementor-element elementor-element-95c7bfa wd-width-100 elementor-widget elementor-widget-wd_title\" data-id=\"95c7bfa\" data-element_type=\"widget\" data-e-type=\"widget\" data-widget_type=\"wd_title.default\">\n\t\t\t\t<div class=\"elementor-widget-container\">\n\t\t\t\t\t\t\t<div class=\"title-wrapper wd-set-mb reset-last-child wd-title-color-primary wd-title-style-default wd-title-size-large text-left\">\n\n\t\t\t\t\t\t\t\t\t\t\t<div class=\"title-subtitle subtitle-color-primary subtitle-style-default wd-fontsize-xs\">\n\t\t\t\t\tNIEMIECKI STANDARD JAKO\u015aCI\t\t\t\t<\/div>\n\t\t\t\n\t\t\t<div class=\"liner-continer\">\n\t\t\t\t<h4 class=\"woodmart-title-container title wd-fontsize-xxl\">Elastyczna linia produkt\u00f3w TAKTOL<\/h4> \n\t\t\t\t\t\t\t<\/div>\n\n\t\t\t\t\t<\/div>\n\t\t\t\t\t\t<\/div>\n\t\t\t\t<\/div>\n\t\t\t\t<\/div>\n\t\t<div class=\"elementor-element elementor-element-112f98a e-con-full e-flex e-con e-child\" data-id=\"112f98a\" data-element_type=\"container\" data-e-type=\"container\">\n\t\t<div class=\"elementor-element elementor-element-48c7dd1 e-con-full e-flex e-con e-child\" data-id=\"48c7dd1\" data-element_type=\"container\" data-e-type=\"container\">\n\t\t<div class=\"elementor-element elementor-element-54eb2d3 e-con-full e-flex e-con e-child\" data-id=\"54eb2d3\" data-element_type=\"container\" data-e-type=\"container\">\n\t\t\t\t<div class=\"elementor-element elementor-element-14ff076 elementor-widget elementor-widget-wd_counter\" data-id=\"14ff076\" data-element_type=\"widget\" data-e-type=\"widget\" data-widget_type=\"wd_counter.default\">\n\t\t\t\t<div class=\"elementor-widget-container\">\n\t\t\t\t\t\t\t<div class=\"woodmart-counter counter-large text-center color-scheme-light\">\n\t\t\t<div class=\"counter-value\" data-state=\"new\" data-final=\"2017\">\n\t\t\t\t0\t\t\t<\/div>\n\n\t\t\t\t\t\t\t<div class=\"counter-label\">\n\t\t\t\t\tROK ZA\u0141O\u017bENIA\t\t\t\t<\/div>\n\t\t\t\t\t<\/div>\n\t\t\t\t\t\t<\/div>\n\t\t\t\t<\/div>\n\t\t\t\t<\/div>\n\t\t\t\t<\/div>\n\t\t<div class=\"elementor-element elementor-element-2d29667 e-con-full e-flex e-con e-child\" data-id=\"2d29667\" data-element_type=\"container\" data-e-type=\"container\">\n\t\t<div class=\"elementor-element elementor-element-cc152f4 e-con-full e-flex e-con e-child\" data-id=\"cc152f4\" data-element_type=\"container\" data-e-type=\"container\">\n\t\t\t\t<div class=\"elementor-element elementor-element-d17999d elementor-widget elementor-widget-wd_counter\" data-id=\"d17999d\" data-element_type=\"widget\" data-e-type=\"widget\" data-widget_type=\"wd_counter.default\">\n\t\t\t\t<div class=\"elementor-widget-container\">\n\t\t\t\t\t\t\t<div class=\"woodmart-counter counter-large text-center color-scheme-light\">\n\t\t\t<div class=\"counter-value\" data-state=\"new\" data-final=\"500\">\n\t\t\t\t0\t\t\t<\/div>\n\n\t\t\t\t\t\t\t<div class=\"counter-label\">\n\t\t\t\t\tPRODUKTY +\t\t\t\t<\/div>\n\t\t\t\t\t<\/div>\n\t\t\t\t\t\t<\/div>\n\t\t\t\t<\/div>\n\t\t\t\t<\/div>\n\t\t\t\t<\/div>\n\t\t\t\t<\/div>\n\t\t\t\t\t<\/div>\n\t\t\t\t<\/div>\n\t\t<div class=\"wd-negative-gap elementor-element elementor-element-f168c0a e-flex e-con-boxed e-con e-parent\" data-id=\"f168c0a\" data-element_type=\"container\" data-e-type=\"container\">\n\t\t\t\t\t<div class=\"e-con-inner\">\n\t\t<div class=\"elementor-element elementor-element-5642404 e-con-full e-flex e-con e-child\" data-id=\"5642404\" data-element_type=\"container\" data-e-type=\"container\">\n\t\t\t\t<div class=\"elementor-element elementor-element-3cc9380 wd-width-100 elementor-widget elementor-widget-wd_title\" data-id=\"3cc9380\" data-element_type=\"widget\" data-e-type=\"widget\" data-widget_type=\"wd_title.default\">\n\t\t\t\t<div class=\"elementor-widget-container\">\n\t\t\t\t\t\t\t<div class=\"title-wrapper wd-set-mb reset-last-child wd-title-color-default wd-title-style-default wd-title-size-default text-left\">\n\n\t\t\t\n\t\t\t<div class=\"liner-continer\">\n\t\t\t\t<h4 class=\"woodmart-title-container title wd-fontsize-l\">DLACZEGO TAKTOL<\/h4> \n\t\t\t\t\t\t\t<\/div>\n\n\t\t\t\t\t<\/div>\n\t\t\t\t\t\t<\/div>\n\t\t\t\t<\/div>\n\t\t\t\t<div class=\"elementor-element elementor-element-6aa2027 elementor-widget elementor-widget-wd_text_block\" data-id=\"6aa2027\" data-element_type=\"widget\" data-e-type=\"widget\" data-widget_type=\"wd_text_block.default\">\n\t\t\t\t<div class=\"elementor-widget-container\">\n\t\t\t\t\t\t\t<div class=\"wd-text-block reset-last-child text-left\">\n\t\t\t\n\t\t\t<p><span style=\"color: #333333;\"><strong>Jako\u015b\u0107.<\/strong><\/span> <br><span style=\"color: #333333;\">To jest g\u0142\u00f3wna rzecz, w kt\u00f3r\u0105 inwestujemy. Wytwarzamy produkty, kt\u00f3re spe\u0142niaj\u0105 tylko najwy\u017csze wymagania producent\u00f3w samochod\u00f3w. <\/span><\/p>\n\t\t\t\t\t<\/div>\n\t\t\t\t\t\t<\/div>\n\t\t\t\t<\/div>\n\t\t\t\t<div class=\"elementor-element elementor-element-9eed1f7 elementor-widget elementor-widget-wd_text_block\" data-id=\"9eed1f7\" data-element_type=\"widget\" data-e-type=\"widget\" data-widget_type=\"wd_text_block.default\">\n\t\t\t\t<div class=\"elementor-widget-container\">\n\t\t\t\t\t\t\t<div class=\"wd-text-block reset-last-child text-center\">\n\t\t\t\n\t\t\t<p><img decoding=\"async\" class=\" wd-lazy-fade alignnone wp-image-16611\" src=\"https:\/\/taktol.de\/wp-content\/themes\/woodmart\/images\/lazy.svg\" data-src=\"https:\/\/taktol.de\/wp-content\/uploads\/2024\/03\/Laba-foto-400x146.png\" alt=\"\" width=\"351\" height=\"128\" srcset=\"\" data-srcset=\"https:\/\/taktol.de\/wp-content\/uploads\/2024\/03\/Laba-foto-400x146.png 400w, https:\/\/taktol.de\/wp-content\/uploads\/2024\/03\/Laba-foto-250x91.png 250w, https:\/\/taktol.de\/wp-content\/uploads\/2024\/03\/Laba-foto-150x55.png 150w, https:\/\/taktol.de\/wp-content\/uploads\/2024\/03\/Laba-foto-600x219.png 600w, https:\/\/taktol.de\/wp-content\/uploads\/2024\/03\/Laba-foto-1300x474.png 1300w, https:\/\/taktol.de\/wp-content\/uploads\/2024\/03\/Laba-foto-768x280.png 768w, https:\/\/taktol.de\/wp-content\/uploads\/2024\/03\/Laba-foto-1536x560.png 1536w, https:\/\/taktol.de\/wp-content\/uploads\/2024\/03\/Laba-foto-860x313.png 860w, https:\/\/taktol.de\/wp-content\/uploads\/2024\/03\/Laba-foto.png 1836w\" sizes=\"(max-width: 351px) 100vw, 351px\" \/><\/p>\n\t\t\t\t\t<\/div>\n\t\t\t\t\t\t<\/div>\n\t\t\t\t<\/div>\n\t\t\t\t<\/div>\n\t\t<div class=\"elementor-element elementor-element-b67633c e-con-full e-flex e-con e-child\" data-id=\"b67633c\" data-element_type=\"container\" data-e-type=\"container\">\n\t\t\t\t<div class=\"elementor-element elementor-element-ffcd5eb elementor-widget elementor-widget-wd_text_block\" data-id=\"ffcd5eb\" data-element_type=\"widget\" data-e-type=\"widget\" data-widget_type=\"wd_text_block.default\">\n\t\t\t\t<div class=\"elementor-widget-container\">\n\t\t\t\t\t\t\t<div class=\"wd-text-block reset-last-child text-left\">\n\t\t\t\n\t\t\t<p><span style=\"color: #333333;\"><strong>Uczciwa cena<\/strong><\/span><br>Kupuj\u0105c produkt TAKTOL p\u0142acisz tylko za wysokiej jako\u015bci komponenty, z kt\u00f3rych TAKTOL jest stworzony. Nie produkujemy reklam. Produkujemy smary  <\/p>\n\t\t\t\t\t<\/div>\n\t\t\t\t\t\t<\/div>\n\t\t\t\t<\/div>\n\t\t\t\t<div class=\"elementor-element elementor-element-93a15c1 elementor-widget elementor-widget-wd_text_block\" data-id=\"93a15c1\" data-element_type=\"widget\" data-e-type=\"widget\" data-widget_type=\"wd_text_block.default\">\n\t\t\t\t<div class=\"elementor-widget-container\">\n\t\t\t\t\t\t\t<div class=\"wd-text-block reset-last-child text-left\">\n\t\t\t\n\t\t\t<p><span style=\"color: #333333;\"><strong>Optymalna mo\u017cliwo\u015b\u0107 zastosowania.<\/strong><\/span><br>Nasze produkty s\u0105 zaprojektowane z my\u015bl\u0105 o optymalnym zastosowaniu w ka\u017cdym silniku \u2013 zar\u00f3wno tym najnowocze\u015bniejszym, jak i tym zaprojektowanym kilkadziesi\u0105t lat temu. Nie musisz p\u0142aci\u0107 wi\u0119cej za co\u015b, co nie ma sensu. <\/p>\n\t\t\t\t\t<\/div>\n\t\t\t\t\t\t<\/div>\n\t\t\t\t<\/div>\n\t\t\t\t<\/div>\n\t\t\t\t\t<\/div>\n\t\t\t\t<\/div>\n\t\t\t\t<\/div>\n\t\t","protected":false},"excerpt":{"rendered":"<p>KILKA S\u0141\u00d3W O NAS Marka TAKTOL zosta\u0142a stworzona przez ekspert\u00f3w z ponad 20-letnim do\u015bwiadczeniem w rozwoju i sprzeda\u017cy \u015brodk\u00f3w smarnych.<\/p>\n","protected":false},"author":1,"featured_media":0,"parent":0,"menu_order":0,"comment_status":"closed","ping_status":"closed","template":"","meta":{"footnotes":""},"class_list":["post-19949","page","type-page","status-publish","hentry"],"_links":{"self":[{"href":"https:\/\/taktol.de\/pl\/wp-json\/wp\/v2\/pages\/19949","targetHints":{"allow":["GET"]}}],"collection":[{"href":"https:\/\/taktol.de\/pl\/wp-json\/wp\/v2\/pages"}],"about":[{"href":"https:\/\/taktol.de\/pl\/wp-json\/wp\/v2\/types\/page"}],"author":[{"embeddable":true,"href":"https:\/\/taktol.de\/pl\/wp-json\/wp\/v2\/users\/1"}],"replies":[{"embeddable":true,"href":"https:\/\/taktol.de\/pl\/wp-json\/wp\/v2\/comments?post=19949"}],"version-history":[{"count":1,"href":"https:\/\/taktol.de\/pl\/wp-json\/wp\/v2\/pages\/19949\/revisions"}],"predecessor-version":[{"id":23186,"href":"https:\/\/taktol.de\/pl\/wp-json\/wp\/v2\/pages\/19949\/revisions\/23186"}],"wp:attachment":[{"href":"https:\/\/taktol.de\/pl\/wp-json\/wp\/v2\/media?parent=19949"}],"curies":[{"name":"wp","href":"https:\/\/api.w.org\/{rel}","templated":true}]}}