{"id":23138,"date":"2025-05-06T09:33:36","date_gmt":"2025-05-06T09:33:36","guid":{"rendered":"https:\/\/taktol.de\/product\/taktol-hvlp-vhf-68\/"},"modified":"2025-05-06T09:33:36","modified_gmt":"2025-05-06T09:33:36","slug":"taktol-hvlp-vhf-68","status":"publish","type":"product","link":"https:\/\/taktol.de\/de\/product\/taktol-hvlp-vhf-68\/","title":{"rendered":"Taktol HVLP VHF-68"},"content":{"rendered":"<p> <strong> Taktol HVLP VHF-68<\/strong> ist ein leistungsstarkes Mehrbereichs-Hydraulik\u00f6l, das f\u00fcr anspruchsvolle Anwendungen entwickelt wurde. Es wurde mit speziell ausgew\u00e4hlten Grund\u00f6len formuliert und bietet eine ausgezeichnete Viskosit\u00e4tsstabilit\u00e4t, ein hervorragendes Temperaturverhalten, hohe Oxidationsbest\u00e4ndigkeit und zuverl\u00e4ssigen Korrosionsschutz. Es ist ideal f\u00fcr Hydrauliksysteme mit schwankenden Temperaturen und eignet sich besonders f\u00fcr Schwerlastanwendungen wie Erdbewegungs- und Landmaschinen. Nicht geeignet f\u00fcr Systeme mit silbernen oder versilberten Komponenten.   <\/p>\n","protected":false},"excerpt":{"rendered":"<p>Taktol HVLP VHF-68 ist ein leistungsstarkes Mehrbereichs-Hydraulik\u00f6l, das f\u00fcr anspruchsvolle Anwendungen entwickelt wurde. Es wurde mit speziell ausgew\u00e4hlten Grund\u00f6len formuliert<\/p>\n","protected":false},"featured_media":21602,"template":"","meta":[],"product_brand":[],"product_cat":[413],"product_tag":[],"class_list":{"0":"post-23138","1":"product","2":"type-product","3":"status-publish","4":"has-post-thumbnail","6":"product_cat-industrieol","7":"pa_fluid-specifications-afnor-nf-e-48-603-hv","8":"pa_fluid-specifications-cetop-rp-91h-hv","9":"pa_fluid-specifications-denison-hf-0","10":"pa_fluid-specifications-denison-hf-1","11":"pa_fluid-specifications-denison-hf-2","12":"pa_fluid-specifications-din-51524-3","13":"pa_fluid-specifications-eaton-sperry-vickers-i-286-s","14":"pa_fluid-specifications-eaton-sperry-vickers-m-2950-s","15":"pa_fluid-specifications-gm-lh-04-1","16":"pa_fluid-specifications-gm-lh-06-1","17":"pa_fluid-specifications-gm-lh-15-1","18":"pa_fluid-specifications-iso-6743-4-hv","19":"pa_fluid-specifications-us-steel-127","20":"pa_fluid-specifications-us-steel-136","21":"pa_viscosity-sae-iso-vg-68","23":"first","24":"onbackorder","25":"shipping-taxable","26":"purchasable","27":"product-type-variable"},"_links":{"self":[{"href":"https:\/\/taktol.de\/de\/wp-json\/wp\/v2\/product\/23138","targetHints":{"allow":["GET"]}}],"collection":[{"href":"https:\/\/taktol.de\/de\/wp-json\/wp\/v2\/product"}],"about":[{"href":"https:\/\/taktol.de\/de\/wp-json\/wp\/v2\/types\/product"}],"version-history":[{"count":0,"href":"https:\/\/taktol.de\/de\/wp-json\/wp\/v2\/product\/23138\/revisions"}],"wp:featuredmedia":[{"embeddable":true,"href":"https:\/\/taktol.de\/de\/wp-json\/wp\/v2\/media\/21602"}],"wp:attachment":[{"href":"https:\/\/taktol.de\/de\/wp-json\/wp\/v2\/media?parent=23138"}],"wp:term":[{"taxonomy":"product_brand","embeddable":true,"href":"https:\/\/taktol.de\/de\/wp-json\/wp\/v2\/product_brand?post=23138"},{"taxonomy":"product_cat","embeddable":true,"href":"https:\/\/taktol.de\/de\/wp-json\/wp\/v2\/product_cat?post=23138"},{"taxonomy":"product_tag","embeddable":true,"href":"https:\/\/taktol.de\/de\/wp-json\/wp\/v2\/product_tag?post=23138"}],"curies":[{"name":"wp","href":"https:\/\/api.w.org\/{rel}","templated":true}]}}