{"id":23104,"date":"2025-05-06T09:12:21","date_gmt":"2025-05-06T09:12:21","guid":{"rendered":"https:\/\/taktol.de\/product\/taktol-hvlp-vhf-32\/"},"modified":"2025-05-06T09:12:21","modified_gmt":"2025-05-06T09:12:21","slug":"taktol-hvlp-vhf-32","status":"publish","type":"product","link":"https:\/\/taktol.de\/de\/product\/taktol-hvlp-vhf-32\/","title":{"rendered":"Taktol HVLP VHF-32"},"content":{"rendered":"<p class=\"\" data-start=\"180\" data-end=\"716\"><strong>Taktol HVLP VHF-32<\/strong> ist ein Hydraulik\u00f6l auf Mineral\u00f6lbasis, das mit sorgf\u00e4ltig ausgew\u00e4hlten Grund\u00f6len und modernen Additiven formuliert wurde. Es bietet eine stabile Viskosit\u00e4t \u00fcber einen weiten Temperaturbereich, einen ausgezeichneten Verschlei\u00dfschutz bei hoher Belastung und eine zuverl\u00e4ssige Korrosionsbest\u00e4ndigkeit sowie eine hohe Alterungsbest\u00e4ndigkeit. Dieses \u00d6l wurde f\u00fcr Hydrauliksysteme entwickelt, die unter schwankenden Bedingungen arbeiten, insbesondere in Bau- und Landmaschinen.  <\/p>\n","protected":false},"excerpt":{"rendered":"<p>Taktol HVLP VHF-32 ist ein Hydraulik\u00f6l auf Mineral\u00f6lbasis, das mit sorgf\u00e4ltig ausgew\u00e4hlten Grund\u00f6len und modernen Additiven formuliert wurde. Es bietet<\/p>\n","protected":false},"featured_media":21602,"template":"","meta":[],"product_brand":[],"product_cat":[413],"product_tag":[],"class_list":{"0":"post-23104","1":"product","2":"type-product","3":"status-publish","4":"has-post-thumbnail","6":"product_cat-industrieol","7":"pa_fluid-specifications-afnor-nf-e-48-603-hv","8":"pa_fluid-specifications-afnor-nf-e-48-690-1","9":"pa_fluid-specifications-bosch-rexroth-re-90220","10":"pa_fluid-specifications-cetop-rp-91h-hv","11":"pa_fluid-specifications-denison-hf-0","12":"pa_fluid-specifications-denison-hf-1","13":"pa_fluid-specifications-denison-hf-2","14":"pa_fluid-specifications-din-51524-3","15":"pa_fluid-specifications-eaton-sperry-vickers-i-286-s","16":"pa_fluid-specifications-eaton-sperry-vickers-m-2950-s","17":"pa_fluid-specifications-fives-cincinnati-p-68","18":"pa_fluid-specifications-gb-111118-1-l-hv","19":"pa_fluid-specifications-gm-lh-03-1-04","20":"pa_fluid-specifications-gm-ls-2","21":"pa_fluid-specifications-iso-11158-hv","22":"pa_fluid-specifications-iso-6743-4-hv","23":"pa_fluid-specifications-jcmas-hk-vg32w","24":"pa_fluid-specifications-sauer-danfoss-520l0463","25":"pa_fluid-specifications-us-steel-127","26":"pa_fluid-specifications-us-steel-136","27":"pa_viscosity-sae-iso-vg-32","28":"pa_viscosity-sae-sae-ms1004","30":"first","31":"onbackorder","32":"shipping-taxable","33":"purchasable","34":"product-type-variable"},"_links":{"self":[{"href":"https:\/\/taktol.de\/de\/wp-json\/wp\/v2\/product\/23104","targetHints":{"allow":["GET"]}}],"collection":[{"href":"https:\/\/taktol.de\/de\/wp-json\/wp\/v2\/product"}],"about":[{"href":"https:\/\/taktol.de\/de\/wp-json\/wp\/v2\/types\/product"}],"version-history":[{"count":0,"href":"https:\/\/taktol.de\/de\/wp-json\/wp\/v2\/product\/23104\/revisions"}],"wp:featuredmedia":[{"embeddable":true,"href":"https:\/\/taktol.de\/de\/wp-json\/wp\/v2\/media\/21602"}],"wp:attachment":[{"href":"https:\/\/taktol.de\/de\/wp-json\/wp\/v2\/media?parent=23104"}],"wp:term":[{"taxonomy":"product_brand","embeddable":true,"href":"https:\/\/taktol.de\/de\/wp-json\/wp\/v2\/product_brand?post=23104"},{"taxonomy":"product_cat","embeddable":true,"href":"https:\/\/taktol.de\/de\/wp-json\/wp\/v2\/product_cat?post=23104"},{"taxonomy":"product_tag","embeddable":true,"href":"https:\/\/taktol.de\/de\/wp-json\/wp\/v2\/product_tag?post=23104"}],"curies":[{"name":"wp","href":"https:\/\/api.w.org\/{rel}","templated":true}]}}