{"id":23015,"date":"2025-04-30T13:16:50","date_gmt":"2025-04-30T13:16:50","guid":{"rendered":"https:\/\/taktol.de\/product\/taktol-hyp-synth-ls-75w-90\/"},"modified":"2025-04-30T13:16:50","modified_gmt":"2025-04-30T13:16:50","slug":"taktol-hyp-synth-ls-75w-90","status":"publish","type":"product","link":"https:\/\/taktol.de\/de\/product\/taktol-hyp-synth-ls-75w-90\/","title":{"rendered":"Taktol HYP Synth LS 75W-90"},"content":{"rendered":"<p><strong>Taktol HYP Synth LS 75W-90<\/strong> ist ein synthetisches Mehrzweck-Getriebe\u00f6l f\u00fcr stark belastete Schaltgetriebe. Es wurde mit hochwertigen synthetischen Grund\u00f6len und speziellen Additiven f\u00fcr Anwendungen mit begrenztem Schlupf formuliert. Es ist f\u00fcr hohe Belastungen ausgelegt und gew\u00e4hrleistet eine zuverl\u00e4ssige Schmierung und einen einwandfreien Betrieb, selbst in selbstsperrenden Hypoidgetrieben. Beachten Sie stets die Empfehlungen der Fahrzeug- und Getriebehersteller.  <\/p>\n","protected":false},"excerpt":{"rendered":"<p>Taktol HYP Synth LS 75W-90 ist ein synthetisches Mehrzweck-Getriebe\u00f6l f\u00fcr stark belastete Schaltgetriebe. Es wurde mit hochwertigen synthetischen Grund\u00f6len und<\/p>\n","protected":false},"featured_media":21602,"template":"","meta":[],"product_brand":[],"product_cat":[439],"product_tag":[],"class_list":{"0":"post-23015","1":"product","2":"type-product","3":"status-publish","4":"has-post-thumbnail","6":"product_cat-getriebeol","7":"pa_api-api-gl-5","8":"pa_application-schaltgetriebe","9":"pa_application-verteilergetriebe","10":"pa_gear-oil-specifications-mil-l-2105-d","11":"pa_gear-oil-specifications-zf-te-ml-05c","12":"pa_gear-oil-specifications-zf-te-ml-05d","13":"pa_viscosity-sae-75w-90","15":"first","16":"onbackorder","17":"shipping-taxable","18":"purchasable","19":"product-type-variable"},"_links":{"self":[{"href":"https:\/\/taktol.de\/de\/wp-json\/wp\/v2\/product\/23015","targetHints":{"allow":["GET"]}}],"collection":[{"href":"https:\/\/taktol.de\/de\/wp-json\/wp\/v2\/product"}],"about":[{"href":"https:\/\/taktol.de\/de\/wp-json\/wp\/v2\/types\/product"}],"version-history":[{"count":0,"href":"https:\/\/taktol.de\/de\/wp-json\/wp\/v2\/product\/23015\/revisions"}],"wp:featuredmedia":[{"embeddable":true,"href":"https:\/\/taktol.de\/de\/wp-json\/wp\/v2\/media\/21602"}],"wp:attachment":[{"href":"https:\/\/taktol.de\/de\/wp-json\/wp\/v2\/media?parent=23015"}],"wp:term":[{"taxonomy":"product_brand","embeddable":true,"href":"https:\/\/taktol.de\/de\/wp-json\/wp\/v2\/product_brand?post=23015"},{"taxonomy":"product_cat","embeddable":true,"href":"https:\/\/taktol.de\/de\/wp-json\/wp\/v2\/product_cat?post=23015"},{"taxonomy":"product_tag","embeddable":true,"href":"https:\/\/taktol.de\/de\/wp-json\/wp\/v2\/product_tag?post=23015"}],"curies":[{"name":"wp","href":"https:\/\/api.w.org\/{rel}","templated":true}]}}