{"id":22994,"date":"2025-04-30T12:15:00","date_gmt":"2025-04-30T12:15:00","guid":{"rendered":"https:\/\/taktol.de\/product\/taktol-hyp-ls-75w-140\/"},"modified":"2025-04-30T12:15:00","modified_gmt":"2025-04-30T12:15:00","slug":"taktol-hyp-ls-75w-140","status":"publish","type":"product","link":"https:\/\/taktol.de\/de\/product\/taktol-hyp-ls-75w-140\/","title":{"rendered":"Taktol HYP LS 75W-140"},"content":{"rendered":"<p><strong>Taktol HYP LS 75W-140<\/strong> ist ein Mehrzweck-Getriebe\u00f6l f\u00fcr schwere Schaltgetriebe, das auf der Basis hochwertiger Grund\u00f6le mit speziellen Additiven f\u00fcr Sperrdifferentiale entwickelt wurde. Es ist f\u00fcr erh\u00f6hte Belastungen optimiert, um eine einwandfreie Funktion des Getriebes zu gew\u00e4hrleisten. Das \u00d6l ist f\u00fcr die Schmierung von Sperrdifferentialen ausgelegt und bietet eine hervorragende Schmierung auch in selbstsperrenden Hypoidgetrieben. Die Betriebsanleitung des Fahrzeug- und Getriebeherstellers sollte beachtet werden.   <\/p>\n","protected":false},"excerpt":{"rendered":"<p>Taktol HYP LS 75W-140 ist ein Mehrzweck-Getriebe\u00f6l f\u00fcr schwere Schaltgetriebe, das auf der Basis hochwertiger Grund\u00f6le mit speziellen Additiven f\u00fcr<\/p>\n","protected":false},"featured_media":21602,"template":"","meta":[],"product_brand":[],"product_cat":[439],"product_tag":[],"class_list":{"0":"post-22994","1":"product","2":"type-product","3":"status-publish","4":"has-post-thumbnail","6":"product_cat-getriebeol","7":"pa_api-api-gl-5","8":"pa_application-schaltgetriebe","9":"pa_application-verteilergetriebe","10":"pa_gear-oil-specifications-mil-l-2105-d","11":"pa_gear-oil-specifications-zf-te-ml-05c","12":"pa_gear-oil-specifications-zf-te-ml-07a","13":"pa_gear-oil-specifications-zf-te-ml-08","14":"pa_gear-oil-specifications-zf-te-ml-12d","15":"pa_gear-oil-specifications-zf-te-ml-16g","16":"pa_gear-oil-specifications-zf-te-ml-21c","17":"pa_viscosity-sae-75w-140","19":"first","20":"onbackorder","21":"shipping-taxable","22":"purchasable","23":"product-type-variable"},"_links":{"self":[{"href":"https:\/\/taktol.de\/de\/wp-json\/wp\/v2\/product\/22994","targetHints":{"allow":["GET"]}}],"collection":[{"href":"https:\/\/taktol.de\/de\/wp-json\/wp\/v2\/product"}],"about":[{"href":"https:\/\/taktol.de\/de\/wp-json\/wp\/v2\/types\/product"}],"version-history":[{"count":0,"href":"https:\/\/taktol.de\/de\/wp-json\/wp\/v2\/product\/22994\/revisions"}],"wp:featuredmedia":[{"embeddable":true,"href":"https:\/\/taktol.de\/de\/wp-json\/wp\/v2\/media\/21602"}],"wp:attachment":[{"href":"https:\/\/taktol.de\/de\/wp-json\/wp\/v2\/media?parent=22994"}],"wp:term":[{"taxonomy":"product_brand","embeddable":true,"href":"https:\/\/taktol.de\/de\/wp-json\/wp\/v2\/product_brand?post=22994"},{"taxonomy":"product_cat","embeddable":true,"href":"https:\/\/taktol.de\/de\/wp-json\/wp\/v2\/product_cat?post=22994"},{"taxonomy":"product_tag","embeddable":true,"href":"https:\/\/taktol.de\/de\/wp-json\/wp\/v2\/product_tag?post=22994"}],"curies":[{"name":"wp","href":"https:\/\/api.w.org\/{rel}","templated":true}]}}