{"id":22945,"date":"2025-04-30T11:47:17","date_gmt":"2025-04-30T11:47:17","guid":{"rendered":"https:\/\/taktol.de\/product\/taktol-sg5-getriebe-80w-90\/"},"modified":"2025-04-30T11:47:17","modified_gmt":"2025-04-30T11:47:17","slug":"taktol-sg5-getriebe-80w-90","status":"publish","type":"product","link":"https:\/\/taktol.de\/de\/product\/taktol-sg5-getriebe-80w-90\/","title":{"rendered":"Taktol SG5 Getriebe 80W-90"},"content":{"rendered":"<p><strong>Taktol SG5 Gear 80W-90<\/strong> ist ein Hypoid-Getriebe\u00f6l auf Mineral\u00f6lbasis mit Hochleistungs-Extremdruck-Additiven (EP), das f\u00fcr Schaltgetriebe und Antriebsachsen entwickelt wurde. Es gew\u00e4hrleistet eine zuverl\u00e4ssige Schmierung \u00fcber einen breiten Temperaturbereich und bietet einen starken Schutz vor Verschlei\u00df, Korrosion und Oxidation. Mit seiner ausgezeichneten Belastbarkeit, seinem stabilen Viskosit\u00e4ts-Temperatur-Verhalten und seinem niedrigen Stockpunkt ist es f\u00fcr den ganzj\u00e4hrigen Einsatz geeignet.  <\/p>\n","protected":false},"excerpt":{"rendered":"<p>Taktol SG5 Gear 80W-90 ist ein Hypoid-Getriebe\u00f6l auf Mineral\u00f6lbasis mit Hochleistungs-Extremdruck-Additiven (EP), das f\u00fcr Schaltgetriebe und Antriebsachsen entwickelt wurde. Es<\/p>\n","protected":false},"featured_media":21602,"template":"","meta":[],"product_brand":[],"product_cat":[439],"product_tag":[],"class_list":{"0":"post-22945","1":"product","2":"type-product","3":"status-publish","4":"has-post-thumbnail","6":"product_cat-getriebeol","7":"pa_api-api-gl-5","8":"pa_application-schaltgetriebe","9":"pa_application-verteilergetriebe","10":"pa_gear-oil-specifications-man-342-type-m1","11":"pa_gear-oil-specifications-man-342-type-m2","12":"pa_gear-oil-specifications-mil-l-2105-d","13":"pa_gear-oil-specifications-nato-o-226","14":"pa_gear-oil-specifications-scania-sto-10","15":"pa_gear-oil-specifications-volvo-1273-10","16":"pa_gear-oil-specifications-zf-te-ml-05a","17":"pa_gear-oil-specifications-zf-te-ml-07a","18":"pa_gear-oil-specifications-zf-te-ml-12e","19":"pa_gear-oil-specifications-zf-te-ml-16c","20":"pa_gear-oil-specifications-zf-te-ml-17b","21":"pa_gear-oil-specifications-zf-te-ml-19b","22":"pa_gear-oil-specifications-zf-te-ml-21a","23":"pa_viscosity-sae-80w-90","24":"pa_viscosity-sae-sae-j2360","26":"first","27":"onbackorder","28":"shipping-taxable","29":"purchasable","30":"product-type-variable"},"_links":{"self":[{"href":"https:\/\/taktol.de\/de\/wp-json\/wp\/v2\/product\/22945","targetHints":{"allow":["GET"]}}],"collection":[{"href":"https:\/\/taktol.de\/de\/wp-json\/wp\/v2\/product"}],"about":[{"href":"https:\/\/taktol.de\/de\/wp-json\/wp\/v2\/types\/product"}],"version-history":[{"count":0,"href":"https:\/\/taktol.de\/de\/wp-json\/wp\/v2\/product\/22945\/revisions"}],"wp:featuredmedia":[{"embeddable":true,"href":"https:\/\/taktol.de\/de\/wp-json\/wp\/v2\/media\/21602"}],"wp:attachment":[{"href":"https:\/\/taktol.de\/de\/wp-json\/wp\/v2\/media?parent=22945"}],"wp:term":[{"taxonomy":"product_brand","embeddable":true,"href":"https:\/\/taktol.de\/de\/wp-json\/wp\/v2\/product_brand?post=22945"},{"taxonomy":"product_cat","embeddable":true,"href":"https:\/\/taktol.de\/de\/wp-json\/wp\/v2\/product_cat?post=22945"},{"taxonomy":"product_tag","embeddable":true,"href":"https:\/\/taktol.de\/de\/wp-json\/wp\/v2\/product_tag?post=22945"}],"curies":[{"name":"wp","href":"https:\/\/api.w.org\/{rel}","templated":true}]}}