{"id":22916,"date":"2025-04-30T11:31:07","date_gmt":"2025-04-30T11:31:07","guid":{"rendered":"https:\/\/taktol.de\/product\/taktol-sg4-getriebe-80w-90\/"},"modified":"2025-04-30T11:31:07","modified_gmt":"2025-04-30T11:31:07","slug":"taktol-sg4-getriebe-80w-90","status":"publish","type":"product","link":"https:\/\/taktol.de\/de\/product\/taktol-sg4-getriebe-80w-90\/","title":{"rendered":"Taktol SG4 Getriebe 80W-90"},"content":{"rendered":"<p> <strong> Taktol SG4 Gear 80W-90<\/strong> ist ein mineralisches Getriebe\u00f6l f\u00fcr Schaltgetriebe, Differentiale und Lenksysteme, f\u00fcr die EP-\u00d6le der Klasse API GL-4 vorgeschrieben sind. Es gew\u00e4hrleistet einen stabilen \u00d6lfilm bei hohen Temperaturen und dynamischen Belastungen. Additive reduzieren die Reibung und sch\u00fctzen vor Verschlei\u00df und Korrosion.  <\/p>\n","protected":false},"excerpt":{"rendered":"<p>Taktol SG4 Gear 80W-90 ist ein mineralisches Getriebe\u00f6l f\u00fcr Schaltgetriebe, Differentiale und Lenksysteme, f\u00fcr die EP-\u00d6le der Klasse API GL-4<\/p>\n","protected":false},"featured_media":21602,"template":"","meta":[],"product_brand":[],"product_cat":[439],"product_tag":[],"class_list":{"0":"post-22916","1":"product","2":"type-product","3":"status-publish","4":"has-post-thumbnail","6":"product_cat-getriebeol","7":"pa_api-api-gl-4","8":"pa_api-api-mt-1","9":"pa_application-schaltgetriebe","10":"pa_gear-oil-specifications-dtfr-13b170-235-5","11":"pa_gear-oil-specifications-man-341-type-z1","12":"pa_gear-oil-specifications-man-341-type-z2","13":"pa_gear-oil-specifications-zf-te-ml-02a","14":"pa_gear-oil-specifications-zf-te-ml-02b","15":"pa_gear-oil-specifications-zf-te-ml-17a","16":"pa_viscosity-sae-80w-90","18":"first","19":"onbackorder","20":"shipping-taxable","21":"purchasable","22":"product-type-variable"},"_links":{"self":[{"href":"https:\/\/taktol.de\/de\/wp-json\/wp\/v2\/product\/22916","targetHints":{"allow":["GET"]}}],"collection":[{"href":"https:\/\/taktol.de\/de\/wp-json\/wp\/v2\/product"}],"about":[{"href":"https:\/\/taktol.de\/de\/wp-json\/wp\/v2\/types\/product"}],"version-history":[{"count":0,"href":"https:\/\/taktol.de\/de\/wp-json\/wp\/v2\/product\/22916\/revisions"}],"wp:featuredmedia":[{"embeddable":true,"href":"https:\/\/taktol.de\/de\/wp-json\/wp\/v2\/media\/21602"}],"wp:attachment":[{"href":"https:\/\/taktol.de\/de\/wp-json\/wp\/v2\/media?parent=22916"}],"wp:term":[{"taxonomy":"product_brand","embeddable":true,"href":"https:\/\/taktol.de\/de\/wp-json\/wp\/v2\/product_brand?post=22916"},{"taxonomy":"product_cat","embeddable":true,"href":"https:\/\/taktol.de\/de\/wp-json\/wp\/v2\/product_cat?post=22916"},{"taxonomy":"product_tag","embeddable":true,"href":"https:\/\/taktol.de\/de\/wp-json\/wp\/v2\/product_tag?post=22916"}],"curies":[{"name":"wp","href":"https:\/\/api.w.org\/{rel}","templated":true}]}}