{"id":22893,"date":"2025-04-30T11:08:34","date_gmt":"2025-04-30T11:08:34","guid":{"rendered":"https:\/\/taktol.de\/product\/taktol-multi-synth-75w-85\/"},"modified":"2025-04-30T11:15:42","modified_gmt":"2025-04-30T11:15:42","slug":"taktol-multi-synth-75w-85","status":"publish","type":"product","link":"https:\/\/taktol.de\/de\/product\/taktol-multi-synth-75w-85\/","title":{"rendered":"Taktol Multi-Synth 75W-85"},"content":{"rendered":"<p><strong>Taktol Multi-Synth 75W-85<\/strong> ist ein synthetisches Getriebe\u00f6l f\u00fcr hochbelastete Getriebe und Antriebsachsen. Es wurde mit synthetischen Grund\u00f6len und einem speziellen Additivpaket formuliert, das die Leistung von Sperrdifferenzialen optimiert. Das \u00d6l gew\u00e4hrleistet zuverl\u00e4ssigen Schutz und eine stabile Getriebefunktion auch unter extremen Betriebsbedingungen. Es wurde speziell f\u00fcr Toyota- und Lexus-Fahrzeuge entwickelt.  <\/p>\n","protected":false},"excerpt":{"rendered":"<p>Taktol Multi-Synth 75W-85 ist ein synthetisches Getriebe\u00f6l f\u00fcr hochbelastete Getriebe und Antriebsachsen. Es wurde mit synthetischen Grund\u00f6len und einem speziellen<\/p>\n","protected":false},"featured_media":21602,"template":"","meta":[],"product_brand":[],"product_cat":[439],"product_tag":[],"class_list":{"0":"post-22893","1":"product","2":"type-product","3":"status-publish","4":"has-post-thumbnail","6":"product_cat-getriebeol","7":"pa_api-api-gl-5","8":"pa_api-api-mt-1","9":"pa_application-pkw","10":"pa_application-schaltgetriebe","11":"pa_application-verteilergetriebe","12":"pa_gear-oil-specifications-bmw-83-22-2-295-532","13":"pa_gear-oil-specifications-honda-hgo-1-08200-9014","14":"pa_gear-oil-specifications-mb-235-7","15":"pa_gear-oil-specifications-mb-235-74","16":"pa_gear-oil-specifications-mb-239-71","17":"pa_gear-oil-specifications-mb-239-72","18":"pa_gear-oil-specifications-mil-l-2105-e","19":"pa_gear-oil-specifications-vw-tl-521-45-x-g-052-145-a1","20":"pa_gear-oil-specifications-vw-tl-521-90-g-052-190-a2","21":"pa_gear-oil-specifications-vw-tl-521-90-g-055-190-a2","22":"pa_gear-oil-specifications-zf-te-ml-18","23":"pa_viscosity-sae-75w-85","24":"pa_viscosity-sae-sae-j2360","26":"first","27":"onbackorder","28":"shipping-taxable","29":"purchasable","30":"product-type-variable"},"_links":{"self":[{"href":"https:\/\/taktol.de\/de\/wp-json\/wp\/v2\/product\/22893","targetHints":{"allow":["GET"]}}],"collection":[{"href":"https:\/\/taktol.de\/de\/wp-json\/wp\/v2\/product"}],"about":[{"href":"https:\/\/taktol.de\/de\/wp-json\/wp\/v2\/types\/product"}],"version-history":[{"count":1,"href":"https:\/\/taktol.de\/de\/wp-json\/wp\/v2\/product\/22893\/revisions"}],"predecessor-version":[{"id":22899,"href":"https:\/\/taktol.de\/de\/wp-json\/wp\/v2\/product\/22893\/revisions\/22899"}],"wp:featuredmedia":[{"embeddable":true,"href":"https:\/\/taktol.de\/de\/wp-json\/wp\/v2\/media\/21602"}],"wp:attachment":[{"href":"https:\/\/taktol.de\/de\/wp-json\/wp\/v2\/media?parent=22893"}],"wp:term":[{"taxonomy":"product_brand","embeddable":true,"href":"https:\/\/taktol.de\/de\/wp-json\/wp\/v2\/product_brand?post=22893"},{"taxonomy":"product_cat","embeddable":true,"href":"https:\/\/taktol.de\/de\/wp-json\/wp\/v2\/product_cat?post=22893"},{"taxonomy":"product_tag","embeddable":true,"href":"https:\/\/taktol.de\/de\/wp-json\/wp\/v2\/product_tag?post=22893"}],"curies":[{"name":"wp","href":"https:\/\/api.w.org\/{rel}","templated":true}]}}