{"id":22869,"date":"2025-04-30T10:38:58","date_gmt":"2025-04-30T10:38:58","guid":{"rendered":"https:\/\/taktol.de\/product\/taktol-atf-m-15-fe\/"},"modified":"2025-04-30T10:38:58","modified_gmt":"2025-04-30T10:38:58","slug":"taktol-atf-m-15-fe","status":"publish","type":"product","link":"https:\/\/taktol.de\/de\/product\/taktol-atf-m-15-fe\/","title":{"rendered":"Taktol ATF M-15 FE"},"content":{"rendered":"<p><strong>Taktol ATF M-15 FE<\/strong> ist ein hochwertiges Getriebe\u00f6l mit niedriger Viskosit\u00e4t. Es sorgt f\u00fcr eine reibungslose Getriebeleistung, reduziert den Kraftstoffverbrauch und unterst\u00fctzt den zuverl\u00e4ssigen Betrieb des ECO Start-Stopp-Systems.<br data-start=\"1751\" data-end=\"1754\">Geeignet f\u00fcr das Mercedes-Benz 7-Gang-Automatikgetriebe 722.9 (Code A89), das Hybridgetriebe 724.2 und die Verteilergetriebe der Modelle 205, 213, 217, 218, 222, 238, 253, 257, 290 mit den Getrieben 725.0 und 725.1. <\/p>\n","protected":false},"excerpt":{"rendered":"<p>Taktol ATF M-15 FE ist ein hochwertiges Getriebe\u00f6l mit niedriger Viskosit\u00e4t. Es sorgt f\u00fcr eine reibungslose Getriebeleistung, reduziert den Kraftstoffverbrauch<\/p>\n","protected":false},"featured_media":21602,"template":"","meta":[],"product_brand":[],"product_cat":[401],"product_tag":[],"class_list":{"0":"post-22869","1":"product","2":"type-product","3":"status-publish","4":"has-post-thumbnail","6":"product_cat-atf-dsg-dct-cvt-de","7":"pa_application-automatikgetriebe","8":"pa_application-pkw","9":"pa_atf-fluid-specifications-mb-236-15","11":"first","12":"onbackorder","13":"shipping-taxable","14":"purchasable","15":"product-type-variable"},"_links":{"self":[{"href":"https:\/\/taktol.de\/de\/wp-json\/wp\/v2\/product\/22869","targetHints":{"allow":["GET"]}}],"collection":[{"href":"https:\/\/taktol.de\/de\/wp-json\/wp\/v2\/product"}],"about":[{"href":"https:\/\/taktol.de\/de\/wp-json\/wp\/v2\/types\/product"}],"version-history":[{"count":0,"href":"https:\/\/taktol.de\/de\/wp-json\/wp\/v2\/product\/22869\/revisions"}],"wp:featuredmedia":[{"embeddable":true,"href":"https:\/\/taktol.de\/de\/wp-json\/wp\/v2\/media\/21602"}],"wp:attachment":[{"href":"https:\/\/taktol.de\/de\/wp-json\/wp\/v2\/media?parent=22869"}],"wp:term":[{"taxonomy":"product_brand","embeddable":true,"href":"https:\/\/taktol.de\/de\/wp-json\/wp\/v2\/product_brand?post=22869"},{"taxonomy":"product_cat","embeddable":true,"href":"https:\/\/taktol.de\/de\/wp-json\/wp\/v2\/product_cat?post=22869"},{"taxonomy":"product_tag","embeddable":true,"href":"https:\/\/taktol.de\/de\/wp-json\/wp\/v2\/product_tag?post=22869"}],"curies":[{"name":"wp","href":"https:\/\/api.w.org\/{rel}","templated":true}]}}