{"id":22844,"date":"2025-04-30T10:31:15","date_gmt":"2025-04-30T10:31:15","guid":{"rendered":"https:\/\/taktol.de\/product\/taktol-atf-m-14-s\/"},"modified":"2025-04-30T10:31:15","modified_gmt":"2025-04-30T10:31:15","slug":"taktol-atf-m-14-s","status":"publish","type":"product","link":"https:\/\/taktol.de\/de\/product\/taktol-atf-m-14-s\/","title":{"rendered":"Taktol ATF M-14 S"},"content":{"rendered":"<p> <strong> Taktol ATF M-14 S<\/strong> ist ein hochwertiges Getriebe\u00f6l mit reduzierter Viskosit\u00e4t f\u00fcr optimale Leistung und Kraftstoffersparnis.<br data-start=\"1618\" data-end=\"1621\">Geeignet f\u00fcr Mercedes-Benz 7-Gang-Automatikgetriebe 722.9 (au\u00dfer Code A89), 5-Gang-Automatik mit Wandlerkupplung (722.6) und r\u00fcckw\u00e4rtskompatibel mit \u00e4lteren 4- und 5-Gang-Automatikgetrieben (722.3, 722.4, 722.5), ausgenommen CVT 722.7.<\/p>\n","protected":false},"excerpt":{"rendered":"<p>Taktol ATF M-14 S ist ein hochwertiges Getriebe\u00f6l mit reduzierter Viskosit\u00e4t f\u00fcr optimale Leistung und Kraftstoffersparnis.Geeignet f\u00fcr Mercedes-Benz 7-Gang-Automatikgetriebe 722.9<\/p>\n","protected":false},"featured_media":21602,"template":"","meta":[],"product_brand":[],"product_cat":[401],"product_tag":[],"class_list":{"0":"post-22844","1":"product","2":"type-product","3":"status-publish","4":"has-post-thumbnail","6":"product_cat-atf-dsg-dct-cvt-de","7":"pa_application-automatikgetriebe","8":"pa_application-pkw","9":"pa_atf-fluid-specifications-mb-236-14","11":"first","12":"onbackorder","13":"shipping-taxable","14":"purchasable","15":"product-type-variable"},"_links":{"self":[{"href":"https:\/\/taktol.de\/de\/wp-json\/wp\/v2\/product\/22844","targetHints":{"allow":["GET"]}}],"collection":[{"href":"https:\/\/taktol.de\/de\/wp-json\/wp\/v2\/product"}],"about":[{"href":"https:\/\/taktol.de\/de\/wp-json\/wp\/v2\/types\/product"}],"version-history":[{"count":0,"href":"https:\/\/taktol.de\/de\/wp-json\/wp\/v2\/product\/22844\/revisions"}],"wp:featuredmedia":[{"embeddable":true,"href":"https:\/\/taktol.de\/de\/wp-json\/wp\/v2\/media\/21602"}],"wp:attachment":[{"href":"https:\/\/taktol.de\/de\/wp-json\/wp\/v2\/media?parent=22844"}],"wp:term":[{"taxonomy":"product_brand","embeddable":true,"href":"https:\/\/taktol.de\/de\/wp-json\/wp\/v2\/product_brand?post=22844"},{"taxonomy":"product_cat","embeddable":true,"href":"https:\/\/taktol.de\/de\/wp-json\/wp\/v2\/product_cat?post=22844"},{"taxonomy":"product_tag","embeddable":true,"href":"https:\/\/taktol.de\/de\/wp-json\/wp\/v2\/product_tag?post=22844"}],"curies":[{"name":"wp","href":"https:\/\/api.w.org\/{rel}","templated":true}]}}