{"id":22791,"date":"2025-04-30T09:38:59","date_gmt":"2025-04-30T09:38:59","guid":{"rendered":"https:\/\/taktol.de\/product\/taktol-atf-d-iii-s\/"},"modified":"2025-04-30T09:51:49","modified_gmt":"2025-04-30T09:51:49","slug":"taktol-atf-d-iii-s","status":"publish","type":"product","link":"https:\/\/taktol.de\/de\/product\/taktol-atf-d-iii-s\/","title":{"rendered":"Taktol ATF D-III S"},"content":{"rendered":"<p><strong>Taktol ATF D-III S<\/strong> ist ein Getriebe\u00f6l auf Basis von HC-Synthese\u00f6len und PAO, entwickelt mit einem sorgf\u00e4ltig abgestimmten Additivpaket. Es bietet zuverl\u00e4ssige Schmierung und Verschlei\u00dfschutz in Automatikgetrieben mit oder ohne Wandler\u00fcberbr\u00fcckungskupplung (Lock-up). Geeignet f\u00fcr Fahrzeuge, bei denen ein Getriebe\u00f6l vom Typ Dexron III H vorgeschrieben ist, einschlie\u00dflich vieler \u00e4lterer Modelle. Gew\u00e4hrleistet einen stabilen Betrieb des Getriebes unter verschiedenen Temperatur- und Einsatzbedingungen.   <\/p>\n","protected":false},"excerpt":{"rendered":"<p>Taktol ATF D-III S ist ein Getriebe\u00f6l auf Basis von HC-Synthese\u00f6len und PAO, entwickelt mit einem sorgf\u00e4ltig abgestimmten Additivpaket. Es<\/p>\n","protected":false},"featured_media":21602,"template":"","meta":[],"product_brand":[],"product_cat":[401],"product_tag":[],"class_list":{"0":"post-22791","1":"product","2":"type-product","3":"status-publish","4":"has-post-thumbnail","6":"product_cat-atf-dsg-dct-cvt-de","7":"pa_application-automatikgetriebe","8":"pa_application-lkw-bus","9":"pa_atf-fluid-specifications-dtfr-13c100-236-1","10":"pa_atf-fluid-specifications-ford-mercon","11":"pa_atf-fluid-specifications-ford-wsa-m2c195-a","12":"pa_atf-fluid-specifications-gm-dexron-iii-g","13":"pa_atf-fluid-specifications-man-339-type-v1","14":"pa_atf-fluid-specifications-man-339-type-z1","15":"pa_atf-fluid-specifications-mb-236-5","16":"pa_atf-fluid-specifications-voith-h55-6335-xx-g607","17":"pa_atf-fluid-specifications-zf-te-ml-02f","18":"pa_atf-fluid-specifications-zf-te-ml-03d","19":"pa_atf-fluid-specifications-zf-te-ml-04d","20":"pa_atf-fluid-specifications-zf-te-ml-09","21":"pa_atf-fluid-specifications-zf-te-ml-11b","22":"pa_atf-fluid-specifications-zf-te-ml-14a","23":"pa_atf-fluid-specifications-zf-te-ml-17c","25":"first","26":"onbackorder","27":"shipping-taxable","28":"purchasable","29":"product-type-variable"},"_links":{"self":[{"href":"https:\/\/taktol.de\/de\/wp-json\/wp\/v2\/product\/22791","targetHints":{"allow":["GET"]}}],"collection":[{"href":"https:\/\/taktol.de\/de\/wp-json\/wp\/v2\/product"}],"about":[{"href":"https:\/\/taktol.de\/de\/wp-json\/wp\/v2\/types\/product"}],"version-history":[{"count":1,"href":"https:\/\/taktol.de\/de\/wp-json\/wp\/v2\/product\/22791\/revisions"}],"predecessor-version":[{"id":22799,"href":"https:\/\/taktol.de\/de\/wp-json\/wp\/v2\/product\/22791\/revisions\/22799"}],"wp:featuredmedia":[{"embeddable":true,"href":"https:\/\/taktol.de\/de\/wp-json\/wp\/v2\/media\/21602"}],"wp:attachment":[{"href":"https:\/\/taktol.de\/de\/wp-json\/wp\/v2\/media?parent=22791"}],"wp:term":[{"taxonomy":"product_brand","embeddable":true,"href":"https:\/\/taktol.de\/de\/wp-json\/wp\/v2\/product_brand?post=22791"},{"taxonomy":"product_cat","embeddable":true,"href":"https:\/\/taktol.de\/de\/wp-json\/wp\/v2\/product_cat?post=22791"},{"taxonomy":"product_tag","embeddable":true,"href":"https:\/\/taktol.de\/de\/wp-json\/wp\/v2\/product_tag?post=22791"}],"curies":[{"name":"wp","href":"https:\/\/api.w.org\/{rel}","templated":true}]}}