{"id":22746,"date":"2025-04-29T14:11:07","date_gmt":"2025-04-29T14:11:07","guid":{"rendered":"https:\/\/taktol.de\/product\/taktol-gemischt-sauber-20w-50\/"},"modified":"2025-04-29T14:11:07","modified_gmt":"2025-04-29T14:11:07","slug":"taktol-gemischt-sauber-20w-50","status":"publish","type":"product","link":"https:\/\/taktol.de\/de\/product\/taktol-gemischt-sauber-20w-50\/","title":{"rendered":"Taktol Gemischt Sauber 20W-50"},"content":{"rendered":"<p><strong>Taktol Mixed Clean 20W-50<\/strong> ist ein hochwertiges, mehrbereichs-Motor\u00f6l f\u00fcr Diesel-Lkw-Motoren mit oder ohne Turboaufladung. Es eignet sich f\u00fcr den ganzj\u00e4hrigen Einsatz in allen Motoren. Es gew\u00e4hrleistet ausgezeichnete Kaltstarteigenschaften und reduziert Reibung, Verschlei\u00df und Kraftstoffverbrauch. Es erm\u00f6glicht auch verl\u00e4ngerte \u00d6lwechselintervalle gem\u00e4\u00df den Herstellerangaben und sorgt f\u00fcr zuverl\u00e4ssige Leistung unter anspruchsvollen Bedingungen.  <\/p>\n","protected":false},"excerpt":{"rendered":"<p>Taktol Mixed Clean 20W-50 ist ein hochwertiges, mehrbereichs-Motor\u00f6l f\u00fcr Diesel-Lkw-Motoren mit oder ohne Turboaufladung. Es eignet sich f\u00fcr den ganzj\u00e4hrigen<\/p>\n","protected":false},"featured_media":21602,"template":"","meta":[],"product_brand":[],"product_cat":[420,429],"product_tag":[],"class_list":{"0":"post-22746","1":"product","2":"type-product","3":"status-publish","4":"has-post-thumbnail","6":"product_cat-motorenol","7":"product_cat-truck-linie","8":"pa_api-api-cl-4-sl","9":"pa_application-lkw-bus","10":"pa_viscosity-sae-20w-50","12":"first","13":"onbackorder","14":"shipping-taxable","15":"purchasable","16":"product-type-variable"},"_links":{"self":[{"href":"https:\/\/taktol.de\/de\/wp-json\/wp\/v2\/product\/22746","targetHints":{"allow":["GET"]}}],"collection":[{"href":"https:\/\/taktol.de\/de\/wp-json\/wp\/v2\/product"}],"about":[{"href":"https:\/\/taktol.de\/de\/wp-json\/wp\/v2\/types\/product"}],"version-history":[{"count":0,"href":"https:\/\/taktol.de\/de\/wp-json\/wp\/v2\/product\/22746\/revisions"}],"wp:featuredmedia":[{"embeddable":true,"href":"https:\/\/taktol.de\/de\/wp-json\/wp\/v2\/media\/21602"}],"wp:attachment":[{"href":"https:\/\/taktol.de\/de\/wp-json\/wp\/v2\/media?parent=22746"}],"wp:term":[{"taxonomy":"product_brand","embeddable":true,"href":"https:\/\/taktol.de\/de\/wp-json\/wp\/v2\/product_brand?post=22746"},{"taxonomy":"product_cat","embeddable":true,"href":"https:\/\/taktol.de\/de\/wp-json\/wp\/v2\/product_cat?post=22746"},{"taxonomy":"product_tag","embeddable":true,"href":"https:\/\/taktol.de\/de\/wp-json\/wp\/v2\/product_tag?post=22746"}],"curies":[{"name":"wp","href":"https:\/\/api.w.org\/{rel}","templated":true}]}}