{"id":22720,"date":"2025-04-29T13:52:15","date_gmt":"2025-04-29T13:52:15","guid":{"rendered":"https:\/\/taktol.de\/product\/taktol-multi-fleet-20w-50\/"},"modified":"2025-04-29T13:52:15","modified_gmt":"2025-04-29T13:52:15","slug":"taktol-multi-fleet-20w-50","status":"publish","type":"product","link":"https:\/\/taktol.de\/de\/product\/taktol-multi-fleet-20w-50\/","title":{"rendered":"Taktol Multi Fleet 20W-50"},"content":{"rendered":"<p><strong>Taktol Multi Fleet 20W-50 <\/strong> ist ein Mehrbereichsmotor\u00f6l, das mit fortschrittlichen Additiven formuliert wurde. Es ist f\u00fcr Benzin- und Dieselmotoren geeignet, einschlie\u00dflich Turbo-Versionen. Dank der sorgf\u00e4ltig ausgew\u00e4hlten Additive sorgt es auch bei hohen Temperaturen f\u00fcr eine zuverl\u00e4ssige Schmierung. Dieses \u00d6l erf\u00fcllt auch die Global DHD-1-Spezifikation und gew\u00e4hrleistet optimale Leistung f\u00fcr Schwerlastanwendungen.  <\/p>\n","protected":false},"excerpt":{"rendered":"<p>Taktol Multi Fleet 20W-50 ist ein Mehrbereichsmotor\u00f6l, das mit fortschrittlichen Additiven formuliert wurde. Es ist f\u00fcr Benzin- und Dieselmotoren geeignet,<\/p>\n","protected":false},"featured_media":21602,"template":"","meta":[],"product_brand":[],"product_cat":[420,429],"product_tag":[],"class_list":{"0":"post-22720","1":"product","2":"type-product","3":"status-publish","4":"has-post-thumbnail","6":"product_cat-motorenol","7":"product_cat-truck-linie","8":"pa_acea-acea-a3-b4","9":"pa_acea-acea-e7","10":"pa_api-api-ci-4","11":"pa_api-api-sl-cf","12":"pa_application-lkw-bus","13":"pa_application-pkw","14":"pa_ilsac-jaso-dh-1","15":"pa_specifications-allison-c-4","16":"pa_specifications-caterpillar-ecf-1a","17":"pa_specifications-caterpillar-ecf-2","18":"pa_specifications-ddc-93k215","19":"pa_specifications-dtfr-15b110-228-3","20":"pa_specifications-global-dhd-1","21":"pa_specifications-mb-229-1","22":"pa_viscosity-sae-20w-50","24":"first","25":"onbackorder","26":"shipping-taxable","27":"purchasable","28":"product-type-variable"},"_links":{"self":[{"href":"https:\/\/taktol.de\/de\/wp-json\/wp\/v2\/product\/22720","targetHints":{"allow":["GET"]}}],"collection":[{"href":"https:\/\/taktol.de\/de\/wp-json\/wp\/v2\/product"}],"about":[{"href":"https:\/\/taktol.de\/de\/wp-json\/wp\/v2\/types\/product"}],"version-history":[{"count":0,"href":"https:\/\/taktol.de\/de\/wp-json\/wp\/v2\/product\/22720\/revisions"}],"wp:featuredmedia":[{"embeddable":true,"href":"https:\/\/taktol.de\/de\/wp-json\/wp\/v2\/media\/21602"}],"wp:attachment":[{"href":"https:\/\/taktol.de\/de\/wp-json\/wp\/v2\/media?parent=22720"}],"wp:term":[{"taxonomy":"product_brand","embeddable":true,"href":"https:\/\/taktol.de\/de\/wp-json\/wp\/v2\/product_brand?post=22720"},{"taxonomy":"product_cat","embeddable":true,"href":"https:\/\/taktol.de\/de\/wp-json\/wp\/v2\/product_cat?post=22720"},{"taxonomy":"product_tag","embeddable":true,"href":"https:\/\/taktol.de\/de\/wp-json\/wp\/v2\/product_tag?post=22720"}],"curies":[{"name":"wp","href":"https:\/\/api.w.org\/{rel}","templated":true}]}}