{"id":22700,"date":"2025-04-29T12:00:41","date_gmt":"2025-04-29T12:00:41","guid":{"rendered":"https:\/\/taktol.de\/product\/taktol-shpd-clean-15w-40\/"},"modified":"2025-04-29T12:00:41","modified_gmt":"2025-04-29T12:00:41","slug":"taktol-shpd-clean-15w-40","status":"publish","type":"product","link":"https:\/\/taktol.de\/de\/product\/taktol-shpd-clean-15w-40\/","title":{"rendered":"Taktol SHPD Clean 15W-40"},"content":{"rendered":"<p class=\"\" data-start=\"73\" data-end=\"424\"><strong>Taktol SHPD Clean 15W-40<\/strong> ist ein hochwertiges Mehrbereichsmotor\u00f6l f\u00fcr Dieselmotore in Pkw und Lkw, mit oder ohne Turbolader. Geeignet f\u00fcr den ganzj\u00e4hrigen Einsatz, minimiert es Reibung, Verschlei\u00df und Kraftstoffverbrauch und bietet ausgezeichnete Kaltstarteigenschaften. Es erm\u00f6glicht verl\u00e4ngerte \u00d6lwechselintervalle gem\u00e4\u00df den Herstellervorgaben.  <\/p>\n","protected":false},"excerpt":{"rendered":"<p>Taktol SHPD Clean 15W-40 ist ein hochwertiges Mehrbereichsmotor\u00f6l f\u00fcr Dieselmotore in Pkw und Lkw, mit oder ohne Turbolader. Geeignet f\u00fcr<\/p>\n","protected":false},"featured_media":21602,"template":"","meta":[],"product_brand":[],"product_cat":[420,429],"product_tag":[],"class_list":{"0":"post-22700","1":"product","2":"type-product","3":"status-publish","4":"has-post-thumbnail","6":"product_cat-motorenol","7":"product_cat-truck-linie","8":"pa_acea-acea-e7","9":"pa_api-api-ci-4-sl","10":"pa_application-lkw-bus","11":"pa_application-pkw","12":"pa_specifications-deutz-dqc-iii-10","13":"pa_specifications-dtfr-15b110-228-3","14":"pa_specifications-mack-eo-n","15":"pa_specifications-man-m3275-1","16":"pa_specifications-mtu-type-2","17":"pa_specifications-renault-rld-2","18":"pa_specifications-volvo-vds-3","19":"pa_viscosity-sae-15w-40","21":"first","22":"onbackorder","23":"shipping-taxable","24":"purchasable","25":"product-type-variable"},"_links":{"self":[{"href":"https:\/\/taktol.de\/de\/wp-json\/wp\/v2\/product\/22700","targetHints":{"allow":["GET"]}}],"collection":[{"href":"https:\/\/taktol.de\/de\/wp-json\/wp\/v2\/product"}],"about":[{"href":"https:\/\/taktol.de\/de\/wp-json\/wp\/v2\/types\/product"}],"version-history":[{"count":0,"href":"https:\/\/taktol.de\/de\/wp-json\/wp\/v2\/product\/22700\/revisions"}],"wp:featuredmedia":[{"embeddable":true,"href":"https:\/\/taktol.de\/de\/wp-json\/wp\/v2\/media\/21602"}],"wp:attachment":[{"href":"https:\/\/taktol.de\/de\/wp-json\/wp\/v2\/media?parent=22700"}],"wp:term":[{"taxonomy":"product_brand","embeddable":true,"href":"https:\/\/taktol.de\/de\/wp-json\/wp\/v2\/product_brand?post=22700"},{"taxonomy":"product_cat","embeddable":true,"href":"https:\/\/taktol.de\/de\/wp-json\/wp\/v2\/product_cat?post=22700"},{"taxonomy":"product_tag","embeddable":true,"href":"https:\/\/taktol.de\/de\/wp-json\/wp\/v2\/product_tag?post=22700"}],"curies":[{"name":"wp","href":"https:\/\/api.w.org\/{rel}","templated":true}]}}