{"id":22683,"date":"2025-04-29T11:47:19","date_gmt":"2025-04-29T11:47:19","guid":{"rendered":"https:\/\/taktol.de\/product\/taktol-megatruck-plus-10w-40\/"},"modified":"2025-04-29T13:59:44","modified_gmt":"2025-04-29T13:59:44","slug":"taktol-megatruck-plus-10w-40","status":"publish","type":"product","link":"https:\/\/taktol.de\/de\/product\/taktol-megatruck-plus-10w-40\/","title":{"rendered":"Taktol MegaTruck Plus 10W-40"},"content":{"rendered":"<p><strong>Taktol MegaTruck Plus 10W-40<\/strong> ist ein hochwertiges Motor\u00f6l f\u00fcr Dieselmotoren mit und ohne Turboaufladung in Lkw, Bussen und Maschinen. Es bietet hervorragende Flie\u00dfeigenschaften bei niedrigen Temperaturen, erreicht schnell die kritischen Schmierstellen und reduziert den Verschlei\u00df w\u00e4hrend des Aufw\u00e4rmens. Ausgew\u00e4hlte Inhaltsstoffe sorgen f\u00fcr eine hohe Motorreinigung. Das \u00d6l erm\u00f6glicht verl\u00e4ngerte \u00d6lwechselintervalle und bietet ausgezeichneten Verschlei\u00dfschutz bei niedrigem \u00d6l- und Kraftstoffverbrauch.   <\/p>\n","protected":false},"excerpt":{"rendered":"<p>Taktol MegaTruck Plus 10W-40 ist ein hochwertiges Motor\u00f6l f\u00fcr Dieselmotoren mit und ohne Turboaufladung in Lkw, Bussen und Maschinen. Es<\/p>\n","protected":false},"featured_media":21602,"template":"","meta":[],"product_brand":[],"product_cat":[420,429],"product_tag":[],"class_list":{"0":"post-22683","1":"product","2":"type-product","3":"status-publish","4":"has-post-thumbnail","6":"product_cat-motorenol","7":"product_cat-truck-linie","8":"pa_acea-acea-e-4","9":"pa_acea-acea-e7","10":"pa_api-api-ci-4","11":"pa_application-lkw-bus","12":"pa_ilsac-jaso-dh-1","13":"pa_specifications-cummins-ces-20076","14":"pa_specifications-cummins-ces-20077","15":"pa_specifications-cummins-ces-20078","16":"pa_specifications-daewoo-avia","17":"pa_specifications-daf-hp-1","18":"pa_specifications-daf-hp-2","19":"pa_specifications-ddc-93k215","20":"pa_specifications-deutz-dqc-iii-10","21":"pa_specifications-dtfr-15b120-228-5","22":"pa_specifications-iveco-18-1804-t3-e4","23":"pa_specifications-mack-eo-n","24":"pa_specifications-man-m-3277","25":"pa_specifications-mtu-typ-3","26":"pa_specifications-renault-vi-rld-2","27":"pa_specifications-renault-vi-rxd","28":"pa_specifications-scania-ldf-2","29":"pa_specifications-tatra-tds-40-16","30":"pa_specifications-tedom-258-4","31":"pa_specifications-voith-retarder-b","32":"pa_specifications-volvo-vds-3","33":"pa_specifications-zetor","34":"pa_viscosity-sae-10w-40","36":"first","37":"onbackorder","38":"shipping-taxable","39":"purchasable","40":"product-type-variable"},"_links":{"self":[{"href":"https:\/\/taktol.de\/de\/wp-json\/wp\/v2\/product\/22683","targetHints":{"allow":["GET"]}}],"collection":[{"href":"https:\/\/taktol.de\/de\/wp-json\/wp\/v2\/product"}],"about":[{"href":"https:\/\/taktol.de\/de\/wp-json\/wp\/v2\/types\/product"}],"version-history":[{"count":1,"href":"https:\/\/taktol.de\/de\/wp-json\/wp\/v2\/product\/22683\/revisions"}],"predecessor-version":[{"id":22732,"href":"https:\/\/taktol.de\/de\/wp-json\/wp\/v2\/product\/22683\/revisions\/22732"}],"wp:featuredmedia":[{"embeddable":true,"href":"https:\/\/taktol.de\/de\/wp-json\/wp\/v2\/media\/21602"}],"wp:attachment":[{"href":"https:\/\/taktol.de\/de\/wp-json\/wp\/v2\/media?parent=22683"}],"wp:term":[{"taxonomy":"product_brand","embeddable":true,"href":"https:\/\/taktol.de\/de\/wp-json\/wp\/v2\/product_brand?post=22683"},{"taxonomy":"product_cat","embeddable":true,"href":"https:\/\/taktol.de\/de\/wp-json\/wp\/v2\/product_cat?post=22683"},{"taxonomy":"product_tag","embeddable":true,"href":"https:\/\/taktol.de\/de\/wp-json\/wp\/v2\/product_tag?post=22683"}],"curies":[{"name":"wp","href":"https:\/\/api.w.org\/{rel}","templated":true}]}}