{"id":22666,"date":"2025-04-29T11:25:35","date_gmt":"2025-04-29T11:25:35","guid":{"rendered":"https:\/\/taktol.de\/product\/taktol-turbotruck-leistung-10w-40\/"},"modified":"2025-04-29T14:01:34","modified_gmt":"2025-04-29T14:01:34","slug":"taktol-turbotruck-leistung-10w-40","status":"publish","type":"product","link":"https:\/\/taktol.de\/de\/product\/taktol-turbotruck-leistung-10w-40\/","title":{"rendered":"Taktol TurboTruck Leistung 10W-40"},"content":{"rendered":"<p class=\"\" data-start=\"68\" data-end=\"335\"><strong>Taktol TurboTruck Performance 10W-40<\/strong> ist ein hochwertiges Motor\u00f6l f\u00fcr Lkw mit Low-SAPS-Technologie, das sowohl f\u00fcr \u00e4ltere als auch f\u00fcr neue Motoren geeignet ist. Es verbessert die Motorleistung, Zuverl\u00e4ssigkeit und Sauberkeit und reduziert den Kraftstoffverbrauch sowie den Verschlei\u00df durch Minimierung der Reibung. <\/p>\n","protected":false},"excerpt":{"rendered":"<p>Taktol TurboTruck Performance 10W-40 ist ein hochwertiges Motor\u00f6l f\u00fcr Lkw mit Low-SAPS-Technologie, das sowohl f\u00fcr \u00e4ltere als auch f\u00fcr neue<\/p>\n","protected":false},"featured_media":21602,"template":"","meta":[],"product_brand":[],"product_cat":[420,429],"product_tag":[],"class_list":{"0":"post-22666","1":"product","2":"type-product","3":"status-publish","4":"has-post-thumbnail","6":"product_cat-motorenol","7":"product_cat-truck-linie","8":"pa_acea-acea-e11","9":"pa_acea-acea-e6","10":"pa_acea-acea-e7","11":"pa_acea-acea-e8","12":"pa_acea-acea-e9","13":"pa_api-api-ck-4-sn","14":"pa_application-lkw-bus","15":"pa_ilsac-jaso-dh-2","16":"pa_specifications-caterpillar-ecf-1","17":"pa_specifications-caterpillar-ecf-2","18":"pa_specifications-caterpillar-ecf-3","19":"pa_specifications-cummins-ces-20081","20":"pa_specifications-cummins-ces-20086","21":"pa_specifications-daf-hp-2","22":"pa_specifications-ddc-93k218","23":"pa_specifications-ddc93k222","24":"pa_specifications-deutz-dqc-iv-10-la","25":"pa_specifications-dtfr-15c100-228-31","26":"pa_specifications-dtfr-15c110-228-51","27":"pa_specifications-iveco-18-1804-tls-e9","28":"pa_specifications-mack-eos-4-5","29":"pa_specifications-man-m-3271-1","30":"pa_specifications-man-m-3275","31":"pa_specifications-man-m-3477","32":"pa_specifications-man-m-3575","33":"pa_specifications-mtu-type-3-1","34":"pa_specifications-renault-vi-rld-3","35":"pa_specifications-scania-low-ash","36":"pa_specifications-volvo-vds-4-5","37":"pa_viscosity-sae-10w-40","39":"first","40":"onbackorder","41":"shipping-taxable","42":"purchasable","43":"product-type-variable"},"_links":{"self":[{"href":"https:\/\/taktol.de\/de\/wp-json\/wp\/v2\/product\/22666","targetHints":{"allow":["GET"]}}],"collection":[{"href":"https:\/\/taktol.de\/de\/wp-json\/wp\/v2\/product"}],"about":[{"href":"https:\/\/taktol.de\/de\/wp-json\/wp\/v2\/types\/product"}],"version-history":[{"count":1,"href":"https:\/\/taktol.de\/de\/wp-json\/wp\/v2\/product\/22666\/revisions"}],"predecessor-version":[{"id":22735,"href":"https:\/\/taktol.de\/de\/wp-json\/wp\/v2\/product\/22666\/revisions\/22735"}],"wp:featuredmedia":[{"embeddable":true,"href":"https:\/\/taktol.de\/de\/wp-json\/wp\/v2\/media\/21602"}],"wp:attachment":[{"href":"https:\/\/taktol.de\/de\/wp-json\/wp\/v2\/media?parent=22666"}],"wp:term":[{"taxonomy":"product_brand","embeddable":true,"href":"https:\/\/taktol.de\/de\/wp-json\/wp\/v2\/product_brand?post=22666"},{"taxonomy":"product_cat","embeddable":true,"href":"https:\/\/taktol.de\/de\/wp-json\/wp\/v2\/product_cat?post=22666"},{"taxonomy":"product_tag","embeddable":true,"href":"https:\/\/taktol.de\/de\/wp-json\/wp\/v2\/product_tag?post=22666"}],"curies":[{"name":"wp","href":"https:\/\/api.w.org\/{rel}","templated":true}]}}