{"id":22649,"date":"2025-04-29T10:46:01","date_gmt":"2025-04-29T10:46:01","guid":{"rendered":"https:\/\/taktol.de\/product\/taktol-turbotruck-fe-10w-30\/"},"modified":"2025-04-29T10:46:01","modified_gmt":"2025-04-29T10:46:01","slug":"taktol-turbotruck-fe-10w-30","status":"publish","type":"product","link":"https:\/\/taktol.de\/de\/product\/taktol-turbotruck-fe-10w-30\/","title":{"rendered":"Taktol TurboTruck FE 10W-30"},"content":{"rendered":"<p><strong>Taktol TurboTruck FE 10W-30<\/strong> ist ein hochwertiges Motor\u00f6l f\u00fcr Lkw-Motoren, das mit Mid-SAPS-Technologie formuliert ist und sowohl f\u00fcr neue als auch \u00e4ltere Motoren geeignet ist. Es verbessert die Leistung, Zuverl\u00e4ssigkeit und Sauberkeit des Motors, w\u00e4hrend es den Kraftstoffverbrauch, Reibung und Verschlei\u00df reduziert. <\/p>\n","protected":false},"excerpt":{"rendered":"<p>Taktol TurboTruck FE 10W-30 ist ein hochwertiges Motor\u00f6l f\u00fcr Lkw-Motoren, das mit Mid-SAPS-Technologie formuliert ist und sowohl f\u00fcr neue als<\/p>\n","protected":false},"featured_media":21602,"template":"","meta":[],"product_brand":[],"product_cat":[420,429],"product_tag":[],"class_list":{"0":"post-22649","1":"product","2":"type-product","3":"status-publish","4":"has-post-thumbnail","6":"product_cat-motorenol","7":"product_cat-truck-linie","8":"pa_acea-acea-e11","9":"pa_acea-acea-e6","10":"pa_acea-acea-e7","11":"pa_acea-acea-e8","12":"pa_acea-acea-e9","13":"pa_api-api-ck-4-sn","14":"pa_application-lkw-bus","15":"pa_specifications-caterpillar-ecf-1","16":"pa_specifications-caterpillar-ecf-2","17":"pa_specifications-caterpillar-ecf-3","18":"pa_specifications-cummins-ces-20081","19":"pa_specifications-cummins-ces-20086","20":"pa_specifications-ddc-93k218","21":"pa_specifications-ddc93k222","22":"pa_specifications-deutz-dqc-iv-10-la","23":"pa_specifications-dtfr-15c100-228-31","24":"pa_specifications-dtfr-15c110-228-51","25":"pa_specifications-mack-eos-4-5","26":"pa_specifications-man-m-3275","27":"pa_specifications-man-m-3477","28":"pa_specifications-man-m-3575","29":"pa_specifications-mtu-type-3-1","30":"pa_specifications-renault-vi-rld-4","31":"pa_specifications-volvo-vds-4","32":"pa_specifications-volvo-vds-4-5","33":"pa_viscosity-sae-10w-30","35":"first","36":"onbackorder","37":"shipping-taxable","38":"purchasable","39":"product-type-variable"},"_links":{"self":[{"href":"https:\/\/taktol.de\/de\/wp-json\/wp\/v2\/product\/22649","targetHints":{"allow":["GET"]}}],"collection":[{"href":"https:\/\/taktol.de\/de\/wp-json\/wp\/v2\/product"}],"about":[{"href":"https:\/\/taktol.de\/de\/wp-json\/wp\/v2\/types\/product"}],"version-history":[{"count":0,"href":"https:\/\/taktol.de\/de\/wp-json\/wp\/v2\/product\/22649\/revisions"}],"wp:featuredmedia":[{"embeddable":true,"href":"https:\/\/taktol.de\/de\/wp-json\/wp\/v2\/media\/21602"}],"wp:attachment":[{"href":"https:\/\/taktol.de\/de\/wp-json\/wp\/v2\/media?parent=22649"}],"wp:term":[{"taxonomy":"product_brand","embeddable":true,"href":"https:\/\/taktol.de\/de\/wp-json\/wp\/v2\/product_brand?post=22649"},{"taxonomy":"product_cat","embeddable":true,"href":"https:\/\/taktol.de\/de\/wp-json\/wp\/v2\/product_cat?post=22649"},{"taxonomy":"product_tag","embeddable":true,"href":"https:\/\/taktol.de\/de\/wp-json\/wp\/v2\/product_tag?post=22649"}],"curies":[{"name":"wp","href":"https:\/\/api.w.org\/{rel}","templated":true}]}}