{"id":22632,"date":"2025-04-29T10:28:54","date_gmt":"2025-04-29T10:28:54","guid":{"rendered":"https:\/\/taktol.de\/product\/taktol-speccargo-ls-plus-5w-30\/"},"modified":"2025-04-29T14:02:37","modified_gmt":"2025-04-29T14:02:37","slug":"taktol-speccargo-ls-plus-5w-30","status":"publish","type":"product","link":"https:\/\/taktol.de\/de\/product\/taktol-speccargo-ls-plus-5w-30\/","title":{"rendered":"Taktol SpecCargo LS Plus 5W-30"},"content":{"rendered":"<p> <strong> Taktol SpecCargo LS Plus 5W-30<\/strong> ist ein vollsynthetisches, kraftstoffsparendes Low-SAPS-Motor\u00f6l auf Basis hochwertiger Grund\u00f6le und Additive. Entwickelt f\u00fcr Dieselmotoren unter extremen Belastungen und Temperaturen, geeignet f\u00fcr EURO IV, V und VI, mit oder ohne Partikelfilter oder Katalysator. Sorgt f\u00fcr eine schnelle Schmierung beim Kaltstart und bietet zuverl\u00e4ssigen Schutz vor Reibung und Verschlei\u00df bei hohen Temperaturen.  <\/p>\n","protected":false},"excerpt":{"rendered":"<p>Taktol SpecCargo LS Plus 5W-30 ist ein vollsynthetisches, kraftstoffsparendes Low-SAPS-Motor\u00f6l auf Basis hochwertiger Grund\u00f6le und Additive. Entwickelt f\u00fcr Dieselmotoren unter<\/p>\n","protected":false},"featured_media":21602,"template":"","meta":[],"product_brand":[],"product_cat":[420,429],"product_tag":[],"class_list":{"0":"post-22632","1":"product","2":"type-product","3":"status-publish","4":"has-post-thumbnail","6":"product_cat-motorenol","7":"product_cat-truck-linie","8":"pa_acea-acea-e11","9":"pa_acea-acea-e6","10":"pa_acea-acea-e7","11":"pa_acea-acea-e8","12":"pa_acea-acea-e9","13":"pa_api-api-ck-4-sn","14":"pa_application-lkw-bus","15":"pa_ilsac-jaso-dh-2","16":"pa_specifications-caterpillar-ecf-3","17":"pa_specifications-cummins-ces-20081","18":"pa_specifications-cummins-ces-20086","19":"pa_specifications-daf-extended-drain","20":"pa_specifications-ddc-93k218","21":"pa_specifications-ddc93k222","22":"pa_specifications-deutz-dqc-iv-10-la","23":"pa_specifications-deutz-dqc-iv-18-la","24":"pa_specifications-dtfr-15c100-228-31","25":"pa_specifications-dtfr-15c110-228-51","26":"pa_specifications-ford-wss-m2c213-a1","27":"pa_specifications-mack-eos-4-5","28":"pa_specifications-man-m-3271-1","29":"pa_specifications-man-m-3277","30":"pa_specifications-man-m-3477","31":"pa_specifications-man-m-3677","32":"pa_specifications-mb-226-9","33":"pa_specifications-mtu-type-3-1","34":"pa_specifications-renault-rld-3","35":"pa_specifications-scania-ldf-4","36":"pa_specifications-voith-retarder-b","37":"pa_specifications-volvo-vds-4-5","38":"pa_viscosity-sae-5w-30","40":"first","41":"onbackorder","42":"shipping-taxable","43":"purchasable","44":"product-type-variable"},"_links":{"self":[{"href":"https:\/\/taktol.de\/de\/wp-json\/wp\/v2\/product\/22632","targetHints":{"allow":["GET"]}}],"collection":[{"href":"https:\/\/taktol.de\/de\/wp-json\/wp\/v2\/product"}],"about":[{"href":"https:\/\/taktol.de\/de\/wp-json\/wp\/v2\/types\/product"}],"version-history":[{"count":1,"href":"https:\/\/taktol.de\/de\/wp-json\/wp\/v2\/product\/22632\/revisions"}],"predecessor-version":[{"id":22738,"href":"https:\/\/taktol.de\/de\/wp-json\/wp\/v2\/product\/22632\/revisions\/22738"}],"wp:featuredmedia":[{"embeddable":true,"href":"https:\/\/taktol.de\/de\/wp-json\/wp\/v2\/media\/21602"}],"wp:attachment":[{"href":"https:\/\/taktol.de\/de\/wp-json\/wp\/v2\/media?parent=22632"}],"wp:term":[{"taxonomy":"product_brand","embeddable":true,"href":"https:\/\/taktol.de\/de\/wp-json\/wp\/v2\/product_brand?post=22632"},{"taxonomy":"product_cat","embeddable":true,"href":"https:\/\/taktol.de\/de\/wp-json\/wp\/v2\/product_cat?post=22632"},{"taxonomy":"product_tag","embeddable":true,"href":"https:\/\/taktol.de\/de\/wp-json\/wp\/v2\/product_tag?post=22632"}],"curies":[{"name":"wp","href":"https:\/\/api.w.org\/{rel}","templated":true}]}}