{"id":22607,"date":"2025-04-28T13:36:38","date_gmt":"2025-04-28T13:36:38","guid":{"rendered":"https:\/\/taktol.de\/product\/taktol-m-turbo-20w-50\/"},"modified":"2025-04-28T13:36:38","modified_gmt":"2025-04-28T13:36:38","slug":"taktol-m-turbo-20w-50","status":"publish","type":"product","link":"https:\/\/taktol.de\/de\/product\/taktol-m-turbo-20w-50\/","title":{"rendered":"Taktol M-Turbo 20W-50"},"content":{"rendered":"<p><strong>Taktol M-Turbo 20W-50 <\/strong>ist ein Hochleistungs-Motoren\u00f6l f\u00fcr Benzin- und Diesel-PKW-Motoren, mit oder ohne Turboaufladung, sowie f\u00fcr Nutzfahrzeugmotoren. Es unterst\u00fctzt verl\u00e4ngerte \u00d6lwechselintervalle gem\u00e4\u00df den Spezifikationen des Herstellers. Das \u00d6l bietet hervorragende Kaltstarteigenschaften und minimiert effektiv den Kraftstoffverbrauch, die Reibung und den Verschlei\u00df. Es wurde f\u00fcr anspruchsvolle Bedingungen entwickelt und gew\u00e4hrleistet zuverl\u00e4ssigen Motorschutz und Langlebigkeit.   <\/p>\n","protected":false},"excerpt":{"rendered":"<p>Taktol M-Turbo 20W-50 ist ein Hochleistungs-Motoren\u00f6l f\u00fcr Benzin- und Diesel-PKW-Motoren, mit oder ohne Turboaufladung, sowie f\u00fcr Nutzfahrzeugmotoren. Es unterst\u00fctzt verl\u00e4ngerte<\/p>\n","protected":false},"featured_media":21602,"template":"","meta":[],"product_brand":[],"product_cat":[420,429],"product_tag":[],"class_list":{"0":"post-22607","1":"product","2":"type-product","3":"status-publish","4":"has-post-thumbnail","6":"product_cat-motorenol","7":"product_cat-truck-linie","8":"pa_acea-acea-a3-b4","9":"pa_acea-acea-e2","10":"pa_api-api-ch-4","11":"pa_api-api-sl-cf","12":"pa_application-lkw-bus","13":"pa_application-pkw","14":"pa_specifications-cummins-ces-20071","15":"pa_specifications-deutz-dqc-ii-10","16":"pa_specifications-mack-eo-m","17":"pa_specifications-man-271","18":"pa_specifications-mb-228-1","19":"pa_specifications-mb-229-1","20":"pa_specifications-mtu-type-1","21":"pa_specifications-volvo-vds","22":"pa_specifications-vw-501-01-505-00","23":"pa_viscosity-sae-20w-50","25":"first","26":"onbackorder","27":"shipping-taxable","28":"purchasable","29":"product-type-variable"},"_links":{"self":[{"href":"https:\/\/taktol.de\/de\/wp-json\/wp\/v2\/product\/22607","targetHints":{"allow":["GET"]}}],"collection":[{"href":"https:\/\/taktol.de\/de\/wp-json\/wp\/v2\/product"}],"about":[{"href":"https:\/\/taktol.de\/de\/wp-json\/wp\/v2\/types\/product"}],"version-history":[{"count":0,"href":"https:\/\/taktol.de\/de\/wp-json\/wp\/v2\/product\/22607\/revisions"}],"wp:featuredmedia":[{"embeddable":true,"href":"https:\/\/taktol.de\/de\/wp-json\/wp\/v2\/media\/21602"}],"wp:attachment":[{"href":"https:\/\/taktol.de\/de\/wp-json\/wp\/v2\/media?parent=22607"}],"wp:term":[{"taxonomy":"product_brand","embeddable":true,"href":"https:\/\/taktol.de\/de\/wp-json\/wp\/v2\/product_brand?post=22607"},{"taxonomy":"product_cat","embeddable":true,"href":"https:\/\/taktol.de\/de\/wp-json\/wp\/v2\/product_cat?post=22607"},{"taxonomy":"product_tag","embeddable":true,"href":"https:\/\/taktol.de\/de\/wp-json\/wp\/v2\/product_tag?post=22607"}],"curies":[{"name":"wp","href":"https:\/\/api.w.org\/{rel}","templated":true}]}}