{"id":22592,"date":"2025-04-28T13:54:16","date_gmt":"2025-04-28T13:54:16","guid":{"rendered":"https:\/\/taktol.de\/product\/taktol-sm-turbo-20w-50\/"},"modified":"2025-04-28T13:54:16","modified_gmt":"2025-04-28T13:54:16","slug":"taktol-sm-turbo-20w-50","status":"publish","type":"product","link":"https:\/\/taktol.de\/de\/product\/taktol-sm-turbo-20w-50\/","title":{"rendered":"Taktol SM-Turbo 20W-50"},"content":{"rendered":"<p class=\"\" data-start=\"432\" data-end=\"901\"><strong>Taktol SM-Turbo 20W-50<\/strong> ist ein teilsynthetisches Motor\u00f6l f\u00fcr Benzin- und Dieselmotoren mit oder ohne Turboaufladung sowie f\u00fcr Nutzfahrzeugmotoren. Es erm\u00f6glicht verl\u00e4ngerte \u00d6lwechselintervalle gem\u00e4\u00df den Empfehlungen des Herstellers. Das \u00d6l zeichnet sich durch ausgezeichnete Kaltstarteigenschaften aus und reduziert effektiv den Kraftstoffverbrauch, Reibung und Verschlei\u00df. Es gew\u00e4hrleistet zuverl\u00e4ssigen und langlebigen Motorschutz unter anspruchsvollen Bedingungen.   <\/p>\n","protected":false},"excerpt":{"rendered":"<p>Taktol SM-Turbo 20W-50 ist ein teilsynthetisches Motor\u00f6l f\u00fcr Benzin- und Dieselmotoren mit oder ohne Turboaufladung sowie f\u00fcr Nutzfahrzeugmotoren. Es erm\u00f6glicht<\/p>\n","protected":false},"featured_media":21602,"template":"","meta":[],"product_brand":[],"product_cat":[420,429],"product_tag":[],"class_list":{"0":"post-22592","1":"product","2":"type-product","3":"status-publish","4":"has-post-thumbnail","6":"product_cat-motorenol","7":"product_cat-truck-linie","8":"pa_acea-acea-a3-b4","9":"pa_acea-acea-e2","10":"pa_api-api-sl-cf","11":"pa_application-lkw-bus","12":"pa_application-pkw","13":"pa_specifications-man-271","14":"pa_specifications-mb-228-1","15":"pa_specifications-mb-229-1","16":"pa_specifications-mtu","17":"pa_specifications-volvo-vds","18":"pa_specifications-vw-505-00","19":"pa_viscosity-sae-20w-50","21":"first","22":"onbackorder","23":"shipping-taxable","24":"purchasable","25":"product-type-variable"},"_links":{"self":[{"href":"https:\/\/taktol.de\/de\/wp-json\/wp\/v2\/product\/22592","targetHints":{"allow":["GET"]}}],"collection":[{"href":"https:\/\/taktol.de\/de\/wp-json\/wp\/v2\/product"}],"about":[{"href":"https:\/\/taktol.de\/de\/wp-json\/wp\/v2\/types\/product"}],"version-history":[{"count":0,"href":"https:\/\/taktol.de\/de\/wp-json\/wp\/v2\/product\/22592\/revisions"}],"wp:featuredmedia":[{"embeddable":true,"href":"https:\/\/taktol.de\/de\/wp-json\/wp\/v2\/media\/21602"}],"wp:attachment":[{"href":"https:\/\/taktol.de\/de\/wp-json\/wp\/v2\/media?parent=22592"}],"wp:term":[{"taxonomy":"product_brand","embeddable":true,"href":"https:\/\/taktol.de\/de\/wp-json\/wp\/v2\/product_brand?post=22592"},{"taxonomy":"product_cat","embeddable":true,"href":"https:\/\/taktol.de\/de\/wp-json\/wp\/v2\/product_cat?post=22592"},{"taxonomy":"product_tag","embeddable":true,"href":"https:\/\/taktol.de\/de\/wp-json\/wp\/v2\/product_tag?post=22592"}],"curies":[{"name":"wp","href":"https:\/\/api.w.org\/{rel}","templated":true}]}}