{"id":22562,"date":"2025-04-28T13:19:30","date_gmt":"2025-04-28T13:19:30","guid":{"rendered":"https:\/\/taktol.de\/product\/taktol-mixfleet-15w-40\/"},"modified":"2025-04-28T13:19:30","modified_gmt":"2025-04-28T13:19:30","slug":"taktol-mixfleet-15w-40","status":"publish","type":"product","link":"https:\/\/taktol.de\/de\/product\/taktol-mixfleet-15w-40\/","title":{"rendered":"Taktol MixFleet 15W-40"},"content":{"rendered":"<p class=\"\" data-start=\"98\" data-end=\"496\"><strong>Taktol MixFleet 15W-40<\/strong> ist ein hochwertiges Motor\u00f6l, das f\u00fcr Dieselaggregate in Pkw und Lkw aller Marken mit oder ohne Turboaufladung entwickelt wurde. Es eignet sich f\u00fcr den ganzj\u00e4hrigen Einsatz in allen Motoren. Das \u00d6l minimiert Reibung, Verschlei\u00df und Kraftstoffverbrauch und bietet ausgezeichnete Kaltstarteigenschaften. Es unterst\u00fctzt zudem verl\u00e4ngerte \u00d6lwechselintervalle gem\u00e4\u00df den Empfehlungen des Herstellers.   <\/p>\n","protected":false},"excerpt":{"rendered":"<p>Taktol MixFleet 15W-40 ist ein hochwertiges Motor\u00f6l, das f\u00fcr Dieselaggregate in Pkw und Lkw aller Marken mit oder ohne Turboaufladung<\/p>\n","protected":false},"featured_media":21602,"template":"","meta":[],"product_brand":[],"product_cat":[420,429],"product_tag":[],"class_list":{"0":"post-22562","1":"product","2":"type-product","3":"status-publish","4":"has-post-thumbnail","6":"product_cat-motorenol","7":"product_cat-truck-linie","8":"pa_acea-acea-a3-b4","9":"pa_acea-acea-e3","10":"pa_acea-acea-e5","11":"pa_acea-acea-e7","12":"pa_api-api-ci-4-sl","13":"pa_application-lkw-bus","14":"pa_application-pkw","15":"pa_specifications-allison-c-4","16":"pa_specifications-caterpillar-ecf-1a","17":"pa_specifications-caterpillar-ecf-2","18":"pa_specifications-caterpillar-to-2","19":"pa_specifications-cummins-ces-20071","20":"pa_specifications-cummins-ces-20072","21":"pa_specifications-cummins-ces-20076","22":"pa_specifications-cummins-ces-20077","23":"pa_specifications-cummins-ces-20078","24":"pa_specifications-ddc-93k215","25":"pa_specifications-deutz-dqc-iii-18","26":"pa_specifications-dtfr-15b110-228-3","27":"pa_specifications-global-dhd-1","28":"pa_specifications-iveco-18-1804-t2-e7","29":"pa_specifications-jaso-dh-1","30":"pa_specifications-mack-eo-n","31":"pa_specifications-man-m-3275-1","32":"pa_specifications-mb-228-1","33":"pa_specifications-mb-229-1","34":"pa_specifications-mtu-type-2","35":"pa_specifications-renault-vi-rld-2","36":"pa_specifications-volvo-vds-3","37":"pa_viscosity-sae-15w-40","39":"first","40":"onbackorder","41":"shipping-taxable","42":"purchasable","43":"product-type-variable"},"_links":{"self":[{"href":"https:\/\/taktol.de\/de\/wp-json\/wp\/v2\/product\/22562","targetHints":{"allow":["GET"]}}],"collection":[{"href":"https:\/\/taktol.de\/de\/wp-json\/wp\/v2\/product"}],"about":[{"href":"https:\/\/taktol.de\/de\/wp-json\/wp\/v2\/types\/product"}],"version-history":[{"count":0,"href":"https:\/\/taktol.de\/de\/wp-json\/wp\/v2\/product\/22562\/revisions"}],"wp:featuredmedia":[{"embeddable":true,"href":"https:\/\/taktol.de\/de\/wp-json\/wp\/v2\/media\/21602"}],"wp:attachment":[{"href":"https:\/\/taktol.de\/de\/wp-json\/wp\/v2\/media?parent=22562"}],"wp:term":[{"taxonomy":"product_brand","embeddable":true,"href":"https:\/\/taktol.de\/de\/wp-json\/wp\/v2\/product_brand?post=22562"},{"taxonomy":"product_cat","embeddable":true,"href":"https:\/\/taktol.de\/de\/wp-json\/wp\/v2\/product_cat?post=22562"},{"taxonomy":"product_tag","embeddable":true,"href":"https:\/\/taktol.de\/de\/wp-json\/wp\/v2\/product_tag?post=22562"}],"curies":[{"name":"wp","href":"https:\/\/api.w.org\/{rel}","templated":true}]}}