{"id":22535,"date":"2025-04-28T12:44:36","date_gmt":"2025-04-28T12:44:36","guid":{"rendered":"https:\/\/taktol.de\/product\/taktol-praktik-sl-15w-40\/"},"modified":"2025-04-28T12:44:36","modified_gmt":"2025-04-28T12:44:36","slug":"taktol-praktik-sl-15w-40","status":"publish","type":"product","link":"https:\/\/taktol.de\/de\/product\/taktol-praktik-sl-15w-40\/","title":{"rendered":"Taktol Praktik SL 15W-40"},"content":{"rendered":"<p><strong>Taktol Praktik SL 15W-40<\/strong> ist ein teilsynthetisches Hochleistungs-Motor\u00f6l f\u00fcr Vergaser- und Dieselmotoren mit oder ohne Turboaufladung und Direkteinspritzung. Es gew\u00e4hrleistet ausgezeichnete Kaltstarteigenschaften und minimiert Kraftstoffverbrauch, Reibung und Verschlei\u00df. Es erm\u00f6glicht verl\u00e4ngerte \u00d6lwechselintervalle gem\u00e4\u00df den Anweisungen des Herstellers und bietet zuverl\u00e4ssige und leistungsstarke Performance.  <\/p>\n","protected":false},"excerpt":{"rendered":"<p>Taktol Praktik SL 15W-40 ist ein teilsynthetisches Hochleistungs-Motor\u00f6l f\u00fcr Vergaser- und Dieselmotoren mit oder ohne Turboaufladung und Direkteinspritzung. Es gew\u00e4hrleistet<\/p>\n","protected":false},"featured_media":21602,"template":"","meta":[],"product_brand":[],"product_cat":[420,426],"product_tag":[],"class_list":{"0":"post-22535","1":"product","2":"type-product","3":"status-publish","4":"has-post-thumbnail","6":"product_cat-motorenol","7":"product_cat-praktik-linie","8":"pa_acea-acea-a3-b4","9":"pa_api-api-sl-cf","10":"pa_application-pkw","11":"pa_specifications-fiat-9-55535-d2","12":"pa_specifications-fiat-9-55535-g2","13":"pa_specifications-mb-229-1","14":"pa_specifications-vw-501-01-505-00","15":"pa_viscosity-sae-15w-40","17":"first","18":"onbackorder","19":"shipping-taxable","20":"purchasable","21":"product-type-variable"},"_links":{"self":[{"href":"https:\/\/taktol.de\/de\/wp-json\/wp\/v2\/product\/22535","targetHints":{"allow":["GET"]}}],"collection":[{"href":"https:\/\/taktol.de\/de\/wp-json\/wp\/v2\/product"}],"about":[{"href":"https:\/\/taktol.de\/de\/wp-json\/wp\/v2\/types\/product"}],"version-history":[{"count":0,"href":"https:\/\/taktol.de\/de\/wp-json\/wp\/v2\/product\/22535\/revisions"}],"wp:featuredmedia":[{"embeddable":true,"href":"https:\/\/taktol.de\/de\/wp-json\/wp\/v2\/media\/21602"}],"wp:attachment":[{"href":"https:\/\/taktol.de\/de\/wp-json\/wp\/v2\/media?parent=22535"}],"wp:term":[{"taxonomy":"product_brand","embeddable":true,"href":"https:\/\/taktol.de\/de\/wp-json\/wp\/v2\/product_brand?post=22535"},{"taxonomy":"product_cat","embeddable":true,"href":"https:\/\/taktol.de\/de\/wp-json\/wp\/v2\/product_cat?post=22535"},{"taxonomy":"product_tag","embeddable":true,"href":"https:\/\/taktol.de\/de\/wp-json\/wp\/v2\/product_tag?post=22535"}],"curies":[{"name":"wp","href":"https:\/\/api.w.org\/{rel}","templated":true}]}}