{"id":22510,"date":"2025-04-28T12:34:06","date_gmt":"2025-04-28T12:34:06","guid":{"rendered":"https:\/\/taktol.de\/product\/taktol-expert-universal-10w-30\/"},"modified":"2025-04-28T12:34:06","modified_gmt":"2025-04-28T12:34:06","slug":"taktol-expert-universal-10w-30","status":"publish","type":"product","link":"https:\/\/taktol.de\/de\/product\/taktol-expert-universal-10w-30\/","title":{"rendered":"Taktol Expert Universal 10W-30"},"content":{"rendered":"<p><strong>Taktol Expert Universal 10W-30<\/strong> ist ein synthetisches Hochleistungs-Motor\u00f6l f\u00fcr Benzin- und Dieselmotoren mit oder ohne Turboaufladung und Direkteinspritzung. Es bietet ausgezeichnete Kaltstarteigenschaften und minimiert Kraftstoffverbrauch, Reibung und Verschlei\u00df. Das \u00d6l erm\u00f6glicht verl\u00e4ngerte \u00d6lwechselintervalle gem\u00e4\u00df den Empfehlungen des Herstellers.  <\/p>\n","protected":false},"excerpt":{"rendered":"<p>Taktol Expert Universal 10W-30 ist ein synthetisches Hochleistungs-Motor\u00f6l f\u00fcr Benzin- und Dieselmotoren mit oder ohne Turboaufladung und Direkteinspritzung. Es bietet<\/p>\n","protected":false},"featured_media":21602,"template":"","meta":[],"product_brand":[],"product_cat":[423,420],"product_tag":[],"class_list":{"0":"post-22510","1":"product","2":"type-product","3":"status-publish","4":"has-post-thumbnail","6":"product_cat-expert-linie","7":"product_cat-motorenol","8":"pa_acea-acea-a3-b4","9":"pa_api-api-sn-cf","10":"pa_application-pkw","11":"pa_specifications-mb-229-1","12":"pa_viscosity-sae-10w-30","14":"first","15":"onbackorder","16":"shipping-taxable","17":"purchasable","18":"product-type-variable"},"_links":{"self":[{"href":"https:\/\/taktol.de\/de\/wp-json\/wp\/v2\/product\/22510","targetHints":{"allow":["GET"]}}],"collection":[{"href":"https:\/\/taktol.de\/de\/wp-json\/wp\/v2\/product"}],"about":[{"href":"https:\/\/taktol.de\/de\/wp-json\/wp\/v2\/types\/product"}],"version-history":[{"count":0,"href":"https:\/\/taktol.de\/de\/wp-json\/wp\/v2\/product\/22510\/revisions"}],"wp:featuredmedia":[{"embeddable":true,"href":"https:\/\/taktol.de\/de\/wp-json\/wp\/v2\/media\/21602"}],"wp:attachment":[{"href":"https:\/\/taktol.de\/de\/wp-json\/wp\/v2\/media?parent=22510"}],"wp:term":[{"taxonomy":"product_brand","embeddable":true,"href":"https:\/\/taktol.de\/de\/wp-json\/wp\/v2\/product_brand?post=22510"},{"taxonomy":"product_cat","embeddable":true,"href":"https:\/\/taktol.de\/de\/wp-json\/wp\/v2\/product_cat?post=22510"},{"taxonomy":"product_tag","embeddable":true,"href":"https:\/\/taktol.de\/de\/wp-json\/wp\/v2\/product_tag?post=22510"}],"curies":[{"name":"wp","href":"https:\/\/api.w.org\/{rel}","templated":true}]}}