{"id":22482,"date":"2025-04-28T11:56:24","date_gmt":"2025-04-28T11:56:24","guid":{"rendered":"https:\/\/taktol.de\/product\/taktol-praktik-sn-10w-40\/"},"modified":"2025-04-28T11:56:24","modified_gmt":"2025-04-28T11:56:24","slug":"taktol-praktik-sn-10w-40","status":"publish","type":"product","link":"https:\/\/taktol.de\/de\/product\/taktol-praktik-sn-10w-40\/","title":{"rendered":"Taktol Praktik SN 10W-40"},"content":{"rendered":"<p><strong>Taktol Praktik SN 10W-40<\/strong> ist ein teilsynthetisches Motor\u00f6l f\u00fcr Motoren mit oder ohne Turboaufladung und Direkteinspritzung. Es verbessert das Startverhalten bei K\u00e4lte, senkt Kraftstoffverbrauch, Reibung und Verschlei\u00df und erm\u00f6glicht verl\u00e4ngerte \u00d6lwechselintervalle gem\u00e4\u00df Herstellervorgaben. <\/p>\n","protected":false},"excerpt":{"rendered":"<p>Taktol Praktik SN 10W-40 ist ein teilsynthetisches Motor\u00f6l f\u00fcr Motoren mit oder ohne Turboaufladung und Direkteinspritzung. Es verbessert das Startverhalten<\/p>\n","protected":false},"featured_media":21602,"template":"","meta":[],"product_brand":[],"product_cat":[420,426],"product_tag":[],"class_list":{"0":"post-22482","1":"product","2":"type-product","3":"status-publish","4":"has-post-thumbnail","6":"product_cat-motorenol","7":"product_cat-praktik-linie","8":"pa_api-api-sn-cf","9":"pa_application-pkw","10":"pa_viscosity-sae-10w-40","12":"first","13":"onbackorder","14":"shipping-taxable","15":"purchasable","16":"product-type-variable"},"_links":{"self":[{"href":"https:\/\/taktol.de\/de\/wp-json\/wp\/v2\/product\/22482","targetHints":{"allow":["GET"]}}],"collection":[{"href":"https:\/\/taktol.de\/de\/wp-json\/wp\/v2\/product"}],"about":[{"href":"https:\/\/taktol.de\/de\/wp-json\/wp\/v2\/types\/product"}],"version-history":[{"count":0,"href":"https:\/\/taktol.de\/de\/wp-json\/wp\/v2\/product\/22482\/revisions"}],"wp:featuredmedia":[{"embeddable":true,"href":"https:\/\/taktol.de\/de\/wp-json\/wp\/v2\/media\/21602"}],"wp:attachment":[{"href":"https:\/\/taktol.de\/de\/wp-json\/wp\/v2\/media?parent=22482"}],"wp:term":[{"taxonomy":"product_brand","embeddable":true,"href":"https:\/\/taktol.de\/de\/wp-json\/wp\/v2\/product_brand?post=22482"},{"taxonomy":"product_cat","embeddable":true,"href":"https:\/\/taktol.de\/de\/wp-json\/wp\/v2\/product_cat?post=22482"},{"taxonomy":"product_tag","embeddable":true,"href":"https:\/\/taktol.de\/de\/wp-json\/wp\/v2\/product_tag?post=22482"}],"curies":[{"name":"wp","href":"https:\/\/api.w.org\/{rel}","templated":true}]}}