{"id":22448,"date":"2025-04-27T15:12:29","date_gmt":"2025-04-27T15:12:29","guid":{"rendered":"https:\/\/taktol.de\/product\/taktol-expert-hcs-10w-40\/"},"modified":"2025-04-27T15:12:29","modified_gmt":"2025-04-27T15:12:29","slug":"taktol-expert-hcs-10w-40","status":"publish","type":"product","link":"https:\/\/taktol.de\/de\/product\/taktol-expert-hcs-10w-40\/","title":{"rendered":"Taktol Expert HCS 10W-40"},"content":{"rendered":"<p><strong>Taktol Expert HCS 10W-40<\/strong> ist ein halbsynthetisches Motoren\u00f6l f\u00fcr Benzin- und Dieselmotoren mit oder ohne Turboaufladung und Direkteinspritzung. Es sorgt f\u00fcr eine zuverl\u00e4ssige Schmierung unter verschiedenen Betriebsbedingungen, unterst\u00fctzt verl\u00e4ngerte \u00d6lwechselintervalle gem\u00e4\u00df den Herstellerangaben, gew\u00e4hrleistet eine gute Kaltstartleistung und reduziert Kraftstoffverbrauch, Reibung und Verschlei\u00df. <\/p>\n","protected":false},"excerpt":{"rendered":"<p>Taktol Expert HCS 10W-40 ist ein halbsynthetisches Motoren\u00f6l f\u00fcr Benzin- und Dieselmotoren mit oder ohne Turboaufladung und Direkteinspritzung. Es sorgt<\/p>\n","protected":false},"featured_media":21602,"template":"","meta":[],"product_brand":[],"product_cat":[423,420],"product_tag":[],"class_list":{"0":"post-22448","1":"product","2":"type-product","3":"status-publish","4":"has-post-thumbnail","6":"product_cat-expert-linie","7":"product_cat-motorenol","8":"pa_acea-acea-a3-b4","9":"pa_api-api-sm-cf","10":"pa_application-pkw","11":"pa_specifications-bmw-special-oil","12":"pa_specifications-fiat-9-55535-d2","13":"pa_specifications-fiat-9-55535-g2","14":"pa_specifications-mb-229-1","15":"pa_specifications-psa-b71-2294","16":"pa_specifications-vw-501-01-505-00","17":"pa_viscosity-sae-10w-40","19":"first","20":"onbackorder","21":"shipping-taxable","22":"purchasable","23":"product-type-variable"},"_links":{"self":[{"href":"https:\/\/taktol.de\/de\/wp-json\/wp\/v2\/product\/22448","targetHints":{"allow":["GET"]}}],"collection":[{"href":"https:\/\/taktol.de\/de\/wp-json\/wp\/v2\/product"}],"about":[{"href":"https:\/\/taktol.de\/de\/wp-json\/wp\/v2\/types\/product"}],"version-history":[{"count":0,"href":"https:\/\/taktol.de\/de\/wp-json\/wp\/v2\/product\/22448\/revisions"}],"wp:featuredmedia":[{"embeddable":true,"href":"https:\/\/taktol.de\/de\/wp-json\/wp\/v2\/media\/21602"}],"wp:attachment":[{"href":"https:\/\/taktol.de\/de\/wp-json\/wp\/v2\/media?parent=22448"}],"wp:term":[{"taxonomy":"product_brand","embeddable":true,"href":"https:\/\/taktol.de\/de\/wp-json\/wp\/v2\/product_brand?post=22448"},{"taxonomy":"product_cat","embeddable":true,"href":"https:\/\/taktol.de\/de\/wp-json\/wp\/v2\/product_cat?post=22448"},{"taxonomy":"product_tag","embeddable":true,"href":"https:\/\/taktol.de\/de\/wp-json\/wp\/v2\/product_tag?post=22448"}],"curies":[{"name":"wp","href":"https:\/\/api.w.org\/{rel}","templated":true}]}}